{"id":12286,"date":"2025-09-02T09:53:07","date_gmt":"2025-09-02T07:53:07","guid":{"rendered":"https:\/\/antcube.shop\/en\/product\/antcube-korknest-30x30-liegend\/"},"modified":"2026-04-22T11:31:59","modified_gmt":"2026-04-22T09:31:59","slug":"antcube-corknest-30x30-lezici","status":"publish","type":"product","link":"https:\/\/antcube.shop\/cs\/produkt\/antcube-corknest-30x30-lezici\/","title":{"rendered":"ANTCUBE - Corknest 30\u00d730 - le\u017e\u00edc\u00ed"},"content":{"rendered":"<p><strong>Rozm\u011bry:<\/strong> 280x280x28mm<\/p>\n<p><strong>Materi\u00e1l:<\/strong> Korek (jemn\u00fd)<\/p>\n<p><strong>Pou\u017eit\u00ed:<\/strong><br \/>\nVhodn\u00fd pouze do na\u0161eho ANTCUBE - Nest 30\u00d730 - horizont\u00e1ln\u011b<\/p>\n<p><strong>Popis:\u00a0<\/strong><br \/>\nToto korkov\u00e9 hn\u00edzdo s p\u0159edem p\u0159ipraven\u00fdmi tunely a kom\u016frkami je vhodn\u00e9 pro mnoho druh\u016f mravenc\u016f, zejm\u00e9na pro ty, kte\u0159\u00ed hn\u00edzd\u00ed v (mrtv\u00e9m) d\u0159ev\u011b. M\u00e1 dva otvory, kter\u00e9 slou\u017e\u00ed jako vchody do hn\u00edzda.<\/p>\n<p>Korek je p\u0159\u00edrodn\u00ed, chemicky neutr\u00e1ln\u00ed materi\u00e1l. Jeho struktura je nepropustn\u00e1 pro kapaliny, chemicky nereaguje, a proto z\u016fst\u00e1v\u00e1 dlouho neporu\u0161en\u00fd. Trvale vysok\u00fd obsah vlhkosti v\u0161ak m\u016f\u017ee podporovat hnilobu a zkracovat \u017eivotnost hn\u00edzda. Obecn\u011b je korek velmi odoln\u00fd v\u016f\u010di hnilob\u011b a napaden\u00ed houbami a pl\u00edsn\u011bmi. Jeho speci\u00e1ln\u00ed povrch a struktura poskytuj\u00ed pl\u00edsn\u00edm jen m\u00e1lo vhodn\u00e9 \u017eivn\u00e9 p\u016fdy. Nicm\u00e9n\u011b zbytky potravin, exkrementy nebo jin\u00e9 organick\u00e9 l\u00e1tky mohou r\u016fst pl\u00edsn\u00ed podporovat.<\/p>\n<p>Proto doporu\u010dujeme, aby se v korkov\u00fdch hn\u00edzdech nach\u00e1zely druhy mravenc\u016f ze su\u0161\u0161\u00edch oblast\u00ed. Lze v nich v\u0161ak um\u00edstit i druhy z vlh\u010d\u00edch stanovi\u0161\u0165 - pro v\u011bt\u0161inu z nich nen\u00ed hniloba probl\u00e9mem. Mnoh\u00e9 druhy mravenc\u016f vyskytuj\u00edc\u00ed se v severn\u00ed Evrop\u011b, nap\u0159\u00edklad Camponotus herculeanus nebo Formica fusca, jsou dokonce p\u0159irozen\u011b p\u0159izp\u016fsobeny ztrouchniv\u011bl\u00e9mu nebo \u010d\u00e1ste\u010dn\u011b ztrouchniv\u011bl\u00e9mu d\u0159evu.<\/p>","protected":false},"excerpt":{"rendered":"<p>Velikost: 280x280x28 mm<\/p>","protected":false},"featured_media":12291,"comment_status":"open","ping_status":"closed","template":"","meta":{"_acf_changed":false,"content-type":"","_monsterinsights_skip_tracking":false,"_monsterinsights_sitenote_active":false,"_monsterinsights_sitenote_note":"","_monsterinsights_sitenote_category":0},"product_brand":[484],"product_cat":[257,87,89],"product_tag":[],"class_list":{"0":"post-12286","1":"product","2":"type-product","3":"status-publish","4":"has-post-thumbnail","6":"product_brand-antcube","7":"product_cat-new-innovatve-products","8":"product_cat-nest-insets","9":"product_cat-cork","11":"first","12":"instock","13":"taxable","14":"shipping-taxable","15":"purchasable","16":"product-type-simple"},"acf":[],"aioseo_notices":[],"jetpack_sharing_enabled":true,"_links":{"self":[{"href":"https:\/\/antcube.shop\/cs\/wp-json\/wp\/v2\/product\/12286","targetHints":{"allow":["GET"]}}],"collection":[{"href":"https:\/\/antcube.shop\/cs\/wp-json\/wp\/v2\/product"}],"about":[{"href":"https:\/\/antcube.shop\/cs\/wp-json\/wp\/v2\/types\/product"}],"replies":[{"embeddable":true,"href":"https:\/\/antcube.shop\/cs\/wp-json\/wp\/v2\/comments?post=12286"}],"wp:featuredmedia":[{"embeddable":true,"href":"https:\/\/antcube.shop\/cs\/wp-json\/wp\/v2\/media\/12291"}],"wp:attachment":[{"href":"https:\/\/antcube.shop\/cs\/wp-json\/wp\/v2\/media?parent=12286"}],"wp:term":[{"taxonomy":"product_brand","embeddable":true,"href":"https:\/\/antcube.shop\/cs\/wp-json\/wp\/v2\/product_brand?post=12286"},{"taxonomy":"product_cat","embeddable":true,"href":"https:\/\/antcube.shop\/cs\/wp-json\/wp\/v2\/product_cat?post=12286"},{"taxonomy":"product_tag","embeddable":true,"href":"https:\/\/antcube.shop\/cs\/wp-json\/wp\/v2\/product_tag?post=12286"}],"curies":[{"name":"wp","href":"https:\/\/api.w.org\/{rel}","templated":true}]}}