{"id":11857,"date":"2025-06-20T14:40:22","date_gmt":"2025-06-20T12:40:22","guid":{"rendered":"https:\/\/antcube.shop\/en\/product\/bundle-offer-tetraponera-rufonigra\/"},"modified":"2026-04-14T19:51:12","modified_gmt":"2026-04-14T17:51:12","slug":"nabidka-svazku-tetraponera-rufonigra","status":"publish","type":"product","link":"https:\/\/antcube.shop\/cs\/produkt\/nabidka-svazku-tetraponera-rufonigra\/","title":{"rendered":"Nab\u00eddka bal\u00ed\u010dku - Tetraponera rufonigra"},"content":{"rendered":"<p><strong><span data-text-color=\"secondary\">Nab\u00eddka bal\u00ed\u010dku s koloni\u00ed mravenc\u016f Tetraponera rufonigra (kr\u00e1lovna + 5-10 d\u011blnic + l\u00edhe\u0148), startovac\u00ed sadou s korkov\u00fdmi pl\u00e1sty, 2x podlo\u017ekami do formik\u00e1ria, n\u00e1pln\u00ed medovicov\u00e9 sm\u011bsi 10 ml a sklenic\u00ed na\u0161ich speci\u00e1ln\u00edch blan\u0161\u00edrovan\u00fdch cvr\u010dk\u016f (vlhk\u00fd protein).<\/span><\/strong><\/p>\n<p><span data-text-color=\"alert\"><strong>Pouze do vyprod\u00e1n\u00ed z\u00e1sob.<\/strong><\/span><\/p>\n<p><strong>V\u0161e pot\u0159ebn\u00e9 pro kolonii mravenc\u016f Tetraponera rufonigra<\/strong><br \/>\nTento bal\u00ed\u010dek obsahuje v\u0161echny z\u00e1kladn\u00ed informace pro \u00fasp\u011b\u0161n\u00e9 zalo\u017een\u00ed kolonie Tetraponera rufonigra a p\u00e9\u010di o ni b\u011bhem jej\u00edho ran\u00e9ho v\u00fdvoje. Je vhodn\u00fd pro za\u010d\u00e1te\u010dn\u00edky a snadno se roz\u0161i\u0159uje, jak va\u0161e kolonie roste.<\/p>\n<p><strong>Druh mravence: Tetraponera rufonigra<\/strong><br \/>\nTetraponera rufonigra je \u0161t\u00edhl\u00fd stromov\u00fd druh mravence zn\u00e1m\u00fd sv\u00fdm n\u00e1padn\u00fdm \u010derveno\u010dern\u00fdm zbarven\u00edm. Poch\u00e1z\u00ed z ji\u017en\u00ed a jihov\u00fdchodn\u00ed Asie, obvykle hn\u00edzd\u00ed v mrtv\u00fdch v\u011btv\u00edch nebo dut\u00fdch stonc\u00edch rostlin a je p\u0159izp\u016fsoben tepl\u00e9mu a vlhk\u00e9mu tropick\u00e9mu prost\u0159ed\u00ed. A\u010dkoli nen\u00ed chov\u00e1n tak b\u011b\u017en\u011b jako n\u011bkter\u00e9 druhy hn\u00edzd\u00edc\u00ed na zemi, je vynikaj\u00edc\u00ed volbou pro chovatele, kte\u0159\u00ed hledaj\u00ed aktivn\u011bj\u0161\u00ed a vizu\u00e1ln\u011b zaj\u00edmav\u011bj\u0161\u00ed kolonii. <span data-text-color=\"alert\"><strong>Pozn\u00e1mka: Tento druh m\u00e1 \u017eihadlo a vykazuje vy\u0161\u0161\u00ed stupe\u0148 obrann\u00e9ho chov\u00e1n\u00ed, proto je t\u0159eba s n\u00edm zach\u00e1zet opatrn\u011b.<\/strong><\/span><\/p>\n<p><strong>Potraviny pro Tetraponera rufonigra<\/strong><br \/>\nTito mravenci pot\u0159ebuj\u00ed stravu bohatou na cukry i b\u00edlkoviny. Nab\u00eddn\u011bte mravenc\u016fm sm\u011bs medovice nebo medov\u00fd roztok jako zdroj sacharid\u016f a mal\u00fd hmyz (\u017eiv\u00fd nebo mrtv\u00fd) jako zdroj b\u00edlkovin. Zvl\u00e1\u0161t\u011b jim prosp\u00edv\u00e1 ko\u0159ist s m\u011bkk\u00fdm t\u011blem, jako jsou ovocn\u00e9 mu\u0161ky, mou\u010dn\u00ed \u010dervi nebo na\u0161i blan\u0161\u00edrovan\u00ed cvr\u010dci. P\u0159\u00edle\u017eitostn\u011b lze nab\u00eddnout tak\u00e9 ovoce, nap\u0159\u00edklad ban\u00e1n nebo jablko. V\u017edy zajist\u011bte \u010derstvou vodu.<\/p>\n<p><strong>Formik\u00e1rium pro Tetraponera rufonigra<\/strong><br \/>\nV p\u0159\u00edrod\u011b si Tetraponera rufonigra stav\u00ed hn\u00edzda v \u00fazk\u00fdch dutin\u00e1ch ve d\u0159ev\u011b nebo v dut\u00fdch kmenech. Pro p\u00e9\u010di v zajet\u00ed doporu\u010dujeme na\u0161i startovac\u00ed sadu L s korkov\u00fdmi nebo bambusov\u00fdmi hn\u00edzdn\u00edmi vlo\u017ekami, kter\u00e9 dob\u0159e kop\u00edruj\u00ed jejich p\u0159irozen\u00e9 hn\u00edzdn\u00ed prost\u0159ed\u00ed. Ide\u00e1ln\u00ed jsou vertik\u00e1ln\u00ed nebo polovertik\u00e1ln\u00ed varianty hn\u00edzd\u011bn\u00ed, kter\u00e9 simuluj\u00ed jejich stromov\u00fd zp\u016fsob \u017eivota. Zajist\u011bte, aby formik\u00e1rium m\u011blo dostate\u010dn\u00e9 v\u011btr\u00e1n\u00ed a udr\u017eovalo m\u00edrnou a\u017e vysokou vlhkost, zejm\u00e9na v oblasti hn\u00edzd\u011bn\u00ed.<\/p>\n<p><strong>Obsah:<\/strong><br \/>\n1x Tetraponera rufonigra (kr\u00e1lovna + 5-10 d\u011blnic + sn\u016f\u0161ka)<br \/>\n1x Cricket Jam 25g<br \/>\n1x Honeydew Mix (HT) - n\u00e1pl\u0148 10ml<br \/>\n1x z\u00e1kladna pro formik\u00e1rium - 20x20cm<br \/>\n1x z\u00e1kladna pro formik\u00e1rium - 20x6cm<\/p>\n<p>1x ANTCUBE - Arena 20x20x10 - ploch\u00e1<br \/>\n1x r\u00e1m mraveni\u0161t\u011b 20\u00d720<br \/>\n1x kryt mraveni\u0161t\u011b 20\u00d720<br \/>\n4x upev\u0148ovac\u00ed bod pro kryt ar\u00e9ny<br \/>\n1x ANTCUBE - Mraveni\u0161t\u011b - L - 20\u00d720 - ve svisl\u00e9 poloze<\/p>\n<p>1x ANTCUBE - korkov\u00e9 hn\u00edzdo 20\u00d720 - vzp\u0159\u00edmen\u00e9<br \/>\n1x 0,5m pr\u016fhledn\u00e1 hadice 20\/16 mm<br \/>\n1x ANTCUBE - \u010derven\u00e1 f\u00f3lie 20\u00d720 - filtr<br \/>\n1x samolepic\u00ed klipy - pr\u016fhledn\u00e9 2 ks.<br \/>\n1x substr\u00e1t - p\u00eds\u010ditohlinit\u00fd b\u00e9\u017eov\u00fd - 1000g<\/p>\n<p>2x Grid insert acrylic &#8211; 50 mm with sealing ring<br \/>\n1x Grid insert acrylic &#8211; 27 mm with sealing ring<br \/>\n1x krytka m\u0159\u00ed\u017eky - 16 mm - nerezov\u00e1 ocel<\/p>\n<p>1x spojka hadice n\u00e1dr\u017ee 27-14,16,20 mm - pr\u016fhledn\u00e1<br \/>\n1x Foil thermometer &#8211; farm<br \/>\n1x Foil thermometer Display<br \/>\n1x drinking clear 5ml &#8211; sponge<br \/>\n1x Feeding dish white rectangle &#8211; 3 compartments<br \/>\n1x Drinking trough 2ml &#8211; 360 Degrees<br \/>\n1x Olej na ochranu proti mravenc\u016fm 10ml<br \/>\n1x pinzeta z pru\u017einov\u00e9 oceli - \u0161irok\u00e1 - m\u011bkk\u00e1<br \/>\n1x pinzeta plastov\u00e1 pr\u016fhledn\u00e1<br \/>\n1x plastov\u00e1 pipeta 3ml<br \/>\n1x ru\u010dn\u00ed lupa - 2x - 30mm<br \/>\n1x p\u011bnov\u00fd st\u011bra\u010d 150x18x2,5mm<\/p>\n<p><strong>Popis Startovac\u00ed sada:<\/strong><br \/>\nTato korkov\u00e1 startovac\u00ed sada s prefabrikovan\u00fdmi chodbi\u010dkami a kom\u016frkami je vhodn\u00e1 pro r\u016fzn\u00e9 druhy mravenc\u016f, zejm\u00e9na pro druhy, kter\u00e9 hn\u00edzd\u00ed v (mrtv\u00e9m) d\u0159ev\u011b.<\/p>\n<p>\"ANTCUBE - Cork Nest\" lze vlo\u017eit do zcela pr\u016fhledn\u00e9 farmy. Alternativn\u011b m\u016f\u017eete k vypln\u011bn\u00ed farmy nebo k uzav\u0159en\u00ed n\u011bkter\u00fdch komor korkov\u00e9ho hn\u00edzda pou\u017e\u00edt tak\u00e9 substr\u00e1t \"Sand-clay beige\". P\u0159es 50mm otvory v krytu lze v p\u0159\u00edpad\u011b pot\u0159eby p\u0159ipojit dal\u0161\u00ed moduly, nap\u0159. samostatn\u011b dostupn\u00e9 mlhova\u010de, ventil\u00e1tory nebo sv\u011btla. Alternativn\u011b jsou sou\u010d\u00e1st\u00ed dod\u00e1vky vhodn\u00e9 m\u0159\u00ed\u017ekov\u00e9 vlo\u017eky a formik\u00e1\u0159sk\u00e9 z\u00e1tky k uzav\u0159en\u00ed otvor\u016f. V p\u0159\u00edpad\u011b pot\u0159eby lze formik\u00e1rium provozovat tak\u00e9 v otev\u0159en\u00e9m stavu, sta\u010d\u00ed na n\u011bj um\u00edstit odn\u00edmateln\u00fd r\u00e1m a na okraj nan\u00e9st olej na ochranu proti \u00faniku mravenc\u016f.<\/p>\n<p><strong>D\u016fle\u017eit\u00e9:<\/strong> P\u0159ed pou\u017eit\u00edm substr\u00e1t navlh\u010dete, aby se sm\u011bs mohla spojit a v mraveni\u0161ti pevn\u011b dr\u017eet. Pokud je nav\u00edc substr\u00e1t p\u0159\u00edli\u0161 such\u00fd a pra\u0161n\u00fd, m\u016f\u017ee doj\u00edt k zablokov\u00e1n\u00ed d\u00fdchac\u00edch cest mravenc\u016f a v nejhor\u0161\u00edm p\u0159\u00edpad\u011b k udu\u0161en\u00ed zv\u00ed\u0159at.<\/p>\n<p><strong>Doporu\u010den\u00ed: <\/strong>Doporu\u010dujeme vrstvu substr\u00e1tu o v\u00fd\u0161ce 2 mm, aby se zv\u00ed\u0159ata nemohla do ar\u00e9ny zahrabat a m\u00edsto toho vyu\u017e\u00edvala k tomuto \u00fa\u010delu poskytnut\u00fd statek.<\/p>\n<p><strong>Pozn\u00e1mky k v\u00fdrob\u011b skla<\/strong><br \/>\nSklo je \u0159ez\u00e1no na m\u00edru podle DIN 1249 s toleranc\u00ed +\/- 1 mm. U extr\u00e9mn\u011b mal\u00fdch druh\u016f mravenc\u016f je nezbytn\u00e1 dodate\u010dn\u00e1 ochrana proti vylomen\u00ed.<\/p>\n<p><strong>Pozn\u00e1mky k farm\u011b<\/strong><br \/>\nHn\u00edzdo by se m\u011blo pou\u017e\u00edvat pouze v such\u00e9m formik\u00e1riu. Pokud je hn\u00edzdo trvale vlhk\u00e9, m\u016f\u017ee materi\u00e1l zplesniv\u011bt.<\/p>\n<p><strong>P\u0159i p\u0159ipojov\u00e1n\u00ed nebo odpojov\u00e1n\u00ed hadic dbejte na n\u00e1sleduj\u00edc\u00ed pokyny:<\/strong><br \/>\nPokud se hadi\u010dka velmi \u0161patn\u011b nasazuje na p\u0159ipojovac\u00ed hrdlo, je t\u0159eba hrdlo lehce pot\u0159\u00edt kapkou na\u0161eho oleje nebo pr\u00e1\u0161ku proti prask\u00e1n\u00ed. Pot\u00e9 by se m\u011bla hadice nasunout na obj\u00edmku krou\u017eiv\u00fdmi nebo \u0161roubovac\u00edmi pohyby, ani\u017e by se obj\u00edmka nam\u00e1hala pohyby nahoru a dol\u016f. Tot\u00e9\u017e plat\u00ed i p\u0159i vyj\u00edm\u00e1n\u00ed hadic z p\u0159ipojovac\u00ed obj\u00edmky farmy. Nevytahujte ji jednodu\u0161e!<\/p>\n<p><strong>Pokyny:<\/strong><br \/>\n&#8211; <a href=\"https:\/\/www.antstore.net\/shop\/images\/info\/en\/Instructions%20for%20use%20-%20Starter%20Set%20Cork.pdf\" data-cke-saved-href=\"https:\/\/www.antstore.net\/shop\/images\/info\/en\/Instructions%20for%20use%20-%20Starter%20Set%20Cork.pdf\">CS N\u00e1vod k pou\u017eit\u00ed - startovac\u00ed sada Cork (PDF 3,79 MB)<\/a><br \/>\n&#8211; <a href=\"https:\/\/www.antstore.net\/shop\/images\/info\/es\/Manual%20de%20instrucciones%20-%20Set%20de%20inicio%20de%20corcho.pdf\" data-cke-saved-href=\"https:\/\/www.antstore.net\/shop\/images\/info\/es\/Manual%20de%20instrucciones%20-%20Set%20de%20inicio%20de%20corcho.pdf\">ES Manual de instrucciones - Set de inicio de corcho (PDF 3,79 MB)<\/a><br \/>\n&#8211; <a href=\"https:\/\/www.antstore.net\/shop\/images\/info\/fr\/Manuel%20d'instruction%20-%20Kit%20de%20d%C3%A9marrage%20en%20li%C3%A8ge.pdf\" data-cke-saved-href=\"https:\/\/www.antstore.net\/shop\/images\/info\/fr\/Manuel%20d'instruction%20-%20Kit%20de%20d%C3%A9marrage%20en%20li%C3%A8ge.pdf\">FR Manuel d'instruction - Kit de d\u00e9marrage en li\u00e8ge (PDF 3,79 MB)<\/a><\/p>\n<p><strong>Pozn\u00e1mky ke kriketov\u00e9mu d\u017eemu:<\/strong><br \/>\nN\u00e1\u0161 cvr\u010d\u010d\u00ed d\u017eem p\u0159edstavuje snadn\u00fd zp\u016fsob, jak mravenc\u016fm poskytnout \u010derstv\u011b konzervovanou proteinovou potravu, ani\u017e by museli krmit \u017eiv\u00fdm hmyzem. Obsa\u017een\u00ed cvr\u010dci (Acheta domesticus) byli \u0161etrn\u011b uva\u0159eni, aby byly zachov\u00e1ny nutri\u010dn\u00ed hodnoty, chu\u0165 a v\u016fn\u011b. Krom\u011b toho se t\u00edmto zp\u016fsobem zm\u011bk\u010d\u00ed chitinov\u00e1 schr\u00e1nka hmyzu, aby se dala snadn\u011bji str\u00e1vit. Vazby kolagenn\u00edch b\u00edlkovin se rozru\u0161\u00ed, aby je mravenci mohli l\u00e9pe vyu\u017e\u00edt. Konzervy Acheta domesticus maj\u00ed stejnou v\u00fd\u017eivovou hodnotu jako \u017eiv\u00ed cvr\u010dci, ale jsou snadn\u011bji straviteln\u00e9.<\/p>\n<p>Cricket Jam nen\u00ed vhodn\u00fd pro lov druh\u016f mravenc\u016f, kte\u0159\u00ed vy\u017eaduj\u00ed \u017eivou potravu (nap\u0159. ponravy (velc\u00ed mravenci), jako jsou Harpegnathos nebo Odontomachus).<\/p>\n<p><strong>Dal\u0161\u00ed v\u00fdhody:<\/strong><br \/>\nZaru\u010den\u011b bez rozto\u010d\u016f<br \/>\nLze porcovat a \u0159edit vodou<br \/>\nSterilizovan\u00e9 a vakuov\u011b balen\u00e9<br \/>\nBez p\u0159\u00edsad<br \/>\nCvr\u010dci z udr\u017eiteln\u00e9ho \u010dist\u011b ekologick\u00e9ho chovu, krmeni organick\u00fdm odpadem<\/p>\n<p><strong>Pozn\u00e1mka:<\/strong><br \/>\nPo otev\u0159en\u00ed lze uchov\u00e1vat v chladni\u010dce asi \u010dty\u0159i dny. P\u0159i zmrazen\u00ed je trvanlivost del\u0161\u00ed.<br \/>\nPozor: Nejprve porce, pak zmrazit.<\/p>\n<p><strong>Pozn\u00e1mka k medovici:<\/strong><br \/>\nObsah: 10 ml<br \/>\nJedn\u00e1 se o p\u0159\u00edrodn\u00ed produkt, kter\u00fd jsme po rozs\u00e1hl\u00e9m testov\u00e1n\u00ed v na\u0161\u00ed laborato\u0159i zdokonalili a vyvinuli z n\u011bj potravu, kterou mravenci velmi dob\u0159e p\u0159ij\u00edmaj\u00ed. D\u016fvodem je, \u017ee nezpracovan\u00fd medovicov\u00fd med v jeho koncentrovan\u00e9 p\u016fvodn\u00ed podob\u011b nen\u00ed mravenci a jejich metabolismem dob\u0159e p\u0159ij\u00edm\u00e1n.<br \/>\nNa\u0161e medovice byla nasb\u00edr\u00e1na v nezne\u010di\u0161t\u011bn\u00fdch divok\u00fdch horsk\u00fdch les\u00edch Bulharska. Medovice se rod\u00ed jen velmi omezenou dobu, v l\u00e9t\u011b asi dva m\u011bs\u00edce. Je proto velmi vz\u00e1cn\u00e1. D\u00edky specifick\u00fdm vlastnostem p\u016fdy v les\u00edch a klimatu se v listech strom\u016f ukl\u00e1daj\u00ed z\u00e1kladn\u00ed \u017eiviny, kter\u00e9 m\u0161ice vst\u0159eb\u00e1vaj\u00ed. Pr\u00e1v\u011b d\u00edky tomu je tato medovicov\u00e1 sm\u011bs pro mravence tak \u017e\u00e1douc\u00ed.<\/p>\n<p><strong>Pou\u017eit\u00ed:<\/strong><br \/>\nMno\u017estv\u00ed j\u00eddla by m\u011blo b\u00fdt spot\u0159ebov\u00e1no p\u0159ibli\u017en\u011b do 3 dn\u016f.<\/p>\n<p><strong>Popis:<\/strong><br \/>\nMedovice se na rozd\u00edl od kv\u011btov\u00e9ho medu z\u00edsk\u00e1v\u00e1 z v\u00fdm\u011b\u0161k\u016f hmyzu, kter\u00fd saje na rostlin\u00e1ch, nap\u0159\u00edklad m\u0161ic. Medovice je obl\u00edben\u00fdm zdrojem potravy pro mnoho druh\u016f hmyzu, jako jsou mravenci, v\u010dely a \u010dmel\u00e1ci. V\u010dely a \u010dmel\u00e1ci ji sl\u00edz\u00e1vaj\u00ed z list\u016f nebo jehli\u010d\u00ed r\u016fzn\u00fdch strom\u016f. Mravenci, jako je Lasius niger, m\u0161ice doslova chovaj\u00ed. Dokonce je br\u00e1n\u00ed p\u0159ed pred\u00e1tory a p\u0159en\u00e1\u0161ej\u00ed je na \u010derstv\u00e9 v\u00fdhonky.<\/p>\n<p>Medovice je u mravenc\u016f obzvl\u00e1\u0161t\u011b obl\u00edben\u00e1 d\u00edky sv\u00fdm pon\u011bkud odli\u0161n\u00fdm slo\u017ek\u00e1m. Hlavn\u00edmi cukry v medovici jsou sachar\u00f3za a frukt\u00f3za, ale v men\u0161\u00edm mno\u017estv\u00ed se vyskytuj\u00ed tak\u00e9 malt\u00f3za, trehal\u00f3za, melezit\u00f3za, rafin\u00f3za a dal\u0161\u00ed oligosacharidy. Krom\u011b cukru a vody obsahuje medovice tak\u00e9 esenci\u00e1ln\u00ed aminokyseliny, miner\u00e1ln\u00ed l\u00e1tky, stopov\u00e9 prvky, adenosiny, fosf\u00e1ty a dal\u0161\u00ed slo\u017eky, nap\u0159. vitaminy.<\/p>\n<p><strong>Pou\u017eit\u00ed:<\/strong><br \/>\nPro druhy mravenc\u016f medojed\u016f (Meliphagidae)<br \/>\nJedn\u00e1 se o dopl\u0148kov\u00e9 krmivo<br \/>\nZv\u00ed\u0159at\u016fm ji lze nab\u00eddnout v podob\u011b, v jak\u00e9 je dod\u00e1v\u00e1na. Vzhledem k tomu, \u017ee se koncentrace cukru sni\u017euje vlivem vlhkosti a za\u010d\u00edn\u00e1 proces kva\u0161en\u00ed, je t\u0159eba krmivo ka\u017ed\u00e9 t\u0159i dny vym\u011bnit. P\u0159ed op\u011btovn\u00fdm pou\u017eit\u00edm krmnou misku\/zkumavku d\u016fkladn\u011b vy\u010dist\u011bte.<br \/>\nPo otev\u0159en\u00ed je t\u0159eba balen\u00ed uchov\u00e1vat t\u011bsn\u011b uzav\u0159en\u00e9 a\u017e do data pou\u017eitelnosti.<\/p>\n<p><strong>V\u00fd\u017eivov\u00e9 \u00fadaje na 100 g:<\/strong><br \/>\ncca 2,7 % tuk\u016f<br \/>\nz toho nasycen\u00e9 p\u0159ibli\u017en\u011b 0,45 %<br \/>\np\u0159ibli\u017en\u011b 95 % sacharid\u016f<br \/>\nz toho cukr p\u0159ibli\u017en\u011b 71<br \/>\np\u0159ibli\u017en\u011b 2.85% b\u00edlkovin<br \/>\nMiner\u00e1ln\u00ed l\u00e1tky (drasl\u00edk, v\u00e1pn\u00edk, m\u011b\u010f, \u017eelezo, sod\u00edk, ho\u0159\u010d\u00edk, fosfor, zinek a dal\u0161\u00ed stopov\u00e9 prvky). Aminokyseliny (prolin, leucin, fenylalanin, alanin, histidin, isoleucin, kyselina glutamov\u00e1, arginin, kyselina asparagov\u00e1 atd.) Organick\u00e9 kyseliny Enzymy (fermenty)P\u0159\u00edchut\u011b Inhibiny (antibakteri\u00e1ln\u00ed l\u00e1tky) Kv\u011bty Pyl<\/p>\n<p><strong>Skladov\u00e1n\u00ed:<\/strong><br \/>\nAby byla zaji\u0161t\u011bna kvalita krmiva, m\u011blo by b\u00fdt skladov\u00e1no na tmav\u00e9m a such\u00e9m m\u00edst\u011b.<\/p>\n<p><strong>Pozn\u00e1mka:<\/strong><br \/>\nDopl\u0148kov\u00e9 krmivo pro mravence medojedy.<br \/>\nSlo\u017een\u00ed, analytick\u00e9 slo\u017eky, datum minim\u00e1ln\u00ed trvanlivosti a \u010d\u00edslo \u0161ar\u017ee najdete v p\u0159\u00edbalov\u00e9m let\u00e1ku.<\/p>\n<p>Informa\u010dn\u00ed linka +49 30 439703870<\/p>\n<p><strong>Odpov\u011bdn\u00fd veterin\u00e1rn\u00ed a potravin\u00e1\u0159sk\u00fd inspektor\u00e1t:<\/strong><br \/>\nVeterin\u00e1rn\u00ed kancel\u00e1\u0159 Steglitz<br \/>\nK\u00f6nigin-Luise-Str. 92<br \/>\n14195 Berl\u00edn<\/p>","protected":false},"excerpt":{"rendered":"<p>Sada se skl\u00e1d\u00e1 z 33 kus\u016f<br \/>\nVelikost: L<\/p>","protected":false},"featured_media":11858,"comment_status":"open","ping_status":"closed","template":"","meta":{"_acf_changed":false,"content-type":"","_monsterinsights_skip_tracking":false,"_monsterinsights_sitenote_active":false,"_monsterinsights_sitenote_note":"","_monsterinsights_sitenote_category":0},"product_brand":[484],"product_cat":[355,73],"product_tag":[],"class_list":{"0":"post-11857","1":"product","2":"type-product","3":"status-publish","4":"has-post-thumbnail","6":"product_brand-antcube","7":"product_cat-bundle-offers","8":"product_cat-starter-sets","10":"first","11":"instock","12":"taxable","13":"shipping-taxable","14":"purchasable","15":"product-type-simple"},"acf":[],"aioseo_notices":[],"jetpack_sharing_enabled":true,"_links":{"self":[{"href":"https:\/\/antcube.shop\/cs\/wp-json\/wp\/v2\/product\/11857","targetHints":{"allow":["GET"]}}],"collection":[{"href":"https:\/\/antcube.shop\/cs\/wp-json\/wp\/v2\/product"}],"about":[{"href":"https:\/\/antcube.shop\/cs\/wp-json\/wp\/v2\/types\/product"}],"replies":[{"embeddable":true,"href":"https:\/\/antcube.shop\/cs\/wp-json\/wp\/v2\/comments?post=11857"}],"wp:featuredmedia":[{"embeddable":true,"href":"https:\/\/antcube.shop\/cs\/wp-json\/wp\/v2\/media\/11858"}],"wp:attachment":[{"href":"https:\/\/antcube.shop\/cs\/wp-json\/wp\/v2\/media?parent=11857"}],"wp:term":[{"taxonomy":"product_brand","embeddable":true,"href":"https:\/\/antcube.shop\/cs\/wp-json\/wp\/v2\/product_brand?post=11857"},{"taxonomy":"product_cat","embeddable":true,"href":"https:\/\/antcube.shop\/cs\/wp-json\/wp\/v2\/product_cat?post=11857"},{"taxonomy":"product_tag","embeddable":true,"href":"https:\/\/antcube.shop\/cs\/wp-json\/wp\/v2\/product_tag?post=11857"}],"curies":[{"name":"wp","href":"https:\/\/api.w.org\/{rel}","templated":true}]}}