{"id":11506,"date":"2025-04-25T15:18:54","date_gmt":"2025-04-25T13:18:54","guid":{"rendered":"https:\/\/antcube.shop\/en\/product\/poster-die-rote-waldameise-formica-rufa-lebensweise-70x50\/"},"modified":"2026-02-03T16:28:08","modified_gmt":"2026-02-03T15:28:08","slug":"plakat-cervene-drevo-mravenec-formica-rufa-zpusob-zivota-70x50","status":"publish","type":"product","link":"https:\/\/antcube.shop\/cs\/produkt\/plakat-cervene-drevo-mravenec-formica-rufa-zpusob-zivota-70x50\/","title":{"rendered":"Plak\u00e1t - \u010cerven\u00fd mravenec - Formica rufa zp\u016fsob \u017eivota - 70\u00d750"},"content":{"rendered":"<p>Mravenec lesn\u00ed - Formica rufa way of life - Mravenec Plak\u00e1t a u\u010debn\u00ed pom\u016fcka pro \u0161koly\/\u0161kolky.<\/p>\n<p><strong>Popis je k dispozici v n\u011bm\u010din\u011b, angli\u010dtin\u011b, \u0161pan\u011bl\u0161tin\u011b a francouz\u0161tin\u011b<\/strong><\/p>\n<p><strong>Rozm\u011bry:<\/strong> 70 \u00d7 50 cm<\/p>\n<p><strong>Materi\u00e1l:<\/strong> Latexov\u00fd pap\u00edr<br \/>\nTento pap\u00edr je vod\u011bodoln\u00fd, st\u00edrateln\u00fd, odoln\u00fd, \u0161etrn\u00fd k \u017eivotn\u00edmu prost\u0159ed\u00ed, proto\u017ee neobsahuje \u017e\u00e1dn\u00e1 ekologicky \u0161kodliv\u00e1 rozpou\u0161t\u011bdla, a poskytuje vynikaj\u00edc\u00ed kvalitu tisku.<\/p>\n<p><strong>Popis:<\/strong> Tento poster poskytuje p\u0159ehled o zp\u016fsobu \u017eivota a stavb\u011b hn\u00edzd mravence Formica rufa, kter\u00fd stav\u00ed mohyly v severn\u00ed a st\u0159edn\u00ed Evrop\u011b. Tento druh je chr\u00e1n\u011bn\u00fdm druhem.<\/p>\n<p><strong>D\u016fle\u017eit\u00e9 - dopl\u0148uj\u00edc\u00ed informace:<\/strong> <a href=\"https:\/\/www.ants.de\/link\/1001\">Zde<\/a> na plak\u00e1tu najdete podrobn\u00fd popis jednotliv\u00fdch sc\u00e9n. Ty nejsou p\u0159ilo\u017eeny k plak\u00e1tu, ale lze je z\u00edskat a vytisknout samostatn\u011b prost\u0159ednictv\u00edm n\u00e1sleduj\u00edc\u00edho odkazu. https:\/\/www.ants.de\/link\/1005.<\/p>","protected":false},"excerpt":{"rendered":"<p>Mravenec lesn\u00ed - Formica rufa way of life - Mravenec Plak\u00e1t a u\u010debn\u00ed pom\u016fcka pro \u0161koly\/\u0161kolky. Popis k dispozici v n\u011bm\u010din\u011b, angli\u010dtin\u011b, \u0161pan\u011bl\u0161tin\u011b a francouz\u0161tin\u011b Rozm\u011bry: Materi\u00e1l: 70x50 cm: Latexov\u00fd pap\u00edr Tento pap\u00edr je vod\u011bodoln\u00fd, st\u00edrateln\u00fd, odoln\u00fd, \u0161etrn\u00fd k \u017eivotn\u00edmu prost\u0159ed\u00ed, proto\u017ee neobsahuje \u017e\u00e1dn\u00e1 rozpou\u0161t\u011bdla \u0161kodliv\u00e1 pro \u017eivotn\u00ed prost\u0159ed\u00ed a poskytuje vynikaj\u00edc\u00ed kvalitu tisku. Popis: Latexov\u00fd pap\u00edr je vyroben z pap\u00edru, kter\u00fd se vyzna\u010duje vysokou kvalitou a odolnost\u00ed:","protected":false},"featured_media":11399,"comment_status":"open","ping_status":"closed","template":"","meta":{"_acf_changed":false,"content-type":"","_monsterinsights_skip_tracking":false,"_monsterinsights_sitenote_active":false,"_monsterinsights_sitenote_note":"","_monsterinsights_sitenote_category":0},"product_brand":[484],"product_cat":[500],"product_tag":[],"class_list":{"0":"post-11506","1":"product","2":"type-product","3":"status-publish","4":"has-post-thumbnail","6":"product_brand-antcube","7":"product_cat-ant-posters-and-teaching-aids","9":"first","10":"instock","11":"taxable","12":"shipping-taxable","13":"purchasable","14":"product-type-simple"},"acf":[],"aioseo_notices":[],"jetpack_sharing_enabled":true,"_links":{"self":[{"href":"https:\/\/antcube.shop\/cs\/wp-json\/wp\/v2\/product\/11506","targetHints":{"allow":["GET"]}}],"collection":[{"href":"https:\/\/antcube.shop\/cs\/wp-json\/wp\/v2\/product"}],"about":[{"href":"https:\/\/antcube.shop\/cs\/wp-json\/wp\/v2\/types\/product"}],"replies":[{"embeddable":true,"href":"https:\/\/antcube.shop\/cs\/wp-json\/wp\/v2\/comments?post=11506"}],"wp:featuredmedia":[{"embeddable":true,"href":"https:\/\/antcube.shop\/cs\/wp-json\/wp\/v2\/media\/11399"}],"wp:attachment":[{"href":"https:\/\/antcube.shop\/cs\/wp-json\/wp\/v2\/media?parent=11506"}],"wp:term":[{"taxonomy":"product_brand","embeddable":true,"href":"https:\/\/antcube.shop\/cs\/wp-json\/wp\/v2\/product_brand?post=11506"},{"taxonomy":"product_cat","embeddable":true,"href":"https:\/\/antcube.shop\/cs\/wp-json\/wp\/v2\/product_cat?post=11506"},{"taxonomy":"product_tag","embeddable":true,"href":"https:\/\/antcube.shop\/cs\/wp-json\/wp\/v2\/product_tag?post=11506"}],"curies":[{"name":"wp","href":"https:\/\/api.w.org\/{rel}","templated":true}]}}