{"id":11495,"date":"2025-04-25T14:48:03","date_gmt":"2025-04-25T12:48:03","guid":{"rendered":"https:\/\/antcube.shop\/en\/product\/poster-feinde-der-ameisen-100x70\/"},"modified":"2026-01-12T12:41:48","modified_gmt":"2026-01-12T11:41:48","slug":"plakat-nepratele-mravencu-100x70","status":"publish","type":"product","link":"https:\/\/antcube.shop\/cs\/produkt\/plakat-nepratele-mravencu-100x70\/","title":{"rendered":"Plak\u00e1t - Nep\u0159\u00e1tel\u00e9 mravenc\u016f - 100\u00d770"},"content":{"rendered":"<p>Nep\u0159\u00e1tel\u00e9 mravenc\u016f - plak\u00e1t o mravenc\u00edch a u\u010debn\u00ed pom\u016fcka pro \u0161koly a \u0161kolky.<\/p>\n<p><strong>Popis je k dispozici v n\u011bm\u010din\u011b, angli\u010dtin\u011b, \u0161pan\u011bl\u0161tin\u011b a francouz\u0161tin\u011b<\/strong><\/p>\n<p><strong>Rozm\u011bry:<\/strong> 100 \u00d7 70 cm<\/p>\n<p><strong>Materi\u00e1l:<\/strong> Latexov\u00fd pap\u00edr<br \/>\nTento pap\u00edr je vod\u011bodoln\u00fd, st\u00edrateln\u00fd, odoln\u00fd, \u0161etrn\u00fd k \u017eivotn\u00edmu prost\u0159ed\u00ed, proto\u017ee neobsahuje \u017e\u00e1dn\u00e1 ekologicky \u0161kodliv\u00e1 rozpou\u0161t\u011bdla, a poskytuje vynikaj\u00edc\u00ed kvalitu tisku.<\/p>\n<p><strong>Popis:<\/strong> Tento plak\u00e1t pod\u00e1v\u00e1 p\u0159ehled p\u0159irozen\u00fdch nep\u0159\u00e1tel mravenc\u016f, od mal\u00e9ho mraven\u010d\u00edho lva a\u017e po n\u00e1s lidi.<\/p>\n<p><strong>D\u016fle\u017eit\u00e9 - dopl\u0148uj\u00edc\u00ed informace:<\/strong> <a href=\"https:\/\/www.ants.de\/link\/1010\">Zde <\/a>na plak\u00e1tu najdete podrobn\u00fd popis jednotliv\u00fdch sc\u00e9n. Ty nejsou sou\u010d\u00e1st\u00ed balen\u00ed, ale m\u016f\u017eete si je prohl\u00e9dnout a vytisknout samostatn\u011b prost\u0159ednictv\u00edm n\u00e1sleduj\u00edc\u00edho odkazu. <a href=\"https:\/\/www.ants.de\/link\/1010\">https:\/\/www.ants.de\/link\/1010<\/a><\/p>","protected":false},"excerpt":{"rendered":"<p>Nep\u0159\u00e1tel\u00e9 mravenc\u016f - plak\u00e1t o mravenc\u00edch a u\u010debn\u00ed pom\u016fcka pro \u0161koly a \u0161kolky. Popis je k dispozici v n\u011bm\u010din\u011b, angli\u010dtin\u011b, \u0161pan\u011bl\u0161tin\u011b a francouz\u0161tin\u011b: Materi\u00e1l: 70x50 cm: Tento pap\u00edr je vod\u011bodoln\u00fd, st\u00edrateln\u00fd, odoln\u00fd, \u0161etrn\u00fd k \u017eivotn\u00edmu prost\u0159ed\u00ed, proto\u017ee neobsahuje \u017e\u00e1dn\u00e1 rozpou\u0161t\u011bdla \u0161kodliv\u00e1 pro \u017eivotn\u00ed prost\u0159ed\u00ed a poskytuje vynikaj\u00edc\u00ed kvalitu tisku. Popis: Latexov\u00fd pap\u00edr je vyroben z pap\u00edru, kter\u00fd se vyzna\u010duje vysokou kvalitou a odolnost\u00ed: Tento plak\u00e1t poskytuje p\u0159ehled o","protected":false},"featured_media":11404,"comment_status":"open","ping_status":"closed","template":"","meta":{"_acf_changed":false,"content-type":"","_monsterinsights_skip_tracking":false,"_monsterinsights_sitenote_active":false,"_monsterinsights_sitenote_note":"","_monsterinsights_sitenote_category":0},"product_brand":[484],"product_cat":[500],"product_tag":[],"class_list":{"0":"post-11495","1":"product","2":"type-product","3":"status-publish","4":"has-post-thumbnail","6":"product_brand-antcube","7":"product_cat-ant-posters-and-teaching-aids","9":"first","10":"instock","11":"taxable","12":"shipping-taxable","13":"purchasable","14":"product-type-simple"},"acf":[],"aioseo_notices":[],"jetpack_sharing_enabled":true,"_links":{"self":[{"href":"https:\/\/antcube.shop\/cs\/wp-json\/wp\/v2\/product\/11495","targetHints":{"allow":["GET"]}}],"collection":[{"href":"https:\/\/antcube.shop\/cs\/wp-json\/wp\/v2\/product"}],"about":[{"href":"https:\/\/antcube.shop\/cs\/wp-json\/wp\/v2\/types\/product"}],"replies":[{"embeddable":true,"href":"https:\/\/antcube.shop\/cs\/wp-json\/wp\/v2\/comments?post=11495"}],"wp:featuredmedia":[{"embeddable":true,"href":"https:\/\/antcube.shop\/cs\/wp-json\/wp\/v2\/media\/11404"}],"wp:attachment":[{"href":"https:\/\/antcube.shop\/cs\/wp-json\/wp\/v2\/media?parent=11495"}],"wp:term":[{"taxonomy":"product_brand","embeddable":true,"href":"https:\/\/antcube.shop\/cs\/wp-json\/wp\/v2\/product_brand?post=11495"},{"taxonomy":"product_cat","embeddable":true,"href":"https:\/\/antcube.shop\/cs\/wp-json\/wp\/v2\/product_cat?post=11495"},{"taxonomy":"product_tag","embeddable":true,"href":"https:\/\/antcube.shop\/cs\/wp-json\/wp\/v2\/product_tag?post=11495"}],"curies":[{"name":"wp","href":"https:\/\/api.w.org\/{rel}","templated":true}]}}