{"id":11493,"date":"2025-04-25T14:46:45","date_gmt":"2025-04-25T12:46:45","guid":{"rendered":"https:\/\/antcube.shop\/en\/product\/poster-ameisen-lebenszyklus-lasius-niger-70x100\/"},"modified":"2026-01-12T12:41:45","modified_gmt":"2026-01-12T11:41:45","slug":"zivotni-cyklus-mravencu-z-plakatu-lasius-niger-70x100","status":"publish","type":"product","link":"https:\/\/antcube.shop\/cs\/produkt\/zivotni-cyklus-mravencu-z-plakatu-lasius-niger-70x100\/","title":{"rendered":"Plak\u00e1t - \u017divotn\u00ed cyklus mravenc\u016f - Lasius niger 70\u00d7100"},"content":{"rendered":"<p>\u017divotn\u00ed cyklus mravenc\u016f - Lasius niger - Mravenec Plak\u00e1t a u\u010debn\u00ed pom\u016fcka pro \u0161koly a \u0161kolky.<\/p>\n<p><strong>Popis je k dispozici v n\u011bm\u010din\u011b, angli\u010dtin\u011b, \u0161pan\u011bl\u0161tin\u011b a francouz\u0161tin\u011b<\/strong><\/p>\n<p><strong>Rozm\u011bry:<\/strong> 70 \u00d7 100 cm<\/p>\n<p><strong>Materi\u00e1l:<\/strong> Latexov\u00fd pap\u00edr<br \/>\nTento pap\u00edr je vod\u011bodoln\u00fd, st\u00edrateln\u00fd, odoln\u00fd, \u0161etrn\u00fd k \u017eivotn\u00edmu prost\u0159ed\u00ed, proto\u017ee neobsahuje \u017e\u00e1dn\u00e1 ekologicky \u0161kodliv\u00e1 rozpou\u0161t\u011bdla, a poskytuje vynikaj\u00edc\u00ed kvalitu tisku.<\/p>\n<p><strong>Popis:<\/strong> Tento poster pod\u00e1v\u00e1 p\u0159ehled v\u00fdvojov\u00fdch stadi\u00ed mravenc\u016f od vaj\u00ed\u010dka po d\u011blnici na p\u0159\u00edkladu mravence druhu Lasius niger.<\/p>\n<p><strong>D\u016fle\u017eit\u00e9 - dopl\u0148uj\u00edc\u00ed informace:<\/strong> <a href=\"https:\/\/www.ants.de\/link\/1100\">Zde<\/a> na plak\u00e1tu najdete podrobn\u00fd popis jednotliv\u00fdch sc\u00e9n. Ty nejsou sou\u010d\u00e1st\u00ed plak\u00e1tu, ale lze je z\u00edskat a vytisknout samostatn\u011b prost\u0159ednictv\u00edm n\u00e1sleduj\u00edc\u00edho odkazu. <a href=\"https:\/\/www.ants.de\/link\/1100\">https:\/\/www.ants.de\/link\/1100<\/a><\/p>","protected":false},"excerpt":{"rendered":"<p>\u017divotn\u00ed cyklus mravenc\u016f - Lasius niger - Mravenec Plak\u00e1t a u\u010debn\u00ed pom\u016fcka pro \u0161koly a \u0161kolky. Popis je k dispozici v n\u011bm\u010din\u011b, angli\u010dtin\u011b, \u0161pan\u011bl\u0161tin\u011b a francouz\u0161tin\u011b: Materi\u00e1l: 50x70 cm: Tento pap\u00edr je vod\u011bodoln\u00fd, st\u00edrateln\u00fd, odoln\u00fd, \u0161etrn\u00fd k \u017eivotn\u00edmu prost\u0159ed\u00ed, proto\u017ee neobsahuje \u017e\u00e1dn\u00e1 rozpou\u0161t\u011bdla \u0161kodliv\u00e1 pro \u017eivotn\u00ed prost\u0159ed\u00ed a poskytuje vynikaj\u00edc\u00ed kvalitu tisku. Popis: L\u00e1tka je vyrobena z kvalitn\u00edho pap\u00edru, kter\u00fd se vyzna\u010duje vysokou odolnost\u00ed proti po\u0161kozen\u00ed: Tento plak\u00e1t","protected":false},"featured_media":11403,"comment_status":"open","ping_status":"closed","template":"","meta":{"_acf_changed":false,"content-type":"","_monsterinsights_skip_tracking":false,"_monsterinsights_sitenote_active":false,"_monsterinsights_sitenote_note":"","_monsterinsights_sitenote_category":0},"product_brand":[484],"product_cat":[500],"product_tag":[],"class_list":{"0":"post-11493","1":"product","2":"type-product","3":"status-publish","4":"has-post-thumbnail","6":"product_brand-antcube","7":"product_cat-ant-posters-and-teaching-aids","9":"first","10":"instock","11":"taxable","12":"shipping-taxable","13":"purchasable","14":"product-type-simple"},"acf":[],"aioseo_notices":[],"jetpack_sharing_enabled":true,"_links":{"self":[{"href":"https:\/\/antcube.shop\/cs\/wp-json\/wp\/v2\/product\/11493","targetHints":{"allow":["GET"]}}],"collection":[{"href":"https:\/\/antcube.shop\/cs\/wp-json\/wp\/v2\/product"}],"about":[{"href":"https:\/\/antcube.shop\/cs\/wp-json\/wp\/v2\/types\/product"}],"replies":[{"embeddable":true,"href":"https:\/\/antcube.shop\/cs\/wp-json\/wp\/v2\/comments?post=11493"}],"wp:featuredmedia":[{"embeddable":true,"href":"https:\/\/antcube.shop\/cs\/wp-json\/wp\/v2\/media\/11403"}],"wp:attachment":[{"href":"https:\/\/antcube.shop\/cs\/wp-json\/wp\/v2\/media?parent=11493"}],"wp:term":[{"taxonomy":"product_brand","embeddable":true,"href":"https:\/\/antcube.shop\/cs\/wp-json\/wp\/v2\/product_brand?post=11493"},{"taxonomy":"product_cat","embeddable":true,"href":"https:\/\/antcube.shop\/cs\/wp-json\/wp\/v2\/product_cat?post=11493"},{"taxonomy":"product_tag","embeddable":true,"href":"https:\/\/antcube.shop\/cs\/wp-json\/wp\/v2\/product_tag?post=11493"}],"curies":[{"name":"wp","href":"https:\/\/api.w.org\/{rel}","templated":true}]}}