{"id":11413,"date":"2025-04-11T16:43:25","date_gmt":"2025-04-11T14:43:25","guid":{"rendered":"https:\/\/antcube.shop\/en\/product\/light-strip-pro-40cm\/"},"modified":"2026-03-27T13:58:51","modified_gmt":"2026-03-27T12:58:51","slug":"svetelny-pasek-pro-40cm","status":"publish","type":"product","link":"https:\/\/antcube.shop\/cs\/produkt\/svetelny-pasek-pro-40cm\/","title":{"rendered":"Sv\u011bteln\u00fd p\u00e1sek Pro 40 cm"},"content":{"rendered":"<p><strong>Obsah:<\/strong><br \/>\n1x sv\u011bteln\u00fd p\u00e1sek LED Pro<br \/>\n1x dr\u017e\u00e1k pro mont\u00e1\u017e na strop v\u010detn\u011b \u0161roub\u016f<br \/>\n1x s\u00ed\u0165ov\u00e1 z\u00e1str\u010dka s vyp\u00edna\u010dem<\/p>\n<p><strong>Technick\u00e9 \u00fadaje:<\/strong><br \/>\nRozm\u011bry: 400x124x42 mm<br \/>\nOsv\u011btlen\u00ed: LED<br \/>\nSpot\u0159eba energie: 16 W<br \/>\nSv\u011bteln\u00fd tok: 2200 lm (140 lm\/W)<br \/>\nBarva sv\u011btla: 6000K<br \/>\n\u017divotnost: ~ 25 000 h<br \/>\nD\u00e9lka kabelu: 145 cm<\/p>\n<p><strong>Materi\u00e1l:<\/strong> plast<\/p>\n<p><strong>Barva:<\/strong> \u010dern\u00e1<\/p>\n<p><strong>Popis:<\/strong><br \/>\nLED osv\u011btlen\u00ed pro formik\u00e1ria, viv\u00e1ria a ter\u00e1ria o rozm\u011brech 60x30x60.<br \/>\nSv\u011bteln\u00e9 p\u00e1sky jsou chr\u00e1n\u011bny proti st\u0159\u00edkaj\u00edc\u00ed vod\u011b s kryt\u00edm IP65, tak\u017ee jsou ide\u00e1ln\u00ed pro tropick\u00e1 ter\u00e1ria. D\u00edky n\u00edzk\u00e9mu v\u00fdvinu tepla jsou lampy Light Strip velmi vhodn\u00e9 i pro druhy s ni\u017e\u0161\u00edmi n\u00e1roky na teplo.<\/p>","protected":false},"excerpt":{"rendered":"<p><span style=\"font-weight: 400;\">Spot\u0159eba energie: 16 W<\/span><\/p>","protected":false},"featured_media":11368,"comment_status":"open","ping_status":"closed","template":"","meta":{"_acf_changed":false,"content-type":"","_monsterinsights_skip_tracking":false,"_monsterinsights_sitenote_active":false,"_monsterinsights_sitenote_note":"","_monsterinsights_sitenote_category":0},"product_brand":[],"product_cat":[359,257,119],"product_tag":[],"class_list":{"0":"post-11413","1":"product","2":"type-product","3":"status-publish","4":"has-post-thumbnail","6":"product_cat-light-heat-humidity","7":"product_cat-new-innovatve-products","8":"product_cat-formicarium-components","10":"first","11":"instock","12":"taxable","13":"shipping-taxable","14":"purchasable","15":"product-type-simple"},"acf":[],"aioseo_notices":[],"jetpack_sharing_enabled":true,"_links":{"self":[{"href":"https:\/\/antcube.shop\/cs\/wp-json\/wp\/v2\/product\/11413","targetHints":{"allow":["GET"]}}],"collection":[{"href":"https:\/\/antcube.shop\/cs\/wp-json\/wp\/v2\/product"}],"about":[{"href":"https:\/\/antcube.shop\/cs\/wp-json\/wp\/v2\/types\/product"}],"replies":[{"embeddable":true,"href":"https:\/\/antcube.shop\/cs\/wp-json\/wp\/v2\/comments?post=11413"}],"wp:featuredmedia":[{"embeddable":true,"href":"https:\/\/antcube.shop\/cs\/wp-json\/wp\/v2\/media\/11368"}],"wp:attachment":[{"href":"https:\/\/antcube.shop\/cs\/wp-json\/wp\/v2\/media?parent=11413"}],"wp:term":[{"taxonomy":"product_brand","embeddable":true,"href":"https:\/\/antcube.shop\/cs\/wp-json\/wp\/v2\/product_brand?post=11413"},{"taxonomy":"product_cat","embeddable":true,"href":"https:\/\/antcube.shop\/cs\/wp-json\/wp\/v2\/product_cat?post=11413"},{"taxonomy":"product_tag","embeddable":true,"href":"https:\/\/antcube.shop\/cs\/wp-json\/wp\/v2\/product_tag?post=11413"}],"curies":[{"name":"wp","href":"https:\/\/api.w.org\/{rel}","templated":true}]}}