{"id":11411,"date":"2025-04-11T16:41:28","date_gmt":"2025-04-11T14:41:28","guid":{"rendered":"https:\/\/antcube.shop\/en\/product\/light-strip-20-erweiterung\/"},"modified":"2026-03-16T10:38:25","modified_gmt":"2026-03-16T09:38:25","slug":"prodlouzeni-svetelneho-pasu-20","status":"publish","type":"product","link":"https:\/\/antcube.shop\/cs\/produkt\/prodlouzeni-svetelneho-pasu-20\/","title":{"rendered":"Prodlou\u017een\u00ed sv\u011bteln\u00e9ho p\u00e1su 20"},"content":{"rendered":"<p><strong>Obsah:<\/strong><br \/>\n1x sv\u011bteln\u00fd p\u00e1sek LED mini 14 cm<br \/>\n1x dr\u017e\u00e1k pro mont\u00e1\u017e na strop v\u010detn\u011b \u0161roub\u016f<br \/>\n1x propojovac\u00ed kabel<br \/>\n1x p\u0159ipojovac\u00ed z\u00e1str\u010dka<\/p>\n<p><strong>Technick\u00e9 \u00fadaje:<\/strong><br \/>\nRozm\u011bry: 140x60x9 mm<br \/>\nOsv\u011btlen\u00ed: LED<br \/>\nSpot\u0159eba energie: 2 W<br \/>\nSv\u011bteln\u00fd tok: 210 lm (105 lm\/W)<br \/>\nBarva sv\u011btla: 3000K \/ 4000K \/ 6500K<br \/>\n\u017divotnost: ~ 25 000 h<br \/>\nD\u00e9lka kabelu: 30 cm<br \/>\nStm\u00edvateln\u00e9<\/p>\n<p><strong>Materi\u00e1l:<\/strong> Plastov\u00e9<\/p>\n<p><strong>Barva:<\/strong> b\u00edl\u00e1<\/p>\n<p><strong>Popis:<\/strong><br \/>\nIde\u00e1ln\u00ed pro v\u0161echny druhy mravenc\u016f. Spektrum podobn\u00e9 denn\u00edmu sv\u011btlu s dobr\u00fdm osv\u011btlen\u00edm formik\u00e1ria. \u017d\u00e1dn\u00e9 ne\u017e\u00e1douc\u00ed vyza\u0159ov\u00e1n\u00ed tepla, mimo\u0159\u00e1dn\u011b \u00fasporn\u00e9.<br \/>\nTato LED lampa je vhodn\u00e1 pro formik\u00e1ria a viv\u00e1ria o rozm\u011brech 20x20x20, 20x20x10 a 20x10x10. Lze ji jednodu\u0161e um\u00edstit na v\u00edko. Jas je stm\u00edvateln\u00fd v 10 \u00farovn\u00edch a lze nastavit 3 r\u016fzn\u00e9 barvy sv\u011btla, od \"studen\u00e9ho b\u00edl\u00e9ho\" p\u0159es \"p\u0159irozen\u00e9\" a\u017e po \"tepl\u00e9\" sv\u011btlo. Pro formik\u00e1ria o \u0161\u00ed\u0159ce 40 cm lze do sebe vlo\u017eit dv\u011b lampy. Z v\u00fd\u0161ky v\u011bt\u0161\u00ed ne\u017e 30 cm dopad\u00e1 na spodn\u00ed \u010d\u00e1st jen m\u00e1lo sv\u011btla.<\/p>\n<p><strong>D\u016fle\u017eit\u00e9:<\/strong> Bez nap\u00e1jen\u00ed! Funguje pouze ve spojen\u00ed se sv\u011bteln\u00fdm p\u00e1skem 20 (1005742) nebo 30 (1005742).<br \/>\nNap\u0159\u00edklad 6 \u017e\u00e1rovek 20 (a\u017e 12 W) m\u016f\u017ee b\u00fdt zapojeno do s\u00e9rie s nap\u00e1jec\u00ed jednotkou.<\/p>","protected":false},"excerpt":{"rendered":"<p><span style=\"font-weight: 400;\">Spot\u0159eba energie: 2 W<\/span><\/p>","protected":false},"featured_media":11377,"comment_status":"open","ping_status":"closed","template":"","meta":{"_acf_changed":false,"content-type":"","_monsterinsights_skip_tracking":false,"_monsterinsights_sitenote_active":false,"_monsterinsights_sitenote_note":"","_monsterinsights_sitenote_category":0},"product_brand":[],"product_cat":[359,257,119],"product_tag":[],"class_list":{"0":"post-11411","1":"product","2":"type-product","3":"status-publish","4":"has-post-thumbnail","6":"product_cat-light-heat-humidity","7":"product_cat-new-innovatve-products","8":"product_cat-formicarium-components","10":"first","11":"instock","12":"taxable","13":"shipping-taxable","14":"purchasable","15":"product-type-simple"},"acf":[],"aioseo_notices":[],"jetpack_sharing_enabled":true,"_links":{"self":[{"href":"https:\/\/antcube.shop\/cs\/wp-json\/wp\/v2\/product\/11411","targetHints":{"allow":["GET"]}}],"collection":[{"href":"https:\/\/antcube.shop\/cs\/wp-json\/wp\/v2\/product"}],"about":[{"href":"https:\/\/antcube.shop\/cs\/wp-json\/wp\/v2\/types\/product"}],"replies":[{"embeddable":true,"href":"https:\/\/antcube.shop\/cs\/wp-json\/wp\/v2\/comments?post=11411"}],"wp:featuredmedia":[{"embeddable":true,"href":"https:\/\/antcube.shop\/cs\/wp-json\/wp\/v2\/media\/11377"}],"wp:attachment":[{"href":"https:\/\/antcube.shop\/cs\/wp-json\/wp\/v2\/media?parent=11411"}],"wp:term":[{"taxonomy":"product_brand","embeddable":true,"href":"https:\/\/antcube.shop\/cs\/wp-json\/wp\/v2\/product_brand?post=11411"},{"taxonomy":"product_cat","embeddable":true,"href":"https:\/\/antcube.shop\/cs\/wp-json\/wp\/v2\/product_cat?post=11411"},{"taxonomy":"product_tag","embeddable":true,"href":"https:\/\/antcube.shop\/cs\/wp-json\/wp\/v2\/product_tag?post=11411"}],"curies":[{"name":"wp","href":"https:\/\/api.w.org\/{rel}","templated":true}]}}