{"id":11408,"date":"2025-04-11T16:39:04","date_gmt":"2025-04-11T14:39:04","guid":{"rendered":"https:\/\/antcube.shop\/en\/product\/fotoruckwand-regenwald-60x60\/"},"modified":"2026-03-26T10:55:56","modified_gmt":"2026-03-26T09:55:56","slug":"fotostena-60x60-rainforest","status":"publish","type":"product","link":"https:\/\/antcube.shop\/cs\/produkt\/fotostena-60x60-rainforest\/","title":{"rendered":"Foto zadn\u00ed st\u011bna 60\u00d760 de\u0161tn\u00fd prales"},"content":{"rendered":"<p><strong>Rozm\u011bry:<\/strong> 60x60 cm<\/p>\n<p><strong>Materi\u00e1l:<\/strong> Leskl\u00fd f\u00f3liov\u00fd pap\u00edr<\/p>\n<p><strong>Obsah:<\/strong> 1x zadn\u00ed st\u011bna pro fotografie<\/p>\n<p><strong>Popis:<\/strong> Toto fotografick\u00e9 pozad\u00ed se p\u0159ipevn\u00ed na zadn\u00ed stranu formik\u00e1ria zven\u010d\u00ed, aby vytv\u00e1\u0159elo dojem prost\u0159ed\u00ed, kter\u00e9 odpov\u00edd\u00e1 p\u0159irozen\u00e9mu prost\u0159ed\u00ed mravenc\u016f.<\/p>","protected":false},"excerpt":{"rendered":"<p>Rozm\u011bry: Materi\u00e1l: 60x60 cm: Materi\u00e1l: leskl\u00fd f\u00f3liov\u00fd pap\u00edr Obsah: Obsah: 1x fotost\u011bna Popis: Toto fotografick\u00e9 pozad\u00ed se p\u0159ipev\u0148uje na zadn\u00ed st\u011bnu formik\u00e1ria z vn\u011bj\u0161\u00ed strany, aby vytv\u00e1\u0159elo dojem prost\u0159ed\u00ed, kter\u00e9 odpov\u00edd\u00e1 p\u0159irozen\u00e9mu prost\u0159ed\u00ed mravenc\u016f.<\/p>","protected":false},"featured_media":5530,"comment_status":"open","ping_status":"closed","template":"","meta":{"_acf_changed":false,"content-type":"","_monsterinsights_skip_tracking":false,"_monsterinsights_sitenote_active":false,"_monsterinsights_sitenote_note":"","_monsterinsights_sitenote_category":0},"product_brand":[484],"product_cat":[97,106],"product_tag":[],"class_list":{"0":"post-11408","1":"product","2":"type-product","3":"status-publish","4":"has-post-thumbnail","6":"product_brand-antcube","7":"product_cat-photo-backwalls","8":"product_cat-rainforest-photo-backwall","10":"first","11":"instock","12":"taxable","13":"shipping-taxable","14":"purchasable","15":"product-type-simple"},"acf":[],"aioseo_notices":[],"jetpack_sharing_enabled":true,"_links":{"self":[{"href":"https:\/\/antcube.shop\/cs\/wp-json\/wp\/v2\/product\/11408","targetHints":{"allow":["GET"]}}],"collection":[{"href":"https:\/\/antcube.shop\/cs\/wp-json\/wp\/v2\/product"}],"about":[{"href":"https:\/\/antcube.shop\/cs\/wp-json\/wp\/v2\/types\/product"}],"replies":[{"embeddable":true,"href":"https:\/\/antcube.shop\/cs\/wp-json\/wp\/v2\/comments?post=11408"}],"wp:featuredmedia":[{"embeddable":true,"href":"https:\/\/antcube.shop\/cs\/wp-json\/wp\/v2\/media\/5530"}],"wp:attachment":[{"href":"https:\/\/antcube.shop\/cs\/wp-json\/wp\/v2\/media?parent=11408"}],"wp:term":[{"taxonomy":"product_brand","embeddable":true,"href":"https:\/\/antcube.shop\/cs\/wp-json\/wp\/v2\/product_brand?post=11408"},{"taxonomy":"product_cat","embeddable":true,"href":"https:\/\/antcube.shop\/cs\/wp-json\/wp\/v2\/product_cat?post=11408"},{"taxonomy":"product_tag","embeddable":true,"href":"https:\/\/antcube.shop\/cs\/wp-json\/wp\/v2\/product_tag?post=11408"}],"curies":[{"name":"wp","href":"https:\/\/api.w.org\/{rel}","templated":true}]}}