{"id":11407,"date":"2025-04-11T16:38:16","date_gmt":"2025-04-11T14:38:16","guid":{"rendered":"https:\/\/antcube.shop\/en\/product\/terracube-60x30x60-terrarium-mit-schiebetur\/"},"modified":"2026-04-02T12:12:14","modified_gmt":"2026-04-02T10:12:14","slug":"terracube-60x30x60-terarium-s-posuvnymi-dvermi","status":"publish","type":"product","link":"https:\/\/antcube.shop\/cs\/produkt\/terracube-60x30x60-terarium-s-posuvnymi-dvermi\/","title":{"rendered":"TERRACUBE 60x30x60 Ter\u00e1rium s posuvn\u00fdmi dve\u0159mi"},"content":{"rendered":"<p><strong>TERRACUBE Ter\u00e1rium 60x30x60 s posuvn\u00fdmi dv\u00ed\u0159ky a 2x 50mm otvory.<\/strong><\/p>\n<p><strong>Rozm\u011bry:<\/strong> 600 x 300 x 600 mm; tlou\u0161\u0165ka skla 4 mm<br \/>\n<strong>Materi\u00e1l:<\/strong> floatov\u00e9 sklo<br \/>\n<strong>P\u0159ipojen\u00ed:<\/strong> 2x otvor 50 mm (2x na boku)<\/p>\n<p><strong>P\u0159edn\u00ed otev\u00edr\u00e1n\u00ed (posuvn\u00e9 dve\u0159e):<\/strong> 300 \u00d7 300 mm<br \/>\nV\u00fd\u0161ka ty\u010de: 12,5 cm<br \/>\n\u0160\u00ed\u0159ka ty\u010de: 4 cm<\/p>\n<p><strong>Popis:<\/strong><br \/>\n<strong>TERRACUBE - Pln\u011b pr\u016fhledn\u00fd modul\u00e1rn\u00ed terarijn\u00ed syst\u00e9m s chytr\u00fdmi detaily<\/strong><br \/>\nTer\u00e1ria TERRACUBE se vyzna\u010duj\u00ed maxim\u00e1ln\u00ed pr\u016fhlednost\u00ed (360\u00b0) a elegantn\u00edm, pr\u016fhledn\u00fdm designem. V\u0161echny hrany jsou p\u0159esn\u011b slepen\u00e9, tak\u017ee nejsou vid\u011bt \u017e\u00e1dn\u00e9 nep\u0159\u00edjemn\u00e9 silikonov\u00e9 \u0161vy. Pou\u017eit\u00fd silikon je nav\u00edc zcela pr\u016fhledn\u00fd - pro v\u0161estrann\u00fd nezakryt\u00fd pohled do interi\u00e9ru.<\/p>\n<p><strong>D\u016fmysln\u00e9 v\u011btr\u00e1n\u00ed a technick\u00e9 p\u0159\u00edstupov\u00e9 body<\/strong><br \/>\n<strong>Dva bo\u010dn\u00ed otvory (ka\u017ed\u00fd \u00d8 50 mm) nab\u00edzej\u00ed flexibiln\u00ed mo\u017enosti pou\u017eit\u00ed:<\/strong><br \/>\nMohou b\u00fdt pou\u017eity bu\u010f pro dodate\u010dn\u00e9 v\u011btr\u00e1n\u00ed, nebo jako p\u0159\u00edstup k technologi\u00edm, jako jsou termo\/hygrometry, mlhova\u010de, topn\u00e9 kameny a mnoho dal\u0161\u00edho.<\/p>\n<p>Kryt se prod\u00e1v\u00e1 samostatn\u011b a je k dispozici v r\u016fzn\u00fdch verz\u00edch - s r\u016fzn\u00fdmi v\u011btrac\u00edmi plochami a otvory pro dodate\u010dn\u00e9 v\u011btr\u00e1n\u00ed nebo technick\u00e9 p\u0159\u00edslu\u0161enstv\u00ed, jako jsou de\u0161\u0165ov\u00e9 syst\u00e9my nebo ventil\u00e1tory, v z\u00e1vislosti na stanovi\u0161ti.<\/p>\n<p><strong>Bezpe\u010dn\u00e1 m\u0159\u00ed\u017eka - vhodn\u00e1 i pro mal\u00e1 zv\u00ed\u0159ata<\/strong><br \/>\nV\u011btrac\u00ed m\u0159\u00ed\u017eka z nerezov\u00e9 oceli s jemn\u00fdmi oky na ty\u010di je tak t\u011bsn\u00e1, \u017ee se z n\u00ed nedostanou ani drobn\u00e9 druhy, jako jsou ovocn\u00e9 mu\u0161ky (Drosophila) nebo mravenci. Je podep\u0159ena robustn\u00ed perforovanou hlin\u00edkovou deskou. D\u00edky tomu tento koncept nekoroduje (je nen\u00e1ro\u010dn\u00fd na \u00fadr\u017ebu a odoln\u00fd) a je stabiln\u00ed i v\u016f\u010di mechanick\u00fdm n\u00e1raz\u016fm v\u011bt\u0161\u00edch plaz\u016f.<\/p>\n<p><strong>Posuvn\u00e9 dve\u0159e - praktick\u00e9 a t\u00e9m\u011b\u0159 neviditeln\u00e9<\/strong><br \/>\nPraktick\u00e9 posuvn\u00e9 dve\u0159e jsou opat\u0159eny pr\u016fhlednou rukojet\u00ed na podobn\u011b pr\u016fhledn\u00e9m dr\u017e\u00e1ku. To znamen\u00e1, \u017ee pozornost v\u017edy z\u016fst\u00e1v\u00e1 zam\u011b\u0159ena na pe\u010dliv\u011b navr\u017een\u00fd interi\u00e9r nebo na zv\u00ed\u0159ata chovan\u00e1 uvnit\u0159.<\/p>\n<p><strong>Modul\u00e1rn\u00ed syst\u00e9m - spojte ter\u00e1ria dohromady<\/strong><br \/>\nN\u011bkolik ter\u00e1ri\u00ed TERRACUBE lze spojit dohromady d\u00edky otvor\u016fm na bo\u010dn\u00ed stran\u011b a odpov\u00eddaj\u00edc\u00edm pr\u016fhledn\u00fdm akrylov\u00fdm spojk\u00e1m nebo trubk\u00e1m.<br \/>\nV sousedn\u00ed n\u00e1dr\u017ei lze nap\u0159\u00edklad chovat kolonii mravenc\u016f jako zdroj potravy pro plazy - s bezpe\u010dn\u00fdm \u00fastupem, pokud plaz nem\u016f\u017ee proj\u00edt trubic\u00ed. T\u00edmto zp\u016fsobem lze tak\u00e9 flexibiln\u011b roz\u0161\u00ed\u0159it cel\u00e9 syst\u00e9my, nap\u0159\u00edklad pro \u017e\u00e1by nebo salamandry.<\/p>\n<p><strong>Pozn\u00e1mka:<\/strong> Sklo je \u0159ez\u00e1no na m\u00edru podle normy DIN 1249 s toleranc\u00ed +\/- 1 mm. U extr\u00e9mn\u011b mal\u00fdch druh\u016f mravenc\u016f je nezbytn\u00e1 dodate\u010dn\u00e1 ochrana proti \u00faniku.<\/p>","protected":false},"excerpt":{"rendered":"<p>TERRACUBE Ter\u00e1rium 60x30x60 s posuvn\u00fdmi dv\u00ed\u0159ky a 2x 50mm otvory. Rozm\u011bry: Materi\u00e1l: plaven\u00e9 sklo P\u0159ipojen\u00ed: 2x 50 mm otvor (2x na boku) P\u0159edn\u00ed otvor (posuvn\u00e9 dve\u0159e): V\u00fd\u0161ka p\u0159\u00ed\u010dky: 12,5 cm \u0160\u00ed\u0159ka p\u0159\u00ed\u010dky: 4 cm TERRACUBE - Pln\u011b pr\u016fhledn\u00fd modul\u00e1rn\u00ed terarijn\u00ed syst\u00e9m.","protected":false},"featured_media":11397,"comment_status":"open","ping_status":"closed","template":"","meta":{"_acf_changed":false,"content-type":"","_monsterinsights_skip_tracking":false,"_monsterinsights_sitenote_active":false,"_monsterinsights_sitenote_note":"","_monsterinsights_sitenote_category":0},"product_brand":[499],"product_cat":[257],"product_tag":[],"class_list":{"0":"post-11407","1":"product","2":"type-product","3":"status-publish","4":"has-post-thumbnail","6":"product_brand-terracube","7":"product_cat-new-innovatve-products","8":"product_shipping_class-forwarding-on-pallet","10":"first","11":"instock","12":"taxable","13":"shipping-taxable","14":"purchasable","15":"product-type-simple"},"acf":[],"aioseo_notices":[],"jetpack_sharing_enabled":true,"_links":{"self":[{"href":"https:\/\/antcube.shop\/cs\/wp-json\/wp\/v2\/product\/11407","targetHints":{"allow":["GET"]}}],"collection":[{"href":"https:\/\/antcube.shop\/cs\/wp-json\/wp\/v2\/product"}],"about":[{"href":"https:\/\/antcube.shop\/cs\/wp-json\/wp\/v2\/types\/product"}],"replies":[{"embeddable":true,"href":"https:\/\/antcube.shop\/cs\/wp-json\/wp\/v2\/comments?post=11407"}],"wp:featuredmedia":[{"embeddable":true,"href":"https:\/\/antcube.shop\/cs\/wp-json\/wp\/v2\/media\/11397"}],"wp:attachment":[{"href":"https:\/\/antcube.shop\/cs\/wp-json\/wp\/v2\/media?parent=11407"}],"wp:term":[{"taxonomy":"product_brand","embeddable":true,"href":"https:\/\/antcube.shop\/cs\/wp-json\/wp\/v2\/product_brand?post=11407"},{"taxonomy":"product_cat","embeddable":true,"href":"https:\/\/antcube.shop\/cs\/wp-json\/wp\/v2\/product_cat?post=11407"},{"taxonomy":"product_tag","embeddable":true,"href":"https:\/\/antcube.shop\/cs\/wp-json\/wp\/v2\/product_tag?post=11407"}],"curies":[{"name":"wp","href":"https:\/\/api.w.org\/{rel}","templated":true}]}}