{"id":11137,"date":"2025-03-06T15:59:48","date_gmt":"2025-03-06T14:59:48","guid":{"rendered":"https:\/\/antcube.shop\/en\/product\/antcube-arena-60x30x60-mit-schiebetur\/"},"modified":"2026-01-12T12:41:14","modified_gmt":"2026-01-12T11:41:14","slug":"antcube-arena-60x30x60-s-posuvnymi-dvermi","status":"publish","type":"product","link":"https:\/\/antcube.shop\/cs\/produkt\/antcube-arena-60x30x60-s-posuvnymi-dvermi\/","title":{"rendered":"ANTCUBE Arena 60x30x60 s posuvn\u00fdmi dve\u0159mi"},"content":{"rendered":"<p><strong>ANTCUBE Arena 60x30x60 s posuvn\u00fdmi dve\u0159mi a 4x 50mm otvory.<\/strong><\/p>\n<p><strong>Rozm\u011bry:<\/strong> 600 x 300 x 600 mm; tlou\u0161\u0165ka skla 4 mm<br \/>\n<strong>Materi\u00e1l:<\/strong> floatov\u00e9 sklo<br \/>\n<strong>P\u0159ipojen\u00ed:<\/strong> 4x otvor 50 mm (2x na boku a 2x vp\u0159edu)<\/p>\n<p><strong>P\u0159edn\u00ed otev\u00edr\u00e1n\u00ed (posuvn\u00e9 dve\u0159e):<\/strong> 300 \u00d7 300 mm<\/p>\n<p><strong>Popis:<\/strong> Na\u0161e ar\u00e9na ANTCUBE 60x30x60 s posuvn\u00fdmi dve\u0159mi byla vyvinuta tak, aby se v n\u00ed dalo pohodln\u011b pracovat i v pln\u00e9 form\u011b. Je vhodn\u00e1 tak\u00e9 jako roz\u0161\u00ed\u0159en\u00ed na\u0161\u00ed ar\u00e9ny s posuvn\u00fdmi dve\u0159mi o rozm\u011brech 60x30x30. Rozd\u00edl spo\u010d\u00edv\u00e1 v nov\u00fdch otvorech v p\u0159edn\u00ed \u010d\u00e1sti, kter\u00e9 umo\u017e\u0148uj\u00ed vytvo\u0159it dodate\u010dn\u00e9 v\u011btr\u00e1n\u00ed, nebo pokud nen\u00ed po stran\u00e1ch m\u00edsto, p\u0159ipojit dal\u0161\u00ed ar\u00e9ny s akrylov\u00fdmi trubkami p\u0159es p\u0159edn\u00ed p\u0159\u00edpojky. Hod\u00ed se zejm\u00e9na jako formik\u00e1rium pro mravence tkalce (Polyrhachis a Oecophylla), proto\u017ee se r\u00e1di stav\u00ed nahoru a pot\u0159ebuj\u00ed hostitelskou rostlinu. Druhy \u017eij\u00edc\u00ed na stromech, jako je Tetraponera, jsou tak\u00e9 r\u00e1dy, \u017ee maj\u00ed mo\u017enost \u0161plhat. N\u011bkdy m\u016f\u017ee b\u00fdt obt\u00ed\u017en\u00e9 odstranit nap\u0159\u00edklad odpad z \u017eivo\u010dich\u016f na dn\u011b formik\u00e1ria. S touto speci\u00e1ln\u011b upravenou n\u00e1dr\u017e\u00ed to nen\u00ed probl\u00e9m. Posuvn\u00e1 dv\u00ed\u0159ka jsou tak\u00e9 velmi praktick\u00e1 pro krmn\u00e9 n\u00e1dr\u017ee pro mravence Acromyrmex nebo listonohy Atta, proto\u017ee zbytky rostlin a dal\u0161\u00ed odpad lze snadno odstranit. Pro horn\u00ed otvor je samostatn\u011b k dispozici tak\u00e9 ochrann\u00fd r\u00e1m 60 \u00d7 30 proti vylomen\u00ed a kryt ar\u00e9ny 60 \u00d7 30 s v\u011bt\u0161\u00edm v\u011btrac\u00edm prostorem nebo bez n\u011bj.<\/p>\n<p><strong>Pozn\u00e1mka:<\/strong> Sklo je \u0159ez\u00e1no na m\u00edru podle normy DIN 1249 s toleranc\u00ed +\/- 1 mm. U extr\u00e9mn\u011b mal\u00fdch druh\u016f mravenc\u016f je nezbytn\u00e1 dodate\u010dn\u00e1 ochrana proti \u00faniku.<\/p>","protected":false},"excerpt":{"rendered":"<p>P\u0159ipojen\u00ed: 4x otvor 50 mm<\/p>","protected":false},"featured_media":11138,"comment_status":"open","ping_status":"closed","template":"","meta":{"_acf_changed":false,"content-type":"","_monsterinsights_skip_tracking":false,"_monsterinsights_sitenote_active":false,"_monsterinsights_sitenote_note":"","_monsterinsights_sitenote_category":0},"product_brand":[484],"product_cat":[257,85,86],"product_tag":[],"class_list":{"0":"post-11137","1":"product","2":"type-product","3":"status-publish","4":"has-post-thumbnail","6":"product_brand-antcube","7":"product_cat-new-innovatve-products","8":"product_cat-ant-arenas","9":"product_cat-formicariums","10":"product_shipping_class-forwarding-on-pallet","12":"first","13":"instock","14":"taxable","15":"shipping-taxable","16":"purchasable","17":"product-type-simple"},"acf":[],"aioseo_notices":[],"jetpack_sharing_enabled":true,"_links":{"self":[{"href":"https:\/\/antcube.shop\/cs\/wp-json\/wp\/v2\/product\/11137","targetHints":{"allow":["GET"]}}],"collection":[{"href":"https:\/\/antcube.shop\/cs\/wp-json\/wp\/v2\/product"}],"about":[{"href":"https:\/\/antcube.shop\/cs\/wp-json\/wp\/v2\/types\/product"}],"replies":[{"embeddable":true,"href":"https:\/\/antcube.shop\/cs\/wp-json\/wp\/v2\/comments?post=11137"}],"wp:featuredmedia":[{"embeddable":true,"href":"https:\/\/antcube.shop\/cs\/wp-json\/wp\/v2\/media\/11138"}],"wp:attachment":[{"href":"https:\/\/antcube.shop\/cs\/wp-json\/wp\/v2\/media?parent=11137"}],"wp:term":[{"taxonomy":"product_brand","embeddable":true,"href":"https:\/\/antcube.shop\/cs\/wp-json\/wp\/v2\/product_brand?post=11137"},{"taxonomy":"product_cat","embeddable":true,"href":"https:\/\/antcube.shop\/cs\/wp-json\/wp\/v2\/product_cat?post=11137"},{"taxonomy":"product_tag","embeddable":true,"href":"https:\/\/antcube.shop\/cs\/wp-json\/wp\/v2\/product_tag?post=11137"}],"curies":[{"name":"wp","href":"https:\/\/api.w.org\/{rel}","templated":true}]}}