{"id":10988,"date":"2025-01-29T13:27:22","date_gmt":"2025-01-29T12:27:22","guid":{"rendered":"https:\/\/antcube.shop\/en\/product\/bundle-offer-pheidole-pallidula\/"},"modified":"2026-04-13T09:30:15","modified_gmt":"2026-04-13T07:30:15","slug":"nabidka-svazku-pheidole-pallidula","status":"publish","type":"product","link":"https:\/\/antcube.shop\/cs\/produkt\/nabidka-svazku-pheidole-pallidula\/","title":{"rendered":"Nab\u00eddka bal\u00ed\u010dk\u016f - Crematogaster scutellaris"},"content":{"rendered":"<p id=\"docs-internal-guid-f360e18f-7fff-1fa7-2486-66b6ea8170c9\" dir=\"ltr\"><span data-text-color=\"secondary\"><strong>Nab\u00eddka bal\u00ed\u010dk\u016f obsahuje mraveni\u0161t\u011b Crematogaster scutellaris (kr\u00e1lovna s 5-10 d\u011blnicemi + sn\u016f\u0161ka), startovac\u00ed sadu Digfix S, 2x podlo\u017eky do formik\u00e1ria a pou\u0161tn\u00ed fotopozad\u00ed.<\/strong><\/span><\/p>\n<p dir=\"ltr\"><span data-text-color=\"alert\"><strong>Pouze do vyprod\u00e1n\u00ed z\u00e1sob.<\/strong><\/span><\/p>\n<h2 dir=\"ltr\"><strong>V\u0161e, co pot\u0159ebujete pro kolonii mravenc\u016f Crematogaster scutellaris<\/strong><\/h2>\n<p dir=\"ltr\">Tento bal\u00ed\u010dek obsahuje v\u0161e, co pot\u0159ebujete k \u00fasp\u011b\u0161n\u00e9mu udr\u017een\u00ed kolonie Crematogaster scutellaris b\u011bhem prvn\u00edch m\u011bs\u00edc\u016f chovu. Je ide\u00e1ln\u00ed pro za\u010d\u00e1te\u010dn\u00edky a lze jej snadno roz\u0161\u00ed\u0159it.<\/p>\n<h3 dir=\"ltr\"><strong>Druh mravence Crematogaster scutellaris<\/strong><\/h3>\n<p>Crematogaster scutellaris je p\u0159ev\u00e1\u017en\u011b v\u0161e\u017erav\u00fd druh mravence, kter\u00fd konzumuje rostlinnou i \u017eivo\u010di\u0161nou potravu. Je roz\u0161\u00ed\u0159en v cel\u00e9 oblasti St\u0159edomo\u0159\u00ed a vyskytuje se tak\u00e9 v ji\u017en\u00edch \u010d\u00e1stech st\u0159edn\u00ed Evropy. Pro tento druh je typick\u00e9 jeho charakteristick\u00e9 hru\u0161kovit\u00e9 b\u0159icho, kter\u00e9 v p\u0159\u00edpad\u011b nebezpe\u010d\u00ed zved\u00e1 - n\u00e1padn\u00e9 chov\u00e1n\u00ed, kter\u00e9 m\u00e1 odradit nep\u0159\u00e1tele.<\/p>\n<p>Kolonie se obvykle skl\u00e1daj\u00ed z jedn\u00e9 kr\u00e1lovny (monogynn\u00ed), ale m\u016f\u017ee v nich b\u00fdt i n\u011bkolik kr\u00e1loven. D\u011blnice se chovaj\u00ed aktivn\u011b a zv\u011bdav\u011b a sv\u00e1 hn\u00edzda energicky br\u00e1n\u00ed. Crematogaster scutellaris je zn\u00e1m\u00fd zejm\u00e9na svou schopnost\u00ed hn\u00edzdit v mrtv\u00e9m d\u0159ev\u011b nebo v dutin\u00e1ch strom\u016f.<\/p>\n<h3 dir=\"ltr\"><strong>Hn\u00edzdo pro Crematogaster scutellaris<\/strong><\/h3>\n<p dir=\"ltr\">Proto\u017ee tento druh hn\u00edzd\u00ed nejrad\u011bji v such\u00e9m mrtv\u00e9m d\u0159ev\u011b nebo ve \u0161t\u011brbin\u00e1ch a trhlin\u00e1ch, obsahuje tato sada hn\u00edzdn\u00ed vlo\u017eku Digfix. Ta umo\u017e\u0148uje dobr\u00fd v\u00fdhled dovnit\u0159 hn\u00edzda a simuluje p\u0159\u00edrodn\u00ed podm\u00ednky. Alternativn\u011b je lze chovat v korkov\u00fdch nebo d\u0159ev\u011bn\u00fdch hn\u00edzdech, kter\u00e1 se velmi bl\u00ed\u017e\u00ed jejich p\u0159irozen\u00e9mu prost\u0159ed\u00ed.<\/p>\n<h3 dir=\"ltr\"><strong>Potrava pro Crematogaster scutellaris<\/strong><\/h3>\n<p dir=\"ltr\">Crematogaster scutellaris je v\u0161e\u017eravec, kter\u00fd d\u00e1v\u00e1 p\u0159ednost sladk\u00fdm tekutin\u00e1m, jako je med nebo cukern\u00e9 roztoky. Pot\u0159ebuje tak\u00e9 potravu bohatou na b\u00edlkoviny, nap\u0159. drobn\u00fd hmyz, zejm\u00e9na pro odchov ml\u00e1\u010fat. Ve voln\u00e9 p\u0159\u00edrod\u011b se \u017eiv\u00ed tak\u00e9 m\u00edzou strom\u016f a drobn\u00fdmi \u010dlenovci.<\/p>\n<h3 dir=\"ltr\"><strong>Klimatick\u00e9 podm\u00ednky pro Crematogaster scutellaris<\/strong><\/h3>\n<p dir=\"ltr\">Vlhkost:<br \/>\nAr\u00e9na: 30 - 50%<br \/>\nOblast hn\u00edzda: 50 - 60%<br \/>\nTeplota:<br \/>\nAr\u00e9na: 24 - 30 \u00b0C<br \/>\nOblast hn\u00edzda: 22 - 28\u00b0C<\/p>\n<p dir=\"ltr\">Crematogaster scutellaris je ide\u00e1ln\u00ed jak pro za\u010d\u00e1te\u010dn\u00edky, tak pro zku\u0161en\u00e9 chovatele mravenc\u016f. D\u00edky sv\u00e9mu aktivn\u00edmu chov\u00e1n\u00ed, n\u00e1padn\u00e9mu tvaru a zbarven\u00ed t\u011bla a zp\u016fsobu stavby hn\u00edzda nab\u00edz\u00ed vzru\u0161uj\u00edc\u00ed pohled do \u017eivota mraven\u010d\u00ed kolonie.<\/p>\n<p dir=\"ltr\"><strong>Obsah:<\/strong><br \/>\n1x mraveni\u0161t\u011b Crematogaster scutellaris (kr\u00e1lovna + 5-10 d\u011blnic + ml\u00e1\u010fata)<br \/>\n1x roztok cukru a medu (SH) - n\u00e1pl\u0148 10 ml<br \/>\n1x cel\u00ed blan\u0161\u00edrovan\u00ed cvr\u010dci 10g<br \/>\n1x podlo\u017eka do formik\u00e1ria - 20x20cm<br \/>\n1x podlo\u017eka pod mraveni\u0161t\u011b - 20x6cm<br \/>\n1x pou\u0161tn\u00ed fotografick\u00e9 pozad\u00ed 20\u00d710<br \/>\n1x ANTCUBE - Arena 20x20x10 - ploch\u00e1<br \/>\n1x r\u00e1m Arena 20\u00d720<br \/>\n1x kryt ar\u00e9ny 20\u00d720<br \/>\n4x Upev\u0148ovac\u00ed bod pro kryt ar\u00e9ny<br \/>\n1x ANTCUBE - mraveni\u0161t\u011b - S - 20\u00d720 - stoj\u00edc\u00ed<br \/>\n1x ANTCUBE - Digfixov\u00e1 deska 20\u00d720 - S<br \/>\n1x 0,5m pr\u016fhledn\u00e1 trubka 10\/06 mm<br \/>\nANTCUBE - \u010cerven\u00e1 f\u00f3lie 20\u00d720 - Filtr<br \/>\n1x samolepic\u00ed klipy - pr\u016fhledn\u00e9 - 2 ks.<br \/>\n1x substr\u00e1t - p\u00eds\u010ditohlinit\u00fd b\u00e9\u017eov\u00fd - 200g<br \/>\n1x vlo\u017eka s oky - 50 mm - nerezov\u00e1 ocel<br \/>\n1x formik\u00e1\u0159sk\u00e1 z\u00e1tka pro 50mm otvor<br \/>\n1x formik\u00e1\u0159sk\u00e1 z\u00e1tka pro 27mm otvor<br \/>\n1x v\u00ed\u010dko formikaria pro 6mm z\u00e1suvku<br \/>\n1x konektor pro umyvadlo B-27 a S-10-16 mm M25 - sada<br \/>\n1x 2ml podava\u010d - 360\u00b0<br \/>\n1x \u010dir\u00e1 miska na pit\u00ed 20ml - houbi\u010dka<br \/>\n1x pr\u016fhledn\u00fd kel\u00edmek na potraviny 1\u00d720 - houba<br \/>\n1x analogov\u00fd mini termohygrometr - z\u00e1v\u011bsn\u00fd displej<br \/>\n1x pr\u00e1\u0161ek na ochranu proti \u00faniku mravenc\u016f 10ml<br \/>\n1x pinzeta pru\u017einov\u00e1 ocel - \u0161irok\u00e1 - m\u011bkk\u00e1<br \/>\n1x pinzeta plastov\u00e1 pr\u016fhledn\u00e1<br \/>\n1x plastov\u00e1 pipeta 3ml<br \/>\n1x ru\u010dn\u00ed lupa - 2x - 30mm<br \/>\n1x p\u011bnov\u00fd st\u011bra\u010d 150x18x2,5 mm<\/p>\n<p dir=\"ltr\"><strong>Popis:<\/strong><br \/>\nStartovac\u00ed sada Digfix je vhodn\u00e1 pro r\u016fzn\u00e9 druhy mravenc\u016f, zejm\u00e9na pro ty, kte\u0159\u00ed hn\u00edzd\u00ed v p\u00edsku a (mrtv\u00e9m) d\u0159ev\u011b. M\u016f\u017ee b\u00fdt uchov\u00e1v\u00e1na v suchu nebo m\u00edrn\u011b vlhk\u00e1.<br \/>\nPr\u016fhlednou farmu lze pou\u017e\u00edt s deskou ANTCUBE Digfix. Mravenci si do materi\u00e1lu vyhrab\u00e1vaj\u00ed vlastn\u00ed tunely a kom\u016frky. V p\u0159\u00edpad\u011b pot\u0159eby lze p\u0159es 50mm otvory v krytu p\u0159ipojit dal\u0161\u00ed moduly, nap\u0159\u00edklad samostatn\u011b dostupn\u00e9 mlhova\u010de, ventil\u00e1tory nebo sv\u011btla. P\u0159\u00edpadn\u011b jsou sou\u010d\u00e1st\u00ed dod\u00e1vky odpov\u00eddaj\u00edc\u00ed formik\u00e1\u0159sk\u00e9 z\u00e1tky, kter\u00e9 otvory uzav\u0159ou. Pokud d\u00e1v\u00e1te p\u0159ednost, m\u016f\u017eete formik\u00e1rium provozovat i otev\u0159en\u011b, sta\u010d\u00ed odn\u00edmateln\u00fd r\u00e1m polo\u017eit na zem a na jeho okraj nan\u00e9st olej na ochranu proti \u00faniku mravenc\u016f. Zal\u00e9vac\u00ed n\u00e1dobka 2 ml - 360 stup\u0148\u016f\" je ur\u010dena pro medov\u00fd\/cukrov\u00fd roztok, \"zal\u00e9vac\u00ed n\u00e1dobka \u010dir\u00e1 20 ml - houbi\u010dka\" pro vodu. Na r\u00e1mek nebo kryt lze p\u0159ipevnit \"mini termo- vlhkom\u011br\", kter\u00fd zobrazuje klimatick\u00e9 hodnoty.<\/p>\n<p dir=\"ltr\"><span data-text-color=\"alert\"><strong>D\u016fle\u017eit\u00e9:<\/strong><\/span> P\u0159ed pou\u017eit\u00edm p\u016fdu navlh\u010dete, aby se sm\u011bs mohla v mraveni\u0161ti spojit a pevn\u011b uchytit. P\u0159\u00edli\u0161 such\u00e1 a pra\u0161n\u00e1 zemina m\u016f\u017ee nav\u00edc zp\u016fsobit ucp\u00e1n\u00ed d\u00fdchac\u00edch cest mravenc\u016f, co\u017e m\u016f\u017ee v nejhor\u0161\u00edm p\u0159\u00edpad\u011b v\u00e9st k jejich udu\u0161en\u00ed.<\/p>\n<p dir=\"ltr\"><strong>Doporu\u010den\u00ed:<\/strong> Doporu\u010dujeme polo\u017eit 2 mm vysokou vrstvu substr\u00e1tu, aby se zv\u00ed\u0159ata nemohla do ar\u00e9ny zahrabat a m\u00edsto toho pou\u017e\u00edvala k tomuto \u00fa\u010delu poskytnut\u00fd statek. Doporu\u010dujeme tak\u00e9 lehce prop\u00edchat hn\u00edzdn\u00ed materi\u00e1l ve farm\u011b (p\u00edsek\/hl\u00edna, Digfix atd.) na jednom m\u00edst\u011b, aby se zv\u00ed\u0159at\u016fm l\u00e9pe hrabalo.<br \/>\n<strong>Pozn\u00e1mka:<\/strong> Hn\u00edzdo lze pou\u017e\u00edt v such\u00e9m nebo vlhk\u00e9m formik\u00e1riu. Pokud je hn\u00edzdo trvale vlhk\u00e9 (p\u0159\u00edli\u0161 mokr\u00e9), mohou zbytky potravy zp\u016fsobit tvorbu pl\u00edsn\u00ed.<br \/>\n<strong>Pozn\u00e1mka k Digfixu:<\/strong> P\u0159irozen\u00e1 barva se m\u016f\u017ee pohybovat mezi zeleno\u0161edohn\u011bdou a zemit\u011b hn\u011bdou. Barva nem\u00e1 vliv na kvalitu.<\/p>\n<p dir=\"ltr\"><strong>Pozn\u00e1mky k v\u00fdrob\u011b<\/strong><br \/>\nSklo je brou\u0161eno podle normy DIN 1249 s toleranc\u00ed +\/- 1 mm. U extr\u00e9mn\u011b mal\u00fdch druh\u016f mravenc\u016f je nezbytn\u00e1 dodate\u010dn\u00e1 ochrana proti vylomen\u00ed.<\/p>\n<p dir=\"ltr\"><strong>Pozn\u00e1mky k farm\u011b<\/strong><br \/>\nP\u0159i p\u0159ipojov\u00e1n\u00ed nebo odpojov\u00e1n\u00ed trubek je t\u0159eba db\u00e1t na n\u00e1sleduj\u00edc\u00ed:<br \/>\nPokud je obt\u00ed\u017en\u00e9 nasadit trubi\u010dku na konektor, je t\u0159eba na konektor nan\u00e9st kapku na\u0161eho oleje nebo pr\u00e1\u0161ku proti \u00faniku. Pot\u00e9 je t\u0159eba trubi\u010dku na konektor nasunout ot\u00e1\u010den\u00edm nebo \u0161roubov\u00e1n\u00edm, ani\u017e by se na konektor vyv\u00edjel tlak nahoru a dol\u016f. Tot\u00e9\u017e plat\u00ed i p\u0159i vyj\u00edm\u00e1n\u00ed trubek z konektoru farmy. Neodstra\u0148ujte je jen tak!<\/p>\n<p dir=\"ltr\"><strong>Pozn\u00e1mky ke h\u0159e Cricket Jam:<\/strong><br \/>\nN\u00e1\u0161 cvr\u010d\u010d\u00ed d\u017eem p\u0159edstavuje snadn\u00fd zp\u016fsob, jak mravenc\u016fm poskytnout \u010derstv\u011b konzervovanou proteinovou potravu, ani\u017e by museli krmit \u017eiv\u00fdm hmyzem. Cvr\u010dci (Acheta domesticus) jsou \u0161etrn\u011b va\u0159eni, aby byla zachov\u00e1na jejich v\u00fd\u017eivn\u00e1 hodnota, chu\u0165 a v\u016fn\u011b. Krom\u011b toho se t\u00edmto zp\u016fsobem zm\u011bk\u010d\u00ed chitinov\u00fd exoskelet hmyzu, aby se dal snadn\u011bji str\u00e1vit. B\u00edlkovinn\u00e9 slou\u010deniny kolagenu se roz\u0161t\u011bp\u00ed, aby je mravenci mohli l\u00e9pe vyu\u017e\u00edt. Acheta domesticus z konzervy maj\u00ed stejnou v\u00fd\u017eivovou hodnotu jako \u017eiv\u00ed cvr\u010dci, ale jsou l\u00e9pe straviteln\u00ed.<br \/>\nCricket Jam nen\u00ed vhodn\u00fd pro lov druh\u016f mravenc\u016f, kte\u0159\u00ed vy\u017eaduj\u00ed \u017eivou potravu (nap\u0159. ponravy (velc\u00ed mravenci), jako jsou Harpegnathos nebo Odontomachus).<\/p>\n<p dir=\"ltr\"><strong>Dal\u0161\u00ed v\u00fdhody:<\/strong><br \/>\nZaru\u010den\u011b bez rozto\u010d\u016f<br \/>\nLze porcovat a \u0159edit vodou<br \/>\nSterilizovan\u00e9 a vakuov\u011b balen\u00e9<br \/>\nBez p\u0159\u00edsad<br \/>\nCvr\u010dci z udr\u017eiteln\u00e9ho \u010dist\u011b ekologick\u00e9ho chovu, krmeni organick\u00fdm odpadem<\/p>\n<p dir=\"ltr\"><strong>Pozn\u00e1mka:<\/strong><br \/>\nPo otev\u0159en\u00ed lze uchov\u00e1vat v chladni\u010dce asi \u010dty\u0159i dny. P\u0159i zmrazen\u00ed je trvanlivost del\u0161\u00ed.<\/p>\n<p dir=\"ltr\"><strong>Pozor<\/strong>: Nejprve porcujte a pot\u00e9 zmrazte.<\/p>\n<p dir=\"ltr\"><strong>Pozn\u00e1mky k roztoku cukru a medu (ZH) - n\u00e1pl\u0148 10 ml<\/strong><br \/>\nObsah: 10 ml<\/p>\n<p dir=\"ltr\"><strong>Popis:<\/strong> Jedn\u00e1 se o v\u00fdrobek slo\u017een\u00fd z r\u016fzn\u00fdch sacharid\u016f (nap\u0159. medu a cukru).<\/p>\n<p dir=\"ltr\"><strong>Pou\u017eit\u00ed:<\/strong> Potravn\u00ed trubice m\u016f\u017ee b\u00fdt um\u00edst\u011bna cel\u00e1 ve formik\u00e1riu, p\u0159\u00edpadn\u011b lze v z\u00e1vislosti na pot\u0159eb\u00e1ch\/velikosti kolonie um\u00edstit men\u0161\u00ed mno\u017estv\u00ed do misky s potravou. Krmivo by m\u011blo b\u00fdt spot\u0159ebov\u00e1no p\u0159ibli\u017en\u011b do 3 dn\u016f, jinak hroz\u00ed riziko vzniku pl\u00edsn\u00ed. Ze stejn\u00e9ho d\u016fvodu misku s potravou p\u0159ed dopln\u011bn\u00edm vy\u010dist\u011bte.<\/p>\n<p dir=\"ltr\"><strong>Pou\u017eit\u00ed:<\/strong><br \/>\nRoztok cukru a medu = pro druhy mravenc\u016f \u017eiv\u00edc\u00ed se cukrem\/medem<br \/>\nJedn\u00e1 se o dopl\u0148kovou potravinu<br \/>\nZv\u00ed\u0159at\u016fm ji lze nab\u00eddnout v podob\u011b, v jak\u00e9 je dod\u00e1v\u00e1na. Vzhledem k tomu, \u017ee koncentrace cukru se vlivem vlhkosti sni\u017euje a za\u010d\u00edn\u00e1 proces kva\u0161en\u00ed, je t\u0159eba krmivo ka\u017ed\u00e9 3 dny vym\u011bnit. P\u0159ed op\u011btovn\u00fdm pou\u017eit\u00edm krmnou misku\/zkumavku d\u016fkladn\u011b vy\u010dist\u011bte.<br \/>\nPo otev\u0159en\u00ed je t\u0159eba balen\u00ed uchov\u00e1vat t\u011bsn\u011b uzav\u0159en\u00e9 (pokud je skladov\u00e1no na such\u00e9m m\u00edst\u011b) a spot\u0159ebovat do uveden\u00e9ho data (datum minim\u00e1ln\u00ed trvanlivosti).<\/p>\n<p dir=\"ltr\"><strong>Obsahuje:<\/strong><br \/>\nFrukt\u00f3za 27 a\u017e 44%,<br \/>\ngluk\u00f3za 22 a\u017e 41%,<br \/>\nsachar\u00f3zy a\u017e 5%,<br \/>\nmalt\u00f3za 4 a\u017e 14%,<br \/>\nostatn\u00ed slo\u017een\u00e9 cukry 1 a\u017e 14%.<br \/>\nTuk: 0 g<br \/>\nSacharidy: 92g<br \/>\nB\u00edlkoviny: 0 g<br \/>\nS\u016fl: 0 g<\/p>\n<p dir=\"ltr\"><strong>Skladov\u00e1n\u00ed:<\/strong> Aby byla zaji\u0161t\u011bna kvalita krmiva, m\u011blo by b\u00fdt skladov\u00e1no na tmav\u00e9m a such\u00e9m m\u00edst\u011b.<\/p>\n<p dir=\"ltr\"><strong>Pozn\u00e1mka:<\/strong><br \/>\nSlo\u017een\u00ed, analytick\u00e9 slo\u017eky, datum minim\u00e1ln\u00ed trvanlivosti a \u010d\u00edslo \u0161ar\u017ee naleznete v p\u0159\u00edbalov\u00e9m let\u00e1ku.<br \/>\nInforma\u010dn\u00ed linka +49 30 439703870<\/p>\n<p dir=\"ltr\"><strong>P\u0159\u00edslu\u0161n\u00fd org\u00e1n veterin\u00e1rn\u00edho a potravin\u00e1\u0159sk\u00e9ho dozoru:<\/strong><br \/>\nVeterin\u00e1rn\u00ed ordinace Steglitz<br \/>\nK\u00f6nigin-Luise-Str. 92<br \/>\n14195 Berl\u00edn<\/p>","protected":false},"excerpt":{"rendered":"<p>Sada se skl\u00e1d\u00e1 z 34 d\u00edl\u016f<\/p>","protected":false},"featured_media":10983,"comment_status":"open","ping_status":"closed","template":"","meta":{"_acf_changed":false,"content-type":"","_monsterinsights_skip_tracking":false,"_monsterinsights_sitenote_active":false,"_monsterinsights_sitenote_note":"","_monsterinsights_sitenote_category":0},"product_brand":[484],"product_cat":[355,73],"product_tag":[],"class_list":{"0":"post-10988","1":"product","2":"type-product","3":"status-publish","4":"has-post-thumbnail","6":"product_brand-antcube","7":"product_cat-bundle-offers","8":"product_cat-starter-sets","10":"first","11":"instock","12":"taxable","13":"shipping-taxable","14":"purchasable","15":"product-type-simple"},"acf":[],"aioseo_notices":[],"jetpack_sharing_enabled":true,"_links":{"self":[{"href":"https:\/\/antcube.shop\/cs\/wp-json\/wp\/v2\/product\/10988","targetHints":{"allow":["GET"]}}],"collection":[{"href":"https:\/\/antcube.shop\/cs\/wp-json\/wp\/v2\/product"}],"about":[{"href":"https:\/\/antcube.shop\/cs\/wp-json\/wp\/v2\/types\/product"}],"replies":[{"embeddable":true,"href":"https:\/\/antcube.shop\/cs\/wp-json\/wp\/v2\/comments?post=10988"}],"wp:featuredmedia":[{"embeddable":true,"href":"https:\/\/antcube.shop\/cs\/wp-json\/wp\/v2\/media\/10983"}],"wp:attachment":[{"href":"https:\/\/antcube.shop\/cs\/wp-json\/wp\/v2\/media?parent=10988"}],"wp:term":[{"taxonomy":"product_brand","embeddable":true,"href":"https:\/\/antcube.shop\/cs\/wp-json\/wp\/v2\/product_brand?post=10988"},{"taxonomy":"product_cat","embeddable":true,"href":"https:\/\/antcube.shop\/cs\/wp-json\/wp\/v2\/product_cat?post=10988"},{"taxonomy":"product_tag","embeddable":true,"href":"https:\/\/antcube.shop\/cs\/wp-json\/wp\/v2\/product_tag?post=10988"}],"curies":[{"name":"wp","href":"https:\/\/api.w.org\/{rel}","templated":true}]}}