{"id":899,"date":"2021-08-22T15:12:45","date_gmt":"2021-08-22T13:12:45","guid":{"rendered":"https:\/\/antcube.shop\/?page_id=899"},"modified":"2023-12-14T13:30:00","modified_gmt":"2023-12-14T12:30:00","slug":"faq-shop","status":"publish","type":"page","link":"https:\/\/antcube.shop\/cs\/faq-shop\/","title":{"rendered":"\u010casto kladen\u00e9 dotazy Obchod"},"content":{"rendered":"<div id=\"gap-1854434677\" class=\"gap-element clearfix\" style=\"display:block; height:auto;\">\n\t\t\n<style>\n#gap-1854434677 {\n  padding-top: 200px;\n}\n@media (min-width:850px) {\n  #gap-1854434677 {\n    padding-top: 175px;\n  }\n}\n<\/style>\n\t<\/div>\n\t\n\n\t<div id=\"text-2583599772\" class=\"text\">\n\t\t\n\n<h1>\u010casto kladen\u00e9 dotazy Obchod \u00a0<\/h1>\n<h2>\u010casto kladen\u00e9 ot\u00e1zky t\u00fdkaj\u00edc\u00ed se na\u0161ich produkt\u016f nebo na\u0161eho obchodu obecn\u011b<\/h2>\n\t\t\n<style>\n#text-2583599772 {\n  text-align: center;\n}\n<\/style>\n\t<\/div>\n\t\n<div class=\"row align-center\"  id=\"row-1495516652\">\n\n\n\t<div id=\"col-657857671\" class=\"col small-12 large-12\"  >\n\t\t\t\t<div class=\"col-inner\"  >\n\t\t\t\n\t\t\t\n\n<div class=\"accordion\">\n\n\t<div id=\"accordion-1084310365\" class=\"accordion-item\">\n\t\t<a id=\"accordion-1084310365-label\" class=\"accordion-title plain\" href=\"#accordion-item-you-do-not-know-what-ant-species-to-keep-or-which-formicarium-you-should-use?\" aria-expanded=\"false\" aria-controls=\"accordion-1084310365-content\">\n\t\t\t<button class=\"toggle\" aria-label=\"P\u0159epnout\"><i class=\"icon-angle-down\" aria-hidden=\"true\"><\/i><\/button>\n\t\t\t<span>Nev\u00edte, jak\u00e9 druhy mravenc\u016f chovat nebo jak\u00e9 formik\u00e1rium pou\u017e\u00edt?<\/span>\n\t\t<\/a>\n\t\t<div id=\"accordion-1084310365-content\" class=\"accordion-inner\" aria-labelledby=\"accordion-1084310365-label\">\n\t\t\t\n\n<p>Vyzkou\u0161ejte n\u00e1\u0161 \"Vyhled\u00e1va\u010d mravenc\u016f\" nebo \"Vyhled\u00e1va\u010d formik\u00e1ri\u00ed\" - N\u00e1\u0161 online z\u00e1kaznick\u00fd servis<\/p>\n<p><a href=\"https:\/\/antcube.shop\/ant-finder\/\">Najd\u011bte sv\u016fj druh mravence<\/a><\/p>\n<p><a href=\"https:\/\/antcube.shop\/formicarium-finder\/\">Najd\u011bte sv\u00e9 formik\u00e1rium<\/a><\/p>\n\n\t\t<\/div>\n\t<\/div>\n\t\n\t<div id=\"accordion-2859988225\" class=\"accordion-item\">\n\t\t<a id=\"accordion-2859988225-label\" class=\"accordion-title plain\" href=\"#accordion-item-what-are-the-delivery-times-and-charges-for-orders-from-the-online-shop?\" aria-expanded=\"false\" aria-controls=\"accordion-2859988225-content\">\n\t\t\t<button class=\"toggle\" aria-label=\"P\u0159epnout\"><i class=\"icon-angle-down\" aria-hidden=\"true\"><\/i><\/button>\n\t\t\t<span>Jak\u00e9 jsou dodac\u00ed lh\u016fty a poplatky za objedn\u00e1vky z internetov\u00e9ho obchodu?<\/span>\n\t\t<\/a>\n\t\t<div id=\"accordion-2859988225-content\" class=\"accordion-inner\" aria-labelledby=\"accordion-2859988225-label\">\n\t\t\t\n\n<p>Informace o p\u0159edpokl\u00e1dan\u00e9 dob\u011b dod\u00e1n\u00ed najdete zde:<\/p>\n<p><a href=\"https:\/\/antcube.shop\/delivery-times\/\">Dodac\u00ed lh\u016fty<\/a><\/p>\n<p>Chcete-li se dozv\u011bd\u011bt o odhadovan\u00fdch n\u00e1kladech na dopravu a omezen\u00edch doru\u010den\u00ed, pod\u00edvejte se sem:<\/p>\n<p><a href=\"https:\/\/antcube.shop\/shipping-costs-delivery-restrictions\/\">N\u00e1klady na dopravu\/omezen\u00ed dod\u00e1n\u00ed<\/a><\/p>\n\n\t\t<\/div>\n\t<\/div>\n\t\n\t<div id=\"accordion-3264619515\" class=\"accordion-item\">\n\t\t<a id=\"accordion-3264619515-label\" class=\"accordion-title plain\" href=\"#accordion-item-you-have-questions-about-returns-or-refunds?\" aria-expanded=\"false\" aria-controls=\"accordion-3264619515-content\">\n\t\t\t<button class=\"toggle\" aria-label=\"P\u0159epnout\"><i class=\"icon-angle-down\" aria-hidden=\"true\"><\/i><\/button>\n\t\t\t<span>M\u00e1te dotazy ohledn\u011b vr\u00e1cen\u00ed zbo\u017e\u00ed nebo vr\u00e1cen\u00ed pen\u011bz?<\/span>\n\t\t<\/a>\n\t\t<div id=\"accordion-3264619515-content\" class=\"accordion-inner\" aria-labelledby=\"accordion-3264619515-label\">\n\t\t\t\n\n<p><a href=\"https:\/\/antcube.shop\/refund-policy\/\">Z\u00e1sady vracen\u00ed pen\u011bz<\/a><\/p>\n<p><a href=\"https:\/\/antcube.shop\/terms-and-conditions\/\">Podm\u00ednky a pravidla<\/a><\/p>\n\n\t\t<\/div>\n\t<\/div>\n\t\n\t<div id=\"accordion-1543325235\" class=\"accordion-item\">\n\t\t<a id=\"accordion-1543325235-label\" class=\"accordion-title plain\" href=\"#accordion-item-which-payment-methods-are-accepted-in-the-online-shop?\" aria-expanded=\"false\" aria-controls=\"accordion-1543325235-content\">\n\t\t\t<button class=\"toggle\" aria-label=\"P\u0159epnout\"><i class=\"icon-angle-down\" aria-hidden=\"true\"><\/i><\/button>\n\t\t\t<span>Jak\u00e9 platebn\u00ed metody jsou v internetov\u00e9m obchod\u011b akceptov\u00e1ny?<\/span>\n\t\t<\/a>\n\t\t<div id=\"accordion-1543325235-content\" class=\"accordion-inner\" aria-labelledby=\"accordion-1543325235-label\">\n\t\t\t\n\n<p>P\u0159ehled na\u0161ich p\u0159ij\u00edman\u00fdch platebn\u00edch metod najdete zde:<\/p>\n<p><a href=\"https:\/\/antcube.shop\/payment-methods\/\">Platebn\u00ed metody<\/a><\/p>\n\n\t\t<\/div>\n\t<\/div>\n\t\n\t<div id=\"accordion-2527653298\" class=\"accordion-item\">\n\t\t<a id=\"accordion-2527653298-label\" class=\"accordion-title plain\" href=\"#accordion-item-you-are-looking-for-user-manuals-for-your-starter-set?\" aria-expanded=\"false\" aria-controls=\"accordion-2527653298-content\">\n\t\t\t<button class=\"toggle\" aria-label=\"P\u0159epnout\"><i class=\"icon-angle-down\" aria-hidden=\"true\"><\/i><\/button>\n\t\t\t<span>Hled\u00e1te u\u017eivatelsk\u00e9 p\u0159\u00edru\u010dky ke startovac\u00ed sad\u011b?<\/span>\n\t\t<\/a>\n\t\t<div id=\"accordion-2527653298-content\" class=\"accordion-inner\" aria-labelledby=\"accordion-2527653298-label\">\n\t\t\t\n\n<p>Zde najdete u\u017eivatelsk\u00e9 p\u0159\u00edru\u010dky PDF k tisku nebo ke sta\u017een\u00ed:<\/p>\n<p><a href=\"https:\/\/antcube.shop\/download\/\">St\u00e1hnout<\/a><\/p>\n\n\t\t<\/div>\n\t<\/div>\n\t\n\t<div id=\"accordion-395199271\" class=\"accordion-item\">\n\t\t<a id=\"accordion-395199271-label\" class=\"accordion-title plain\" href=\"#accordion-item-you-need-more-information-about-certain-ant-species-or-ant-keeping-in-general?\" aria-expanded=\"false\" aria-controls=\"accordion-395199271-content\">\n\t\t\t<button class=\"toggle\" aria-label=\"P\u0159epnout\"><i class=\"icon-angle-down\" aria-hidden=\"true\"><\/i><\/button>\n\t\t\t<span>Pot\u0159ebujete v\u00edce informac\u00ed o n\u011bkter\u00fdch druz\u00edch mravenc\u016f nebo o chovu mravenc\u016f obecn\u011b?<\/span>\n\t\t<\/a>\n\t\t<div id=\"accordion-395199271-content\" class=\"accordion-inner\" aria-labelledby=\"accordion-395199271-label\">\n\t\t\t\n\n<p>\u010casto kladen\u00e9 ot\u00e1zky o mravenc\u00edch a jejich chovu najdete zde:<\/p>\n<p><a href=\"https:\/\/antcube.shop\/faq-ants\/\">\u010casto kladen\u00e9 dotazy k mravenc\u016fm<\/a><\/p>\n<p><a href=\"https:\/\/antcube.shop\/catching-queen-ants\/\">Jak chytit mraven\u010d\u00ed kr\u00e1lovnu<\/a><\/p>\n<p><a href=\"https:\/\/antcube.shop\/ant-species\/\">Dal\u0161\u00ed informace o mravenc\u00edch<\/a><\/p>\n<p><a href=\"https:\/\/antcube.shop\/social-media\/\">Pod\u00edvejte se na na\u0161e kan\u00e1ly YouTube, kde najdete u\u017eite\u010dn\u00e9 tipy a informace.<\/a><\/p>\n\n\t\t<\/div>\n\t<\/div>\n\t\n\t<div id=\"accordion-833879716\" class=\"accordion-item\">\n\t\t<a id=\"accordion-833879716-label\" class=\"accordion-title plain\" href=\"#accordion-item-you-have-questions-about-our-products?\" aria-expanded=\"false\" aria-controls=\"accordion-833879716-content\">\n\t\t\t<button class=\"toggle\" aria-label=\"P\u0159epnout\"><i class=\"icon-angle-down\" aria-hidden=\"true\"><\/i><\/button>\n\t\t\t<span>M\u00e1te dotazy k na\u0161im produkt\u016fm?<\/span>\n\t\t<\/a>\n\t\t<div id=\"accordion-833879716-content\" class=\"accordion-inner\" aria-labelledby=\"accordion-833879716-label\">\n\t\t\t\n\n<p>M\u00e1te-li dotazy k na\u0161im produkt\u016fm, pod\u00edvejte se nejprve do popisu p\u0159\u00edslu\u0161n\u00e9ho produktu v na\u0161em obchod\u011b.<\/p>\n<p>Jinak najdete dal\u0161\u00ed informace zde:<\/p>\n<p><a href=\"https:\/\/antcube.shop\/product-information\/\">Informace o v\u00fdrobku<\/a><\/p>\n\n\t\t<\/div>\n\t<\/div>\n\t\n\n<\/div>\n\n\t\t<\/div>\n\t\t\t\t\t<\/div>\n\n\t\n\n<\/div>","protected":false},"excerpt":{"rendered":"","protected":false},"author":1,"featured_media":0,"parent":0,"menu_order":0,"comment_status":"closed","ping_status":"closed","template":"","meta":{"_acf_changed":false,"content-type":"","_monsterinsights_skip_tracking":false,"_monsterinsights_sitenote_active":false,"_monsterinsights_sitenote_note":"","_monsterinsights_sitenote_category":0,"footnotes":""},"class_list":["post-899","page","type-page","status-publish","hentry"],"acf":[],"aioseo_notices":[],"jetpack_sharing_enabled":true,"_links":{"self":[{"href":"https:\/\/antcube.shop\/cs\/wp-json\/wp\/v2\/pages\/899","targetHints":{"allow":["GET"]}}],"collection":[{"href":"https:\/\/antcube.shop\/cs\/wp-json\/wp\/v2\/pages"}],"about":[{"href":"https:\/\/antcube.shop\/cs\/wp-json\/wp\/v2\/types\/page"}],"author":[{"embeddable":true,"href":"https:\/\/antcube.shop\/cs\/wp-json\/wp\/v2\/users\/1"}],"replies":[{"embeddable":true,"href":"https:\/\/antcube.shop\/cs\/wp-json\/wp\/v2\/comments?post=899"}],"version-history":[{"count":8,"href":"https:\/\/antcube.shop\/cs\/wp-json\/wp\/v2\/pages\/899\/revisions"}],"predecessor-version":[{"id":6791,"href":"https:\/\/antcube.shop\/cs\/wp-json\/wp\/v2\/pages\/899\/revisions\/6791"}],"wp:attachment":[{"href":"https:\/\/antcube.shop\/cs\/wp-json\/wp\/v2\/media?parent=899"}],"curies":[{"name":"wp","href":"https:\/\/api.w.org\/{rel}","templated":true}]}}