{"id":705,"date":"2021-08-17T10:59:02","date_gmt":"2021-08-17T08:59:02","guid":{"rendered":"https:\/\/antcube.shop\/?page_id=705"},"modified":"2021-09-29T11:49:29","modified_gmt":"2021-09-29T09:49:29","slug":"seznamte-se-s-vasim-tymem","status":"publish","type":"page","link":"https:\/\/antcube.shop\/cs\/seznamte-se-s-vasim-tymem\/","title":{"rendered":"Seznamte se s na\u0161\u00edm t\u00fdmem"},"content":{"rendered":"<div id=\"gap-1944705366\" class=\"gap-element clearfix\" style=\"display:block; height:auto;\">\n\t\t\n<style>\n#gap-1944705366 {\n  padding-top: 104px;\n}\n<\/style>\n\t<\/div>\n\t\n\n\n  <div class=\"banner has-hover\" id=\"banner-578755984\">\n          <div class=\"banner-inner fill\">\n        <div class=\"banner-bg fill\" >\n            <img loading=\"lazy\" decoding=\"async\" width=\"1020\" height=\"574\" src=\"https:\/\/i0.wp.com\/antcube.shop\/wp-content\/uploads\/2021\/07\/Black-White-Ast-scaled.jpg?fit=1020%2C574&amp;ssl=1\" class=\"bg attachment-large size-large\" alt=\"\u010cernob\u00edl\u00e1 ty\u010dinka s mravenci\" \/>                                    \n                    <\/div>\n\t\t\n        <div class=\"banner-layers container\">\n            <div class=\"fill banner-link\"><\/div>            \n\n   <div id=\"text-box-966869416\" class=\"text-box banner-layer x50 md-x50 lg-x50 y20 md-y20 lg-y20 res-text\">\n                                <div class=\"text-box-content text dark\">\n              \n              <div class=\"text-inner text-center\">\n                  \n\n\t<div id=\"text-2974789328\" class=\"text\">\n\t\t\n\n<p><strong>Tato str\u00e1nka je st\u00e1le ve v\u00fdstavb\u011b. Vra\u0165te se pros\u00edm pozd\u011bji.<\/strong><\/p>\n\t\t\n<style>\n#text-2974789328 {\n  font-size: 1.7rem;\n  color: rgb(0,0,0);\n}\n#text-2974789328 > * {\n  color: rgb(0,0,0);\n}\n<\/style>\n\t<\/div>\n\t\n\n              <\/div>\n           <\/div>\n                            \n<style>\n#text-box-966869416 {\n  width: 60%;\n}\n#text-box-966869416 .text-box-content {\n  font-size: 100%;\n}\n<\/style>\n    <\/div>\n \n\n        <\/div>\n      <\/div>\n\n            \n<style>\n#banner-578755984 {\n  padding-top: 500px;\n}\n<\/style>\n  <\/div>","protected":false},"excerpt":{"rendered":"","protected":false},"author":1,"featured_media":0,"parent":0,"menu_order":0,"comment_status":"closed","ping_status":"closed","template":"","meta":{"_acf_changed":false,"content-type":"","_monsterinsights_skip_tracking":false,"_monsterinsights_sitenote_active":false,"_monsterinsights_sitenote_note":"","_monsterinsights_sitenote_category":0,"footnotes":""},"class_list":["post-705","page","type-page","status-publish","hentry"],"acf":[],"aioseo_notices":[],"jetpack_sharing_enabled":true,"_links":{"self":[{"href":"https:\/\/antcube.shop\/cs\/wp-json\/wp\/v2\/pages\/705","targetHints":{"allow":["GET"]}}],"collection":[{"href":"https:\/\/antcube.shop\/cs\/wp-json\/wp\/v2\/pages"}],"about":[{"href":"https:\/\/antcube.shop\/cs\/wp-json\/wp\/v2\/types\/page"}],"author":[{"embeddable":true,"href":"https:\/\/antcube.shop\/cs\/wp-json\/wp\/v2\/users\/1"}],"replies":[{"embeddable":true,"href":"https:\/\/antcube.shop\/cs\/wp-json\/wp\/v2\/comments?post=705"}],"version-history":[{"count":3,"href":"https:\/\/antcube.shop\/cs\/wp-json\/wp\/v2\/pages\/705\/revisions"}],"predecessor-version":[{"id":2459,"href":"https:\/\/antcube.shop\/cs\/wp-json\/wp\/v2\/pages\/705\/revisions\/2459"}],"wp:attachment":[{"href":"https:\/\/antcube.shop\/cs\/wp-json\/wp\/v2\/media?parent=705"}],"curies":[{"name":"wp","href":"https:\/\/api.w.org\/{rel}","templated":true}]}}