{"id":702,"date":"2021-08-17T10:58:14","date_gmt":"2021-08-17T08:58:14","guid":{"rendered":"https:\/\/antcube.shop\/?page_id=702"},"modified":"2024-09-09T17:06:06","modified_gmt":"2024-09-09T15:06:06","slug":"catching-queen-ants","status":"publish","type":"page","link":"https:\/\/antcube.shop\/cs\/catching-queen-ants\/","title":{"rendered":"Chyt\u00e1n\u00ed mraven\u010d\u00edch kr\u00e1loven"},"content":{"rendered":"<div id=\"gap-124926368\" class=\"gap-element clearfix\" style=\"display:block; height:auto;\">\n\t\t\n<style>\n#gap-124926368 {\n  padding-top: 177px;\n}\n@media (min-width:550px) {\n  #gap-124926368 {\n    padding-top: 178px;\n  }\n}\n@media (min-width:850px) {\n  #gap-124926368 {\n    padding-top: 75px;\n  }\n}\n<\/style>\n\t<\/div>\n\t\n\n\n  <div class=\"banner has-hover\" id=\"banner-1297886898\">\n          <div class=\"banner-inner fill\">\n        <div class=\"banner-bg fill\" >\n            <img loading=\"lazy\" decoding=\"async\" width=\"1020\" height=\"571\" src=\"https:\/\/i0.wp.com\/antcube.shop\/wp-content\/uploads\/2021\/09\/Screenshot-2021-09-16-150304.png?fit=1020%2C571&amp;ssl=1\" class=\"bg attachment-large size-large\" alt=\"Jak chytit mraven\u010d\u00ed kr\u00e1lovnu pomoc\u00ed zkumavky a pinzety z pru\u017einov\u00e9 oceli\" \/>                        <div class=\"overlay\"><\/div>            \n                    <\/div>\n\t\t\n        <div class=\"banner-layers container\">\n            <div class=\"fill banner-link\"><\/div>            \n\n   <div id=\"text-box-1440112902\" class=\"text-box banner-layer x50 md-x50 lg-x50 y50 md-y50 lg-y50 res-text\">\n                                <div class=\"text-box-content text dark text-shadow-3\">\n              \n              <div class=\"text-inner text-center\">\n                  \n\n<h3 class=\"uppercase\"><strong>JAK SI CHYTIT VLASTN\u00cdHO MRAVENCE?<\/strong><\/h3>\n\n              <\/div>\n           <\/div>\n                            \n<style>\n#text-box-1440112902 {\n  width: 60%;\n}\n#text-box-1440112902 .text-box-content {\n  font-size: 100%;\n}\n<\/style>\n    <\/div>\n \n\n        <\/div>\n      <\/div>\n\n            \n<style>\n#banner-1297886898 {\n  padding-top: 400px;\n}\n#banner-1297886898 .overlay {\n  background-color: rgba(0, 0, 0, 0.17);\n}\n#banner-1297886898 .banner-bg img {\n  object-position: 56% 82%;\n}\n@media (min-width:550px) {\n  #banner-1297886898 {\n    padding-top: 500px;\n  }\n}\n<\/style>\n  <\/div>\n\n\n\t<div id=\"gap-48840570\" class=\"gap-element clearfix\" style=\"display:block; height:auto;\">\n\t\t\n<style>\n#gap-48840570 {\n  padding-top: 30px;\n}\n<\/style>\n\t<\/div>\n\t\n\n<div class=\"row\"  id=\"row-1478612035\">\n\n\n\t<div id=\"col-1490049251\" class=\"col medium-6 small-12 large-6\"  >\n\t\t\t\t<div class=\"col-inner\"  >\n\t\t\t\n\t\t\t\n\n<h3>Chy\u0165te si vlastn\u00ed mraven\u010d\u00ed kr\u00e1lovnu<\/h3>\n<p>Pokud chcete chytit vlastn\u00ed mraven\u010d\u00ed kr\u00e1lovnu, je t\u0159eba bu\u010f \u0161t\u011bst\u00ed, nebo p\u0159\u00edprava a v\u00fdzkum.\u00a0<\/p>\n<p>Mravenci maj\u00ed sv\u016fj svatebn\u00ed let obvykle jednou ro\u010dn\u011b. Teprve tehdy se v kolonii vytvo\u0159\u00ed tzv. reproduk\u010dn\u00ed jedinci, tedy mlad\u00e9 kr\u00e1lovny a trubci (mraven\u010d\u00ed samci). Ti jsou jedin\u00ed mravenci schopn\u00ed l\u00e9tat. Kr\u00e1lovny shod\u00ed k\u0159\u00eddla pot\u00e9, co se sp\u00e1\u0159\u00ed s jedn\u00edm nebo v\u00edce samci. Samci po kr\u00e1tk\u00e9 dob\u011b (maxim\u00e1ln\u011b po n\u011bkolika dnech) um\u00edraj\u00ed bez ohledu na to, zda se sp\u00e1\u0159ili, \u010di nikoli. <br \/>Pot\u00e9, co mlad\u00e9 kr\u00e1lovny dokon\u010d\u00ed sv\u016fj svatebn\u00ed let, hledaj\u00ed vhodn\u00e9 m\u00edsto pro zalo\u017een\u00ed kolonie. Shod\u00ed k\u0159\u00eddla a za\u010dnou se zahrab\u00e1vat. To je ide\u00e1ln\u00ed okam\u017eik pro jejich sb\u011br. Kdy\u017e u\u017e nemaj\u00ed \u017e\u00e1dn\u00e1 k\u0159\u00eddla, m\u016f\u017eete si b\u00fdt jisti, \u017ee jsou sp\u00e1rovan\u00e9.<\/p>\n<p>Nejlep\u0161\u00ed zp\u016fsob, jak je sb\u00edrat, je pou\u017e\u00edt pinzetu z pru\u017einov\u00e9 oceli. S nimi m\u016f\u017eete zv\u00ed\u0159ata uchopit, ani\u017e byste je zranili.<\/p>\n<p>Um\u00edst\u011bte je do zkumavky nebo mal\u00e9 krabi\u010dky s otvory pro v\u011btr\u00e1n\u00ed. N\u011bkter\u00e9 druhy by m\u011bly b\u00fdt p\u0159epravov\u00e1ny jednotliv\u011b, jin\u00e9 lze kr\u00e1tkodob\u011b dr\u017eet pohromad\u011b v n\u00e1dob\u011b, proto\u017ee jsou mezi sebou m\u00e9n\u011b agresivn\u00ed. R\u016fzn\u00e9 druhy by m\u011bly b\u00fdt v\u017edy chov\u00e1ny odd\u011blen\u011b.<\/p>\n<p>Chcete-li zjistit, kdy a kde m\u016f\u017eete naj\u00edt sv\u00e9 mraven\u010d\u00ed kr\u00e1lovny, existuje nyn\u00ed na internetu mnoho \"tabulek sn\u016f\u0161kov\u00e9ho letu\". Dva p\u0159\u00edklady jsme uvedli n\u00ed\u017ee na t\u00e9to str\u00e1nce.<\/p>\n<p>Ujist\u011bte se pros\u00edm, \u017ee nesb\u00edr\u00e1te chr\u00e1n\u011bn\u00e9 nebo ohro\u017een\u00e9 druhy, ve v\u0161ech zem\u00edch sv\u011bta je v\u00edce ne\u017e dost druh\u016f, kter\u00e9 maj\u00ed velmi zdrav\u00e9 populace.<\/p>\n<p><strong>Nuptial flight chart v n\u011bmeck\u00e9m jazyce:<\/strong><\/p>\n<p><a href=\"https:\/\/www.ameisenforum.de\/schwarmflug.php\">Ameisenforum.de<\/a><\/p>\n<p><strong>Nuptial flight chart v anglick\u00e9m jazyce:<\/strong><\/p>\n<p><a href=\"https:\/\/antflights.com\/stats\/flights\">Antflights.com<\/a><\/p>\n\n\t\t<\/div>\n\t\t\t\t\t<\/div>\n\n\t\n\n\t<div id=\"col-1055331238\" class=\"col medium-6 small-12 large-6\"  >\n\t\t\t\t<div class=\"col-inner\"  >\n\t\t\t\n\t\t\t\n\n\t<div class=\"img has-hover x md-x lg-x y md-y lg-y\" id=\"image_216803726\">\n\t\t<a class=\"image-lightbox lightbox-gallery\" title=\"\" href=\"https:\/\/i0.wp.com\/antcube.shop\/wp-content\/uploads\/2021\/07\/Lasius-niger.jpg?ssl=1\">\t\t\t\t\t\t<div class=\"img-inner dark\" >\n\t\t\t<img data-recalc-dims=\"1\" loading=\"lazy\" decoding=\"async\" width=\"1000\" height=\"1000\" src=\"https:\/\/i0.wp.com\/antcube.shop\/wp-content\/uploads\/2021\/07\/Lasius-niger.jpg?resize=1000%2C1000&#038;ssl=1\" class=\"attachment-original size-original\" alt=\"Kr\u00e1lovna mravenc\u016f Lasius niger makro na b\u00edl\u00e9m pozad\u00ed\" srcset=\"https:\/\/i0.wp.com\/antcube.shop\/wp-content\/uploads\/2021\/07\/Lasius-niger.jpg?w=1000&amp;ssl=1 1000w, https:\/\/i0.wp.com\/antcube.shop\/wp-content\/uploads\/2021\/07\/Lasius-niger.jpg?resize=247%2C247&amp;ssl=1 247w, https:\/\/i0.wp.com\/antcube.shop\/wp-content\/uploads\/2021\/07\/Lasius-niger.jpg?resize=100%2C100&amp;ssl=1 100w, https:\/\/i0.wp.com\/antcube.shop\/wp-content\/uploads\/2021\/07\/Lasius-niger.jpg?resize=510%2C510&amp;ssl=1 510w, https:\/\/i0.wp.com\/antcube.shop\/wp-content\/uploads\/2021\/07\/Lasius-niger.jpg?resize=400%2C400&amp;ssl=1 400w, https:\/\/i0.wp.com\/antcube.shop\/wp-content\/uploads\/2021\/07\/Lasius-niger.jpg?resize=800%2C800&amp;ssl=1 800w, https:\/\/i0.wp.com\/antcube.shop\/wp-content\/uploads\/2021\/07\/Lasius-niger.jpg?resize=280%2C280&amp;ssl=1 280w, https:\/\/i0.wp.com\/antcube.shop\/wp-content\/uploads\/2021\/07\/Lasius-niger.jpg?resize=768%2C768&amp;ssl=1 768w\" sizes=\"auto, (max-width: 1000px) 100vw, 1000px\" \/>\t\t\t\t\t\t\n\t\t\t\t\t<\/div>\n\t\t\t\t\t\t<\/a>\t\t\n<style>\n#image_216803726 {\n  width: 100%;\n}\n<\/style>\n\t<\/div>\n\t\n\n\t<div id=\"text-2007870273\" class=\"text\">\n\t\t\n\n<p>Lasius niger queen<\/p>\n\t\t\n<style>\n#text-2007870273 {\n  text-align: center;\n}\n<\/style>\n\t<\/div>\n\t\n\n\t\t<\/div>\n\t\t\t\t\t<\/div>\n\n\t\n\n<\/div>","protected":false},"excerpt":{"rendered":"","protected":false},"author":1,"featured_media":0,"parent":0,"menu_order":0,"comment_status":"closed","ping_status":"closed","template":"","meta":{"_acf_changed":false,"content-type":"","_monsterinsights_skip_tracking":false,"_monsterinsights_sitenote_active":false,"_monsterinsights_sitenote_note":"","_monsterinsights_sitenote_category":0,"footnotes":""},"class_list":["post-702","page","type-page","status-publish","hentry"],"acf":[],"aioseo_notices":[],"jetpack_sharing_enabled":true,"_links":{"self":[{"href":"https:\/\/antcube.shop\/cs\/wp-json\/wp\/v2\/pages\/702","targetHints":{"allow":["GET"]}}],"collection":[{"href":"https:\/\/antcube.shop\/cs\/wp-json\/wp\/v2\/pages"}],"about":[{"href":"https:\/\/antcube.shop\/cs\/wp-json\/wp\/v2\/types\/page"}],"author":[{"embeddable":true,"href":"https:\/\/antcube.shop\/cs\/wp-json\/wp\/v2\/users\/1"}],"replies":[{"embeddable":true,"href":"https:\/\/antcube.shop\/cs\/wp-json\/wp\/v2\/comments?post=702"}],"version-history":[{"count":10,"href":"https:\/\/antcube.shop\/cs\/wp-json\/wp\/v2\/pages\/702\/revisions"}],"predecessor-version":[{"id":9149,"href":"https:\/\/antcube.shop\/cs\/wp-json\/wp\/v2\/pages\/702\/revisions\/9149"}],"wp:attachment":[{"href":"https:\/\/antcube.shop\/cs\/wp-json\/wp\/v2\/media?parent=702"}],"curies":[{"name":"wp","href":"https:\/\/api.w.org\/{rel}","templated":true}]}}