{"id":700,"date":"2021-08-17T10:57:40","date_gmt":"2021-08-17T08:57:40","guid":{"rendered":"https:\/\/antcube.shop\/?page_id=700"},"modified":"2026-02-09T11:09:28","modified_gmt":"2026-02-09T10:09:28","slug":"mraveniste","status":"publish","type":"page","link":"https:\/\/antcube.shop\/cs\/mraveniste\/","title":{"rendered":"O chovu mravenc\u016f"},"content":{"rendered":"<div id=\"page-header-365806672\" class=\"page-header-wrapper\">\n  <div class=\"page-title dark featured-title\">\n\n        <div class=\"page-title-bg\">\n      <div class=\"title-bg fill bg-fill\"\n        data-parallax-container=\".page-title\"\n        data-parallax-background\n data-parallax=\"-\">\n      <\/div>\n      <div class=\"title-overlay fill\"><\/div>\n    <\/div>\n    \n    <div class=\"page-title-inner container align-center flex-row medium-flex-wrap\" >\n              <div class=\"title-wrapper flex-col text-left medium-text-center\">\n          <h1 class=\"entry-title mb-0\">\n            O chovu mravenc\u016f          <\/h1>\n        <\/div>\n                    <div class=\"title-content flex-col flex-right text-right medium-text-center\">\n        <div class=\"title-share pt-half pb-half\"><div class=\"social-icons share-icons share-row relative icon-style-outline\" ><a href=\"whatsapp:\/\/send?text=About%20ant%20keeping - https:\/\/antcube.shop\/cs\/mraveniste\/\" data-action=\"share\/whatsapp\/share\" class=\"icon button circle is-outline tooltip whatsapp show-for-medium\" title=\"Sd\u00edlet na WhatsAppu\" aria-label=\"Sd\u00edlet na WhatsAppu\"><i class=\"icon-whatsapp\" aria-hidden=\"true\"><\/i><\/a><a href=\"https:\/\/www.facebook.com\/sharer.php?u=https:\/\/antcube.shop\/cs\/mraveniste\/\" data-label=\"Facebook\" onclick=\"window.open(this.href,this.title,'width=500,height=500,top=300px,left=300px'); return false;\" target=\"_blank\" class=\"icon button circle is-outline tooltip facebook\" title=\"Sd\u00edlet na Facebooku\" aria-label=\"Sd\u00edlet na Facebooku\" rel=\"noopener nofollow\"><i class=\"icon-facebook\" aria-hidden=\"true\"><\/i><\/a><a href=\"https:\/\/twitter.com\/share?url=https:\/\/antcube.shop\/cs\/mraveniste\/\" onclick=\"window.open(this.href,this.title,'width=500,height=500,top=300px,left=300px'); return false;\" target=\"_blank\" class=\"icon button circle is-outline tooltip twitter\" title=\"Sd\u00edlet na Twitteru\" aria-label=\"Sd\u00edlet na Twitteru\" rel=\"noopener nofollow\"><i class=\"icon-twitter\" aria-hidden=\"true\"><\/i><\/a><a href=\"mailto:?subject=About%20ant%20keeping&body=Pod%C3%ADvejte%20se%20na%20to%3A%20https%3A%2F%2Fantcube.shop%2Fcs%2Fmraveniste%2F\" class=\"icon button circle is-outline tooltip email\" title=\"Poslat emailem zn\u00e1m\u00e9mu\" aria-label=\"Poslat emailem zn\u00e1m\u00e9mu\" rel=\"nofollow\"><i class=\"icon-envelop\" aria-hidden=\"true\"><\/i><\/a><a href=\"https:\/\/pinterest.com\/pin\/create\/button?url=https:\/\/antcube.shop\/cs\/mraveniste\/&media&description=About%20ant%20keeping\" onclick=\"window.open(this.href,this.title,'width=500,height=500,top=300px,left=300px'); return false;\" target=\"_blank\" class=\"icon button circle is-outline tooltip pinterest\" title=\"Sd\u00edlet na Pinterestu\" aria-label=\"Sd\u00edlet na Pinterestu\" rel=\"noopener nofollow\"><i class=\"icon-pinterest\" aria-hidden=\"true\"><\/i><\/a><\/div><\/div>      <\/div>\n    <\/div>\n\n     \n<style>\n#page-header-365806672 .page-title-inner {\n  min-height: 500px;\n}\n#page-header-365806672 {\n  margin-bottom: 0px;\n}\n#page-header-365806672 .title-bg {\n  background-image: url(https:\/\/antcube.shop\/wp-content\/uploads\/2021\/08\/ant-5094995_1920.jpg);\n  background-position: 65% 56%;\n}\n#page-header-365806672 .title-overlay {\n  background-color: rgba(255, 255, 255, 0);\n}\n@media (min-width:550px) {\n  #page-header-365806672 .page-title-inner {\n    min-height: 500px;\n  }\n}\n<\/style>\n  <\/div>\n    <\/div>\n  \n\n\t<div id=\"gap-1900426932\" class=\"gap-element clearfix\" style=\"display:block; height:auto;\">\n\t\t\n<style>\n#gap-1900426932 {\n  padding-top: 15px;\n}\n<\/style>\n\t<\/div>\n\t\n\n<div class=\"row\"  id=\"row-889729442\">\n\n\n\t<div id=\"col-675338743\" class=\"col medium-6 small-12 large-6\"  >\n\t\t\t\t<div class=\"col-inner\"  >\n\t\t\t\n\t\t\t\n\n<h3>Co je to chov mravenc\u016f?<\/h3>\n<p>Chov mravenc\u016f je p\u00e9\u010de o mravence a jejich kolonie a jejich pozorov\u00e1n\u00ed. Chov mravenc\u016f se v posledn\u00edch letech stal velmi obl\u00edben\u00fdm kon\u00ed\u010dkem. A\u010dkoli prvn\u00ed zn\u00e1m\u00e9 formik\u00e1rium (ter\u00e1rium pro mravence) bylo p\u0159edvedeno ji\u017e na Sv\u011btov\u00e9 v\u00fdstav\u011b v Pa\u0159\u00ed\u017ei kolem roku 1900, teprve \"Farma mravenc\u016f str\u00fd\u010dka Miltona\" kolem roku 1956 p\u0159inesla prvn\u00ed voln\u011b prodejn\u00e1 formik\u00e1ria.<\/p>\n<p>Ji\u017e n\u011bkolik let existuje mnoho r\u016fzn\u00fdch dodavatel\u016f formik\u00e1ri\u00ed, z nich\u017e v\u011bt\u0161ina je vyrobena z plastu. Formik\u00e1rium se obvykle skl\u00e1d\u00e1 z farmy, kter\u00e1 slou\u017e\u00ed jako hn\u00edzdi\u0161t\u011b pro zv\u00ed\u0159ata, a ar\u00e9ny, kter\u00e1 slou\u017e\u00ed ke krmen\u00ed zv\u00ed\u0159at a jako v\u00fdb\u011bh.<\/p>\n\n\t\t<\/div>\n\t\t\t\t\t<\/div>\n\n\t\n\n\t<div id=\"col-52629471\" class=\"col medium-6 small-12 large-6\"  >\n\t\t\t\t<div class=\"col-inner\"  >\n\t\t\t\n\t\t\t\n\n\t<div class=\"img has-hover x md-x lg-x y md-y lg-y\" id=\"image_1539178626\">\n\t\t<a class=\"image-lightbox lightbox-gallery\" title=\"\" href=\"https:\/\/i0.wp.com\/antcube.shop\/wp-content\/uploads\/2021\/07\/Meranoplus-Bicolor-scaled.jpg?fit=900%2C600&#038;ssl=1\">\t\t\t\t\t\t<div class=\"img-inner image-zoom-long dark\" >\n\t\t\t<img data-recalc-dims=\"1\" loading=\"lazy\" decoding=\"async\" width=\"1020\" height=\"680\" src=\"https:\/\/i0.wp.com\/antcube.shop\/wp-content\/uploads\/2021\/07\/Meranoplus-Bicolor-scaled.jpg?resize=1020%2C680&#038;ssl=1\" class=\"attachment-original size-original\" alt=\"Druh mravence Meranoplus bicolor na listu kapradiny makro ANTSTORE ANTCUBE\" srcset=\"https:\/\/i0.wp.com\/antcube.shop\/wp-content\/uploads\/2021\/07\/Meranoplus-Bicolor-scaled.jpg?w=2560&amp;ssl=1 2560w, https:\/\/i0.wp.com\/antcube.shop\/wp-content\/uploads\/2021\/07\/Meranoplus-Bicolor-scaled.jpg?resize=510%2C340&amp;ssl=1 510w, https:\/\/i0.wp.com\/antcube.shop\/wp-content\/uploads\/2021\/07\/Meranoplus-Bicolor-scaled.jpg?resize=600%2C400&amp;ssl=1 600w, https:\/\/i0.wp.com\/antcube.shop\/wp-content\/uploads\/2021\/07\/Meranoplus-Bicolor-scaled.jpg?resize=1200%2C800&amp;ssl=1 1200w, https:\/\/i0.wp.com\/antcube.shop\/wp-content\/uploads\/2021\/07\/Meranoplus-Bicolor-scaled.jpg?resize=768%2C512&amp;ssl=1 768w, https:\/\/i0.wp.com\/antcube.shop\/wp-content\/uploads\/2021\/07\/Meranoplus-Bicolor-scaled.jpg?resize=1536%2C1024&amp;ssl=1 1536w, https:\/\/i0.wp.com\/antcube.shop\/wp-content\/uploads\/2021\/07\/Meranoplus-Bicolor-scaled.jpg?resize=2048%2C1365&amp;ssl=1 2048w\" sizes=\"auto, (max-width: 1020px) 100vw, 1020px\" \/>\t\t\t\t\t\t\n\t\t\t\t\t<\/div>\n\t\t\t\t\t\t<\/a>\t\t\n<style>\n#image_1539178626 {\n  width: 100%;\n}\n<\/style>\n\t<\/div>\n\t\n\n\t<div id=\"text-3316478540\" class=\"text\">\n\t\t\n\n<p>Meranoplus bicolor<\/p>\n\t\t\n<style>\n#text-3316478540 {\n  text-align: center;\n}\n<\/style>\n\t<\/div>\n\t\n\n\t\t<\/div>\n\t\t\t\t\t<\/div>\n\n\t\n\n<\/div>\n<div class=\"row\"  id=\"row-1667851669\">\n\n\n\t<div id=\"col-1032780260\" class=\"col medium-6 small-12 large-6\"  >\n\t\t\t\t<div class=\"col-inner\"  >\n\t\t\t\n\t\t\t\n\n<h3>Jak\u00e1 je fascinace chovu mravenc\u016f?<\/h3>\n<p>Mravenci jsou neuv\u011b\u0159iteln\u011b fascinuj\u00edc\u00ed. Pozorovat jedinou kr\u00e1lovnu, jak v pr\u016fb\u011bhu let vychov\u00e1v\u00e1 sv\u00e9 prvn\u00ed d\u011blnice, a pak sledovat, jak se jej\u00ed kolonie v pr\u016fb\u011bhu let rozr\u016fst\u00e1 na tis\u00edce \u010dlen\u016f d\u00edky dokonal\u00e9 spolupr\u00e1ci a vyu\u017e\u00edv\u00e1n\u00ed zdroj\u016f, je jedine\u010dn\u00fd z\u00e1\u017eitek. Jsou to nesm\u00edrn\u011b spole\u010densk\u00e1 zv\u00ed\u0159ata a n\u011bkter\u00e9 druhy tvo\u0159\u00ed r\u016fzn\u00e9 kasty, jako jsou d\u011bln\u00edci, voj\u00e1ci, zem\u011bd\u011blci nebo dokonce o\u0161et\u0159ovatel\u00e9. A h\u00e1dejte co, v\u0161echny jsou to samice.<\/p>\n<p>Mravenci jsou pro na\u0161e \u017eivotn\u00ed prost\u0159ed\u00ed nesm\u00edrn\u011b d\u016fle\u017eit\u00ed. Nejen\u017ee se vyskytuj\u00ed v ka\u017ed\u00e9m obyvateln\u00e9m ekosyst\u00e9mu na sv\u011bt\u011b, ale jsou specializovan\u011bj\u0161\u00ed a v\u0161estrann\u011bj\u0161\u00ed ne\u017e kter\u00fdkoli jin\u00fd druh. Mravenci jsou n\u00e1m podobn\u00ed i zp\u016fsobem \u017eivota. D\u011blba pr\u00e1ce, spole\u010dn\u00fd \u017eivot ve velk\u00fdch koloni\u00edch v omezen\u00e9m prostoru a vyu\u017e\u00edv\u00e1n\u00ed r\u016fzn\u00fdch \u00farovn\u00ed potravn\u00edho \u0159et\u011bzce ve v\u0161ech ekosyst\u00e9mech je \u010din\u00ed tak \u00fasp\u011b\u0161n\u00fdmi, stejn\u011b jako n\u00e1s lidi. Jedin\u00fd rozd\u00edl je v tom, \u017ee my nejsme zdaleka tak v\u00fdkonn\u00ed a mravenci jsou na sv\u011bt\u011b v\u00edce ne\u017e 130 milion\u016f let, zat\u00edmco lid\u00e9 jen asi 300 000 let.<\/p>\n<p>\u00a0<\/p>\n<p>P\u0159i rozhodov\u00e1n\u00ed o tom, kter\u00e9 druhy mravenc\u016f si chcete ponechat, v\u00e1m m\u016f\u017ee pomoci n\u00e1\u0161 web. <a href=\"https:\/\/antcube.shop\/ant-finder\/\">&#8220;<strong>Vyhled\u00e1va\u010d mravenc\u016f<\/strong>&#8220;<\/a><\/p>\n\n\t\t<\/div>\n\t\t\t\t\t<\/div>\n\n\t\n\n\t<div id=\"col-610063887\" class=\"col medium-6 small-12 large-6\"  >\n\t\t\t\t<div class=\"col-inner\"  >\n\t\t\t\n\t\t\t\n\n\t<div class=\"img has-hover x md-x lg-x y md-y lg-y\" id=\"image_1234793247\">\n\t\t<a class=\"image-lightbox lightbox-gallery\" title=\"\" href=\"https:\/\/i0.wp.com\/antcube.shop\/wp-content\/uploads\/2021\/07\/Camponotus-micans-Startbild.jpg?fit=800%2C600&#038;ssl=1\">\t\t\t\t\t\t<div class=\"img-inner image-zoom-long dark\" >\n\t\t\t<img data-recalc-dims=\"1\" loading=\"lazy\" decoding=\"async\" width=\"1020\" height=\"765\" src=\"https:\/\/i0.wp.com\/antcube.shop\/wp-content\/uploads\/2021\/07\/Camponotus-micans-Startbild.jpg?resize=1020%2C765&#038;ssl=1\" class=\"attachment-original size-original\" alt=\"Mraven\u010d\u00ed kr\u00e1lovna Camponotus micans s l\u00edhn\u00ed a d\u011blnicemi makro na b\u00edl\u00e9m pozad\u00ed\" srcset=\"https:\/\/i0.wp.com\/antcube.shop\/wp-content\/uploads\/2021\/07\/Camponotus-micans-Startbild.jpg?w=2048&amp;ssl=1 2048w, https:\/\/i0.wp.com\/antcube.shop\/wp-content\/uploads\/2021\/07\/Camponotus-micans-Startbild.jpg?resize=510%2C383&amp;ssl=1 510w, https:\/\/i0.wp.com\/antcube.shop\/wp-content\/uploads\/2021\/07\/Camponotus-micans-Startbild.jpg?resize=533%2C400&amp;ssl=1 533w, https:\/\/i0.wp.com\/antcube.shop\/wp-content\/uploads\/2021\/07\/Camponotus-micans-Startbild.jpg?resize=1067%2C800&amp;ssl=1 1067w, https:\/\/i0.wp.com\/antcube.shop\/wp-content\/uploads\/2021\/07\/Camponotus-micans-Startbild.jpg?resize=768%2C576&amp;ssl=1 768w, https:\/\/i0.wp.com\/antcube.shop\/wp-content\/uploads\/2021\/07\/Camponotus-micans-Startbild.jpg?resize=1536%2C1152&amp;ssl=1 1536w\" sizes=\"auto, (max-width: 1020px) 100vw, 1020px\" \/>\t\t\t\t\t\t\n\t\t\t\t\t<\/div>\n\t\t\t\t\t\t<\/a>\t\t\n<style>\n#image_1234793247 {\n  width: 100%;\n}\n<\/style>\n\t<\/div>\n\t\n\n\t<div id=\"text-38726876\" class=\"text\">\n\t\t\n\n<p>Camponotus micans<\/p>\n\t\t\n<style>\n#text-38726876 {\n  text-align: center;\n}\n<\/style>\n\t<\/div>\n\t\n\n\t\t<\/div>\n\t\t\t\t\t<\/div>\n\n\t\n\n<\/div>\n<div class=\"row\"  id=\"row-1984210130\">\n\n\n\t<div id=\"col-1460898215\" class=\"col medium-6 small-12 large-6\"  >\n\t\t\t\t<div class=\"col-inner\"  >\n\t\t\t\n\t\t\t\n\n<h3>Jak\u00fd druh formik\u00e1ria pot\u0159ebuji?<\/h3>\n<p>Vzhledem k tomu, \u017ee se mravenci vyskytuj\u00ed t\u00e9m\u011b\u0159 ve v\u0161ech r\u016fzn\u00fdch ekosyst\u00e9mech, li\u0161\u00ed se i jejich chovatelsk\u00e9 pot\u0159eby. Mravenci \u017eij\u00ed v na\u0161ich m\u011bstech, les\u00edch, pou\u0161t\u00edch, hor\u00e1ch, tropick\u00fdch oblastech a dokonce i v mangrovech a subarktick\u00fdch oblastech.<\/p>\n<p>Stejn\u011b jako se li\u0161\u00ed ob\u00fdvan\u00e1 stanovi\u0161t\u011b, li\u0161\u00ed se i typy hn\u00edzd. Nejb\u011b\u017en\u011bj\u0161\u00ed formou hn\u00edzda je hn\u00edzdo na zemi. Dal\u0161\u00ed druhy \u017eij\u00ed nap\u0159\u00edklad v mrtv\u00e9m d\u0159ev\u011b, dutin\u00e1ch ve stromech a mezi kameny, v mohylov\u00fdch hn\u00edzdech nebo v tzv. mraveni\u0161t\u00edch. Dal\u0161\u00edmi m\u00e9n\u011b obvykl\u00fdmi typy hn\u00edzd jsou bivakovac\u00ed hn\u00edzda mravenc\u016f sb\u011bra\u010d\u016f, hedv\u00e1bn\u00e1 hn\u00edzda mravenc\u016f tkalc\u016f nebo kartonov\u00e1 hn\u00edzda mravenc\u016f Lasisus fuliginosus.<\/p>\n<p>Pro \u00fasp\u011b\u0161n\u00fd chov mravenc\u016f se osv\u011bd\u010dilo co nejv\u011brn\u011bji napodobit p\u0159\u00edrodn\u00ed podm\u00ednky. Proto jsme dlouho experimentovali s r\u016fzn\u00fdmi materi\u00e1ly a kombinacemi hn\u00edzd a ar\u00e9n a vyvinuli jsme startovac\u00ed sadu pro v\u0161echny komer\u010dn\u011b dostupn\u00e9 druhy mravenc\u016f.<\/p>\n<p>\u00a0<\/p>\n<p>Chcete-li naj\u00edt startovac\u00ed sadu, kter\u00e1 je nejvhodn\u011bj\u0161\u00ed pro druh mravence, kter\u00fd chcete chovat, pou\u017eijte nap\u0159\u00edklad na\u0161i \"<strong><a href=\"https:\/\/antcube.shop\/formicarium-finder\/\">Vyhled\u00e1va\u010d startovac\u00edch sad<\/a><\/strong>&#8221;\u00a0<\/p>\n\n\t\t<\/div>\n\t\t\t\t\t<\/div>\n\n\t\n\n\t<div id=\"col-837089204\" class=\"col medium-6 small-12 large-6\"  >\n\t\t\t\t<div class=\"col-inner\"  >\n\t\t\t\n\t\t\t\n\n\t<div class=\"img has-hover x md-x lg-x y md-y lg-y\" id=\"image_1683943674\">\n\t\t\t\t\t\t<div data-animate=\"fadeInUp\">\t\t<div class=\"img-inner image-zoom-long dark\" >\n\t\t\t<img data-recalc-dims=\"1\" loading=\"lazy\" decoding=\"async\" width=\"1020\" height=\"1020\" src=\"https:\/\/i0.wp.com\/antcube.shop\/wp-content\/uploads\/2021\/07\/Starter-Set-Combi.jpg?resize=1020%2C1020&#038;ssl=1\" class=\"attachment-original size-original\" alt=\"ANTCUBE Starter Set Combi je cenov\u011b v\u00fdhodn\u00fd za\u010d\u00e1tek chovu mravenc\u016f. Tato sada obsahuje ar\u00e9nu s integrovan\u00fdm hn\u00edzdem pro mraven\u010d\u00ed kolonii.\" srcset=\"https:\/\/i0.wp.com\/antcube.shop\/wp-content\/uploads\/2021\/07\/Starter-Set-Combi.jpg?w=2000&amp;ssl=1 2000w, https:\/\/i0.wp.com\/antcube.shop\/wp-content\/uploads\/2021\/07\/Starter-Set-Combi.jpg?resize=247%2C247&amp;ssl=1 247w, https:\/\/i0.wp.com\/antcube.shop\/wp-content\/uploads\/2021\/07\/Starter-Set-Combi.jpg?resize=100%2C100&amp;ssl=1 100w, https:\/\/i0.wp.com\/antcube.shop\/wp-content\/uploads\/2021\/07\/Starter-Set-Combi.jpg?resize=510%2C510&amp;ssl=1 510w, https:\/\/i0.wp.com\/antcube.shop\/wp-content\/uploads\/2021\/07\/Starter-Set-Combi.jpg?resize=400%2C400&amp;ssl=1 400w, https:\/\/i0.wp.com\/antcube.shop\/wp-content\/uploads\/2021\/07\/Starter-Set-Combi.jpg?resize=800%2C800&amp;ssl=1 800w, https:\/\/i0.wp.com\/antcube.shop\/wp-content\/uploads\/2021\/07\/Starter-Set-Combi.jpg?resize=280%2C280&amp;ssl=1 280w, https:\/\/i0.wp.com\/antcube.shop\/wp-content\/uploads\/2021\/07\/Starter-Set-Combi.jpg?resize=768%2C768&amp;ssl=1 768w, https:\/\/i0.wp.com\/antcube.shop\/wp-content\/uploads\/2021\/07\/Starter-Set-Combi.jpg?resize=1536%2C1536&amp;ssl=1 1536w\" sizes=\"auto, (max-width: 1020px) 100vw, 1020px\" \/>\t\t\t\t\t\t\n\t\t\t\t\t<\/div>\n\t\t<\/div>\t\t\t\t\t\t\n<style>\n#image_1683943674 {\n  width: 100%;\n}\n<\/style>\n\t<\/div>\n\t\n\n\n\t\t<\/div>\n\t\t\t\t\t<\/div>\n\n\t\n\n<\/div>","protected":false},"excerpt":{"rendered":"","protected":false},"author":1,"featured_media":0,"parent":0,"menu_order":0,"comment_status":"closed","ping_status":"closed","template":"","meta":{"_acf_changed":false,"content-type":"","_monsterinsights_skip_tracking":false,"_monsterinsights_sitenote_active":false,"_monsterinsights_sitenote_note":"","_monsterinsights_sitenote_category":0,"footnotes":""},"class_list":["post-700","page","type-page","status-publish","hentry"],"acf":[],"aioseo_notices":[],"jetpack_sharing_enabled":true,"_links":{"self":[{"href":"https:\/\/antcube.shop\/cs\/wp-json\/wp\/v2\/pages\/700","targetHints":{"allow":["GET"]}}],"collection":[{"href":"https:\/\/antcube.shop\/cs\/wp-json\/wp\/v2\/pages"}],"about":[{"href":"https:\/\/antcube.shop\/cs\/wp-json\/wp\/v2\/types\/page"}],"author":[{"embeddable":true,"href":"https:\/\/antcube.shop\/cs\/wp-json\/wp\/v2\/users\/1"}],"replies":[{"embeddable":true,"href":"https:\/\/antcube.shop\/cs\/wp-json\/wp\/v2\/comments?post=700"}],"version-history":[{"count":10,"href":"https:\/\/antcube.shop\/cs\/wp-json\/wp\/v2\/pages\/700\/revisions"}],"predecessor-version":[{"id":7096,"href":"https:\/\/antcube.shop\/cs\/wp-json\/wp\/v2\/pages\/700\/revisions\/7096"}],"wp:attachment":[{"href":"https:\/\/antcube.shop\/cs\/wp-json\/wp\/v2\/media?parent=700"}],"curies":[{"name":"wp","href":"https:\/\/api.w.org\/{rel}","templated":true}]}}