{"id":645,"date":"2021-07-30T13:36:43","date_gmt":"2021-07-30T11:36:43","guid":{"rendered":"https:\/\/antcube.shop\/?page_id=645"},"modified":"2024-11-29T15:29:21","modified_gmt":"2024-11-29T14:29:21","slug":"regulace-dosahu","status":"publish","type":"page","link":"https:\/\/antcube.shop\/cs\/regulace-dosahu\/","title":{"rendered":"Na\u0159\u00edzen\u00ed REACH"},"content":{"rendered":"<div id=\"gap-1331303379\" class=\"gap-element clearfix\" style=\"display:block; height:auto;\">\n\t\t\n<style>\n#gap-1331303379 {\n  padding-top: 198px;\n}\n@media (min-width:850px) {\n  #gap-1331303379 {\n    padding-top: 190px;\n  }\n}\n<\/style>\n\t<\/div>\n\t\n\n<div class=\"row\"  id=\"row-2063552562\">\n\n\n\t<div id=\"col-1806442926\" class=\"col small-12 large-12\"  >\n\t\t\t\t<div class=\"col-inner\"  >\n\t\t\t\n\t\t\t\n\n<h3><b>Shoda na\u0161ich v\u00fdrobk\u016f s na\u0159\u00edzen\u00edm REACH<\/b><\/h3>\n<ol>\n<li><b> status na\u0161ich v\u00fdrobk\u016f podle na\u0159\u00edzen\u00ed REACH <\/b><b><br \/><\/b><span style=\"font-weight: 400;\">Produkty ANTSTORE jsou definov\u00e1ny jako <\/span><b>\u010dl\u00e1nky <\/b><span style=\"font-weight: 400;\">podle na\u0159\u00edzen\u00ed REACH.<\/span><\/li>\n<\/ol>\n<ul>\n<li style=\"font-weight: 400;\" aria-level=\"1\"><span style=\"font-weight: 400;\">Jejich funkce je d\u00e1na p\u0159edev\u0161\u00edm <\/span><b>jejich tvar, forma a povrch<\/b><span style=\"font-weight: 400;\">, nikoliv podle jejich chemick\u00e9ho slo\u017een\u00ed.<\/span><\/li>\n<li style=\"font-weight: 400;\" aria-level=\"1\"><b>Registrace nen\u00ed povinn\u00e1 <\/b><span style=\"font-weight: 400;\">t\u011bchto v\u00fdrobk\u016f podle na\u0159\u00edzen\u00ed REACH.<\/span><\/li>\n<\/ul>\n<ol start=\"2\">\n<li><b> L\u00e1tky SVHC (l\u00e1tky vzbuzuj\u00edc\u00ed mimo\u0159\u00e1dn\u00e9 obavy)<\/b><\/li>\n<\/ol>\n<ul>\n<li style=\"font-weight: 400;\" aria-level=\"1\"><span style=\"font-weight: 400;\">Na\u0161e produkty <\/span><b>neobsahuj\u00ed \u017e\u00e1dn\u00e9 l\u00e1tky <\/b><span style=\"font-weight: 400;\">s obsahem vy\u0161\u0161\u00edm ne\u017e 0,1 % hmotnostn\u00edch, kter\u00e9 jsou definov\u00e1ny jako <\/span><b>SVHC <\/b><span style=\"font-weight: 400;\">(l\u00e1tky vzbuzuj\u00edc\u00ed mimo\u0159\u00e1dn\u00e9 obavy) podle \u010dl\u00e1nku 57 na\u0159\u00edzen\u00ed REACH a uveden\u00e9 v p\u0159\u00edloze XIV na\u0159\u00edzen\u00ed (tzv. \"kandid\u00e1tsk\u00fd seznam\").<\/span><\/li>\n<\/ul>\n<p><b>3 Role n\u00e1sledn\u00e9ho u\u017eivatele <\/b><b><br \/><\/b><span style=\"font-weight: 400;\">Podle na\u0159\u00edzen\u00ed REACH je na\u0161e spole\u010dnost pova\u017eov\u00e1na za <\/span><b>navazuj\u00edc\u00ed u\u017eivatel<\/b><span style=\"font-weight: 400;\">.<\/span><\/p>\n<ul>\n<li style=\"font-weight: 400;\" aria-level=\"1\"><span style=\"font-weight: 400;\">Pro v\u0161echny l\u00e1tky a p\u0159\u00edpravky pou\u017e\u00edvan\u00e9 ve v\u00fdrobn\u00edm procesu (nap\u0159. lepidla, barvy, maziva):<\/span>\n<ul>\n<li style=\"font-weight: 400;\" aria-level=\"2\"><span style=\"font-weight: 400;\">Obdr\u017eeli jsme od na\u0161ich dodavatel\u016f potvrzen\u00ed a prohl\u00e1\u0161en\u00ed o zam\u00fd\u0161len\u00e9m pou\u017eit\u00ed a (aktu\u00e1ln\u00edm) stavu? <\/span><b>p\u0159edb\u011b\u017en\u00e1 registrace<\/b><span style=\"font-weight: 400;\">?<\/span><\/li>\n<li style=\"font-weight: 400;\" aria-level=\"2\"><span style=\"font-weight: 400;\">Jsme v \u00fazk\u00e9m kontaktu s na\u0161imi dodavateli, abychom zajistili soulad s na\u0159\u00edzen\u00edm REACH.<\/span><\/li>\n<\/ul>\n<\/li>\n<li style=\"font-weight: 400;\" aria-level=\"1\"><span style=\"font-weight: 400;\">Nepou\u017e\u00edv\u00e1me \u017e\u00e1dn\u00e9 l\u00e1tky ani p\u0159\u00edpravky, pro kter\u00e9 by na\u0161e spole\u010dnost pot\u0159ebovala vlastn\u00ed (p\u0159ed)registraci.<\/span><\/li>\n<\/ul>\n<p><span style=\"font-weight: 400;\">Pokud m\u00e1te dal\u0161\u00ed dotazy t\u00fdkaj\u00edc\u00ed se shody na\u0161ich v\u00fdrobk\u016f s na\u0159\u00edzen\u00edm REACH, nev\u00e1hejte n\u00e1s kontaktovat.<\/span><\/p>\n<p>\u00a0<\/p>\n<p>\u00a0<\/p>\n<p><a href=\"https:\/\/www.antstore.net\/shop\/images\/documents\/ant%20escape%20protection%20lacquer%20EN.pdf\" target=\"_blank\" rel=\"noopener\"><span style=\"font-family: verdana,arial,helvetica,sans-serif;\"><img data-recalc-dims=\"1\" decoding=\"async\" src=\"https:\/\/i0.wp.com\/www.antstore.net\/shop\/images\/pdf_logo.gif?w=1020&#038;ssl=1\" alt=\"\" border=\"0\" \/>\u00a0Bezpe\u010dnostn\u00ed list pro lak na ochranu proti \u00faniku mravenc\u016f<\/span><\/a>\u00a0(\u010desky) , (PDF 0,2 MB)<br \/><span style=\"color: #666666; font-family: arial,helvetica,sans-serif; font-size: xx-small;\">(obsah: bezpe\u010dnostn\u00ed pokyny)<\/span><\/p>\n<p><a href=\"https:\/\/www.antstore.net\/shop\/images\/documents\/ant_escape_protection_oil_en.pdf\" target=\"_blank\" rel=\"noopener\"><span style=\"font-family: verdana,arial,helvetica,sans-serif;\"><img data-recalc-dims=\"1\" decoding=\"async\" src=\"https:\/\/i0.wp.com\/www.antstore.net\/shop\/images\/pdf_logo.gif?w=1020&#038;ssl=1\" alt=\"\" border=\"0\" \/>\u00a0Bezpe\u010dnostn\u00ed list pro olej na ochranu proti \u00faniku mravenc\u016f<\/span><\/a>\u00a0(\u010desky) , (PDF 0,1 MB)<br \/><span style=\"color: #666666; font-family: arial,helvetica,sans-serif; font-size: xx-small;\">(obsah: bezpe\u010dnostn\u00ed pokyny)<\/span>\u00a0<\/p>\n\n\t\t<\/div>\n\t\t\t\t\t<\/div>\n\n\t\n\n<\/div>","protected":false},"excerpt":{"rendered":"","protected":false},"author":1,"featured_media":0,"parent":0,"menu_order":0,"comment_status":"closed","ping_status":"closed","template":"","meta":{"_acf_changed":false,"content-type":"","_monsterinsights_skip_tracking":false,"_monsterinsights_sitenote_active":false,"_monsterinsights_sitenote_note":"","_monsterinsights_sitenote_category":0,"footnotes":""},"class_list":["post-645","page","type-page","status-publish","hentry"],"acf":[],"aioseo_notices":[],"jetpack_sharing_enabled":true,"_links":{"self":[{"href":"https:\/\/antcube.shop\/cs\/wp-json\/wp\/v2\/pages\/645","targetHints":{"allow":["GET"]}}],"collection":[{"href":"https:\/\/antcube.shop\/cs\/wp-json\/wp\/v2\/pages"}],"about":[{"href":"https:\/\/antcube.shop\/cs\/wp-json\/wp\/v2\/types\/page"}],"author":[{"embeddable":true,"href":"https:\/\/antcube.shop\/cs\/wp-json\/wp\/v2\/users\/1"}],"replies":[{"embeddable":true,"href":"https:\/\/antcube.shop\/cs\/wp-json\/wp\/v2\/comments?post=645"}],"version-history":[{"count":10,"href":"https:\/\/antcube.shop\/cs\/wp-json\/wp\/v2\/pages\/645\/revisions"}],"predecessor-version":[{"id":10640,"href":"https:\/\/antcube.shop\/cs\/wp-json\/wp\/v2\/pages\/645\/revisions\/10640"}],"wp:attachment":[{"href":"https:\/\/antcube.shop\/cs\/wp-json\/wp\/v2\/media?parent=645"}],"curies":[{"name":"wp","href":"https:\/\/api.w.org\/{rel}","templated":true}]}}