{"id":643,"date":"2021-07-30T13:36:12","date_gmt":"2021-07-30T11:36:12","guid":{"rendered":"https:\/\/antcube.shop\/?page_id=643"},"modified":"2024-11-29T15:31:27","modified_gmt":"2024-11-29T14:31:27","slug":"zakon-o-elektrickych-zarizenich","status":"publish","type":"page","link":"https:\/\/antcube.shop\/cs\/zakon-o-elektrickych-zarizenich\/","title":{"rendered":"Z\u00e1kon o elektrick\u00fdch za\u0159\u00edzen\u00edch"},"content":{"rendered":"<div id=\"gap-270212581\" class=\"gap-element clearfix\" style=\"display:block; height:auto;\">\n\t\t\n<style>\n#gap-270212581 {\n  padding-top: 190px;\n}\n<\/style>\n\t<\/div>\n\t\n\n<div class=\"row\"  id=\"row-1947224989\">\n\n\n\t<div id=\"col-1265154064\" class=\"col small-12 large-12\"  >\n\t\t\t\t<div class=\"col-inner\"  >\n\t\t\t\n\t\t\t\n\n\t<div id=\"text-2746767810\" class=\"text\">\n\t\t\n\n<h3><b>Informace podle n\u011bmeck\u00e9ho z\u00e1kona o elektrick\u00fdch a elektronick\u00fdch za\u0159\u00edzen\u00edch (ElektroG)<\/b><\/h3>\n<p><span style=\"font-weight: 400;\">Na\u0161e registra\u010dn\u00ed \u010d\u00edslo WEEE: <\/span><b>DE 54590387<\/b><\/p>\n<p><b>1 \u00davod <\/b><b><br \/><\/b><span style=\"font-weight: 400;\">ElektroG reguluje <\/span><b>uveden\u00ed na trh<\/b><span style=\"font-weight: 400;\">, <\/span><b>zp\u011btn\u00fd odb\u011br <\/b><span style=\"font-weight: 400;\">a <\/span><b>ekologick\u00e1 likvidace <\/b><span style=\"font-weight: 400;\">elektrick\u00fdch a elektronick\u00fdch za\u0159\u00edzen\u00ed. C\u00edlem je podporovat ochranu \u017eivotn\u00edho prost\u0159ed\u00ed a zajistit recyklaci cenn\u00fdch surovin.<\/span><\/p>\n<ol start=\"2\">\n<li><b> pr\u00e1vn\u00ed povinnosti spot\u0159ebitel\u016f<\/b><\/li>\n<\/ol>\n<ul>\n<li style=\"font-weight: 400;\" aria-level=\"1\"><b>Z\u00e1kaz ukl\u00e1d\u00e1n\u00ed do zbytkov\u00e9ho odpadu<\/b><span style=\"font-weight: 400;\">: Star\u00e9 elektrospot\u0159ebi\u010de se nesm\u00ed vyhazovat do zbytkov\u00e9ho odpadu.<\/span><\/li>\n<li style=\"font-weight: 400;\" aria-level=\"1\"><b>Povinnost vr\u00e1tit se<\/b><span style=\"font-weight: 400;\">: Spot\u0159ebitel\u00e9 jsou ze z\u00e1kona povinni odevzd\u00e1vat pou\u017eit\u00e9 elektrick\u00e9 a elektronick\u00e9 za\u0159\u00edzen\u00ed ve sb\u011brn\u00fdch st\u0159edisc\u00edch obc\u00ed (\u00d6RE - ve\u0159ejn\u00e9 org\u00e1ny pro likvidaci odpad\u016f) nebo v p\u0159\u00edslu\u0161n\u00fdch syst\u00e9mech zp\u011btn\u00e9ho odb\u011bru.<\/span><\/li>\n<li style=\"font-weight: 400;\" aria-level=\"1\"><b>Zne\u010di\u0161\u0165uj\u00edc\u00ed l\u00e1tky a recyklace<\/b><span style=\"font-weight: 400;\">:<\/span>\n<ul>\n<li style=\"font-weight: 400;\" aria-level=\"2\"><span style=\"font-weight: 400;\">Star\u00e9 elektrospot\u0159ebi\u010de mohou obsahovat \u0161kodliv\u00e9 l\u00e1tky, kter\u00e9 mohou po\u0161kodit \u017eivotn\u00ed prost\u0159ed\u00ed a zdrav\u00ed, pokud nejsou spr\u00e1vn\u011b skladov\u00e1ny nebo likvidov\u00e1ny.<\/span><\/li>\n<li style=\"font-weight: 400;\" aria-level=\"2\"><span style=\"font-weight: 400;\">Z\u00e1rove\u0148 obsahuj\u00ed cenn\u00e9 suroviny, jako je \u017eelezo, plast, st\u0159\u00edbro nebo sklo, kter\u00e9 lze recyklovat.<\/span><\/li>\n<\/ul>\n<\/li>\n<\/ul>\n<p><b>3 Kter\u00fdch za\u0159\u00edzen\u00ed se to t\u00fdk\u00e1? <\/b><b><br \/><\/b><span style=\"font-weight: 400;\">ElektroG se vztahuje na v\u011bt\u0161inu elektrick\u00fdch a elektronick\u00fdch spot\u0159ebi\u010d\u016f, kter\u00e9 jsou nap\u00e1jeny elekt\u0159inou nebo elektromagnetick\u00fdm polem. Pat\u0159\u00ed mezi n\u011b mj:<\/span><\/p>\n<ul>\n<li style=\"font-weight: 400;\" aria-level=\"1\"><span style=\"font-weight: 400;\">Klimatick\u00fd po\u010d\u00edta\u010d<\/span><\/li>\n<li style=\"font-weight: 400;\" aria-level=\"1\"><span style=\"font-weight: 400;\">Topn\u00e9 roho\u017ee a kabely<\/span><\/li>\n<li style=\"font-weight: 400;\" aria-level=\"1\"><span style=\"font-weight: 400;\">Digit\u00e1ln\u00ed teplom\u011br a vlhkom\u011br<\/span><\/li>\n<li style=\"font-weight: 400;\" aria-level=\"1\"><span style=\"font-weight: 400;\">Zvlh\u010dova\u010de vzduchu (mlhova\u010de)<\/span><\/li>\n<li style=\"font-weight: 400;\" aria-level=\"1\"><span style=\"font-weight: 400;\">Ventil\u00e1tor<\/span><\/li>\n<\/ul>\n<p><span style=\"font-weight: 400;\">\u00dapln\u00fd seznam dot\u010den\u00fdch kategori\u00ed je uveden v platn\u00e9 pr\u00e1vn\u00ed sm\u011brnici.<\/span><\/p>\n<p><b>4 Ozna\u010dov\u00e1n\u00ed dot\u010den\u00fdch prost\u0159edk\u016f <\/b><b><br \/><\/b><span style=\"font-weight: 400;\">V\u00fdrobky, kter\u00e9 spadaj\u00ed pod ElektroG, jsou ozna\u010deny symbolem <\/span><b>p\u0159e\u0161krtnut\u00e1 popelnice<\/b><span style=\"font-weight: 400;\">. To znamen\u00e1, \u017ee spot\u0159ebi\u010d nesm\u00ed b\u00fdt likvidov\u00e1n spole\u010dn\u011b se zbytkov\u00fdm odpadem, ale mus\u00ed b\u00fdt likvidov\u00e1n prost\u0159ednictv\u00edm sb\u011brn\u00fdch st\u0159edisek nebo syst\u00e9m\u016f zp\u011btn\u00e9ho odb\u011bru.<\/span><\/p>\n<p><b>5 Povinnosti spole\u010dnosti ANTSTORE podle z\u00e1kona ElektroG <\/b><b><br \/><\/b><span style=\"font-weight: 400;\">Spole\u010dnost ANTSTORE splnila v\u0161echny povinnosti vypl\u00fdvaj\u00edc\u00ed ze z\u00e1kona ElektroG, aby zajistila ekologickou likvidaci:<\/span><\/p>\n<ul>\n<li style=\"font-weight: 400;\" aria-level=\"1\"><b>Registrace u EAR<\/b><span style=\"font-weight: 400;\">:<\/span>\n<ul>\n<li style=\"font-weight: 400;\" aria-level=\"2\"><span style=\"font-weight: 400;\">ANTSTORE je registrov\u00e1n v nadaci EAR (registr odpadn\u00edch elektrick\u00fdch a elektronick\u00fdch za\u0159\u00edzen\u00ed).<\/span><\/li>\n<li style=\"font-weight: 400;\" aria-level=\"2\"><span style=\"font-weight: 400;\">Na\u0161e registra\u010dn\u00ed \u010d\u00edslo WEEE: <\/span><b>DE <\/b><span style=\"font-weight: 400;\">54590387.<\/span><\/li>\n<\/ul>\n<\/li>\n<li style=\"font-weight: 400;\" aria-level=\"1\"><b>Kontrola dodavatel\u016f<\/b><span style=\"font-weight: 400;\">:<\/span>\n<ul>\n<li style=\"font-weight: 400;\" aria-level=\"2\"><span style=\"font-weight: 400;\">V\u0161ichni dodavatel\u00e9 byli a jsou pr\u016fb\u011b\u017en\u011b kontrolov\u00e1ni z hlediska dodr\u017eov\u00e1n\u00ed registra\u010dn\u00edch povinnost\u00ed.<\/span><\/li>\n<\/ul>\n<\/li>\n<li style=\"font-weight: 400;\" aria-level=\"1\"><b>Povinnost ozna\u010dov\u00e1n\u00ed<\/b><span style=\"font-weight: 400;\">:<\/span>\n<ul>\n<li style=\"font-weight: 400;\" aria-level=\"2\"><span style=\"font-weight: 400;\">V\u0161echny v\u00fdrobky vyr\u00e1b\u011bn\u00e9 a dov\u00e1\u017een\u00e9 v EU jsou \u0159\u00e1dn\u011b ozna\u010deny.<\/span><\/li>\n<\/ul>\n<\/li>\n<\/ul>\n<ol start=\"6\">\n<li><b> mo\u017enosti n\u00e1vratu ve v\u011btvi ANTSTORE <\/b><b><br \/><\/b><span style=\"font-weight: 400;\">Krom\u011b obecn\u00edch sb\u011brn\u00fdch m\u00edst nab\u00edz\u00ed ANTSTORE sv\u00fdm z\u00e1kazn\u00edk\u016fm tak\u00e9 <\/span><b>dobrovoln\u00fd n\u00e1vrat <\/b><span style=\"font-weight: 400;\">star\u00fdch spot\u0159ebi\u010d\u016f:<\/span><\/li>\n<\/ol>\n<ul>\n<li style=\"font-weight: 400;\" aria-level=\"1\"><span style=\"font-weight: 400;\">Z\u00e1kazn\u00edci mohou vr\u00e1tit star\u00e9 spot\u0159ebi\u010de <\/span><b>zdarma <\/b><span style=\"font-weight: 400;\">p\u0159i n\u00e1kupu v na\u0161em obchod\u011b.<\/span><\/li>\n<li style=\"font-weight: 400;\" aria-level=\"1\"><span style=\"font-weight: 400;\">T\u00edmto zp\u016fsobem podporujeme pohodlnou a ekologickou likvidaci star\u00fdch elektrospot\u0159ebi\u010d\u016f.<\/span><\/li>\n<\/ul>\n<p><b>Shrnut\u00ed pro spot\u0159ebitele<\/b><\/p>\n<ul>\n<li style=\"font-weight: 400;\" aria-level=\"1\"><span style=\"font-weight: 400;\">Vyu\u017eijte obecn\u00ed sb\u011brn\u00e1 st\u0159ediska (\u00d6RE) nebo na\u0161e syst\u00e9my zp\u011btn\u00e9ho odb\u011bru v obchod\u011b.<\/span><\/li>\n<li style=\"font-weight: 400;\" aria-level=\"1\"><span style=\"font-weight: 400;\">Star\u00e9 elektrospot\u0159ebi\u010de nikdy nevyhazujte do zbytkov\u00e9ho odpadu.<\/span><\/li>\n<li style=\"font-weight: 400;\" aria-level=\"1\"><span style=\"font-weight: 400;\">Pomozte chr\u00e1nit \u017eivotn\u00ed prost\u0159ed\u00ed a zdroje spr\u00e1vnou likvidac\u00ed odpadu.<\/span><\/li>\n<\/ul>\n<p><span style=\"font-weight: 400;\">M\u00e1te-li jak\u00e9koli dal\u0161\u00ed dotazy t\u00fdkaj\u00edc\u00ed se na\u0161ich slu\u017eeb zp\u011btn\u00e9ho odb\u011bru a likvidace, nev\u00e1hejte n\u00e1s kontaktovat.<\/span><\/p>\n<p><b>Dal\u0161\u00ed informace:<\/b><\/p>\n<p><a href=\"https:\/\/www.stiftung-ear.de\/de\/home\"><span style=\"font-weight: 400;\">www.stiftung-ear.de<\/span><\/a><\/p>\n<p><a href=\"https:\/\/www.bmuv.de\/themen\/kreislaufwirtschaft\/abfallarten-und-abfallstroeme\/uebersicht-abfallarten-und-abfallstroeme\"><span style=\"font-weight: 400;\">www.bmu.de<\/span><\/a><\/p>\n\n\t\t\n<style>\n#text-2746767810 {\n  text-align: left;\n}\n<\/style>\n\t<\/div>\n\t\n\n\t\t<\/div>\n\t\t\t\t\t<\/div>\n\n\t\n\n<\/div>","protected":false},"excerpt":{"rendered":"","protected":false},"author":1,"featured_media":0,"parent":0,"menu_order":0,"comment_status":"closed","ping_status":"closed","template":"","meta":{"_acf_changed":false,"content-type":"","_monsterinsights_skip_tracking":false,"_monsterinsights_sitenote_active":false,"_monsterinsights_sitenote_note":"","_monsterinsights_sitenote_category":0,"footnotes":""},"class_list":["post-643","page","type-page","status-publish","hentry"],"acf":[],"aioseo_notices":[],"jetpack_sharing_enabled":true,"_links":{"self":[{"href":"https:\/\/antcube.shop\/cs\/wp-json\/wp\/v2\/pages\/643","targetHints":{"allow":["GET"]}}],"collection":[{"href":"https:\/\/antcube.shop\/cs\/wp-json\/wp\/v2\/pages"}],"about":[{"href":"https:\/\/antcube.shop\/cs\/wp-json\/wp\/v2\/types\/page"}],"author":[{"embeddable":true,"href":"https:\/\/antcube.shop\/cs\/wp-json\/wp\/v2\/users\/1"}],"replies":[{"embeddable":true,"href":"https:\/\/antcube.shop\/cs\/wp-json\/wp\/v2\/comments?post=643"}],"version-history":[{"count":6,"href":"https:\/\/antcube.shop\/cs\/wp-json\/wp\/v2\/pages\/643\/revisions"}],"predecessor-version":[{"id":10641,"href":"https:\/\/antcube.shop\/cs\/wp-json\/wp\/v2\/pages\/643\/revisions\/10641"}],"wp:attachment":[{"href":"https:\/\/antcube.shop\/cs\/wp-json\/wp\/v2\/media?parent=643"}],"curies":[{"name":"wp","href":"https:\/\/api.w.org\/{rel}","templated":true}]}}