{"id":641,"date":"2021-07-30T13:35:42","date_gmt":"2021-07-30T11:35:42","guid":{"rendered":"https:\/\/antcube.shop\/?page_id=641"},"modified":"2024-11-29T15:44:57","modified_gmt":"2024-11-29T14:44:57","slug":"zakon-o-bateriich","status":"publish","type":"page","link":"https:\/\/antcube.shop\/cs\/zakon-o-bateriich\/","title":{"rendered":"Z\u00e1kon o bateri\u00edch"},"content":{"rendered":"<div id=\"gap-1500312242\" class=\"gap-element clearfix\" style=\"display:block; height:auto;\">\n\t\t\n<style>\n#gap-1500312242 {\n  padding-top: 190px;\n}\n<\/style>\n\t<\/div>\n\t\n\n<div class=\"row\"  id=\"row-1181847597\">\n\n\n\t<div id=\"col-1279908665\" class=\"col small-12 large-12\"  >\n\t\t\t\t<div class=\"col-inner\"  >\n\t\t\t\n\t\t\t\n\n<h3><b>Pozn\u00e1mky k z\u00e1konu o bateri\u00edch (BattG)<\/b><\/h3>\n<ol>\n<li><b> baterie a dob\u00edjec\u00ed baterie v za\u0159\u00edzen\u00edch <\/b><b><br \/><\/b><span style=\"font-weight: 400;\">Mnoho na\u0161ich v\u00fdrobk\u016f obsahuje baterie nebo dob\u00edjec\u00ed baterie, kter\u00e9 se pou\u017e\u00edvaj\u00ed nap\u0159\u00edklad k ovl\u00e1d\u00e1n\u00ed d\u00e1lkov\u00fdch ovlada\u010d\u016f nebo jako trvale instalovan\u00e9 sou\u010d\u00e1sti v za\u0159\u00edzen\u00edch. V souvislosti s prodejem t\u011bchto bateri\u00ed nebo dob\u00edjec\u00edch bateri\u00ed bychom v\u00e1s r\u00e1di upozornili na n\u00e1sleduj\u00edc\u00ed skute\u010dnosti:<\/span><\/li>\n<li><b> pr\u00e1vn\u00ed povinnost vr\u00e1tit<\/b><\/li>\n<\/ol>\n<ul>\n<li style=\"font-weight: 400;\" aria-level=\"1\"><b>Likvidace pou\u017eit\u00fdch bateri\u00ed<\/b><span style=\"font-weight: 400;\"><br \/><\/span><span style=\"font-weight: 400;\"> V souladu se z\u00e1konem o bateri\u00edch mus\u00ed b\u00fdt pou\u017eit\u00e9 baterie bezplatn\u011b odevzd\u00e1ny v obecn\u00edm sb\u011brn\u00e9m st\u0159edisku, ve speci\u00e1ln\u00edch kontejnerech na pou\u017eit\u00e9 baterie nebo u m\u00edstn\u00edho prodejce.<\/span><\/li>\n<li style=\"font-weight: 400;\" aria-level=\"1\"><b>Z\u00e1kaz odstra\u0148ov\u00e1n\u00ed odpadu z dom\u00e1cnost\u00ed<\/b><span style=\"font-weight: 400;\"><br \/><\/span><span style=\"font-weight: 400;\">Vyhazov\u00e1n\u00ed bateri\u00ed do domovn\u00edho odpadu je v\u00fdslovn\u011b zak\u00e1z\u00e1no.<\/span><\/li>\n<\/ul>\n<ol start=\"3\">\n<li><b> mo\u017enosti n\u00e1vratu v ANTSTORE <\/b><b><br \/><\/b><span style=\"font-weight: 400;\">Pokud nechcete vyu\u017e\u00edt obecn\u00ed sb\u011brn\u00e9 m\u00edsto nebo m\u00edstn\u00edho prodejce, nab\u00edz\u00edme v\u00e1m n\u00e1sleduj\u00edc\u00ed mo\u017enosti vr\u00e1cen\u00ed n\u00e1mi dodan\u00fdch bateri\u00ed:<\/span><\/li>\n<\/ol>\n<ul>\n<li style=\"font-weight: 400;\" aria-level=\"1\"><b>Bezplatn\u00e9 vr\u00e1cen\u00ed na m\u00edst\u011b<\/b><span style=\"font-weight: 400;\"><br \/><\/span><span style=\"font-weight: 400;\">Baterie m\u016f\u017eete vr\u00e1tit p\u0159\u00edmo v na\u0161em obchod\u011b.<\/span><\/li>\n<li style=\"font-weight: 400;\" aria-level=\"1\"><b>Vr\u00e1cen\u00ed po\u0161tou<\/b><span style=\"font-weight: 400;\"><br \/><\/span><span style=\"font-weight: 400;\">Baterie za\u0161lete na adresu:<\/span><span style=\"font-weight: 400;\"><br \/><\/span><b>ANTSTORE<\/b><b><br \/><\/b><b>Selerweg 41<\/b><b><br \/><\/b><b>D-12169 Berl\u00edn<\/b><\/li>\n<\/ul>\n<ol start=\"4\">\n<li><b> ozna\u010dov\u00e1n\u00ed bateri\u00ed obsahuj\u00edc\u00edch \u0161kodliv\u00e9 l\u00e1tky <\/b><b><br \/><\/b><span style=\"font-weight: 400;\">Baterie obsahuj\u00edc\u00ed \u0161kodliv\u00e9 l\u00e1tky jsou ozna\u010deny symbolem <\/span><b>p\u0159e\u0161krtnut\u00e1 popelnice<\/b><span style=\"font-weight: 400;\">. Pod t\u00edmto symbolem najdete chemick\u00e9 zkratky obsa\u017een\u00fdch \u0161kodliv\u00fdch l\u00e1tek:<\/span><\/li>\n<\/ol>\n<ul>\n<li style=\"font-weight: 400;\" aria-level=\"1\"><b>Pb <\/b><span style=\"font-weight: 400;\">= baterie obsahuje olovo<\/span><\/li>\n<li style=\"font-weight: 400;\" aria-level=\"1\"><b>Cd <\/b><span style=\"font-weight: 400;\">= baterie obsahuje kadmium<\/span><\/li>\n<li style=\"font-weight: 400;\" aria-level=\"1\"><b>Hg <\/b><span style=\"font-weight: 400;\">= baterie obsahuje rtu\u0165<\/span><\/li>\n<\/ul>\n<ol start=\"5\">\n<li><b> dal\u0161\u00ed informace<\/b><\/li>\n<\/ol>\n<ul>\n<li style=\"font-weight: 400;\" aria-level=\"1\"><span style=\"font-weight: 400;\">Najdete zde podrobn\u00e9 informace:<\/span>\n<ul>\n<li style=\"font-weight: 400;\" aria-level=\"2\"><span style=\"font-weight: 400;\">V pr\u016fvodn\u00edch dokumentech k dod\u00e1vce zbo\u017e\u00ed.<\/span><\/li>\n<li style=\"font-weight: 400;\" aria-level=\"2\"><span style=\"font-weight: 400;\">V n\u00e1vodu k obsluze p\u0159\u00edslu\u0161n\u00e9ho v\u00fdrobce za\u0159\u00edzen\u00ed.<\/span><\/li>\n<\/ul>\n<\/li>\n<li style=\"font-weight: 400;\" aria-level=\"1\"><span style=\"font-weight: 400;\">Dal\u0161\u00ed informace z\u00edsk\u00e1te na str\u00e1nk\u00e1ch z\u00e1kona o bateri\u00edch:<\/span>\n<ul>\n<li style=\"font-weight: 400;\" aria-level=\"2\"><span style=\"font-weight: 400;\">Na Spolkov\u00e9m ministerstvu \u017eivotn\u00edho prost\u0159ed\u00ed, ochrany p\u0159\u00edrody a jadern\u00e9 bezpe\u010dnosti <\/span><a href=\"http:\/\/www.bmu.de\/abfallwirtschaft\"><span style=\"font-weight: 400;\">(<\/span><span style=\"font-weight: 400;\">www.bmu.de)<\/span><\/a><\/li>\n<li style=\"font-weight: 400;\" aria-level=\"2\"><span style=\"font-weight: 400;\">Ve Spolkov\u00e9 agentu\u0159e pro \u017eivotn\u00ed prost\u0159ed\u00ed <\/span><a href=\"http:\/\/www.uba.de\"><span style=\"font-weight: 400;\">(<\/span><span style=\"font-weight: 400;\">www.uba.de)<\/span><\/a><\/li>\n<\/ul>\n<\/li>\n<\/ul>\n<p><b>Souhrn<\/b><\/p>\n<ul>\n<li style=\"font-weight: 400;\" aria-level=\"1\"><span style=\"font-weight: 400;\">Baterie nepat\u0159\u00ed do dom\u00e1c\u00edho odpadu.<\/span><\/li>\n<li style=\"font-weight: 400;\" aria-level=\"1\"><span style=\"font-weight: 400;\">Vyu\u017eijte obecn\u00ed sb\u011brn\u00e1 m\u00edsta, kontejnery na pou\u017eit\u00e9 baterie nebo mo\u017enosti zp\u011btn\u00e9ho odb\u011bru v ANTSTORE.<\/span><\/li>\n<li style=\"font-weight: 400;\" aria-level=\"1\"><span style=\"font-weight: 400;\">V\u0161\u00edmejte si symbolu p\u0159e\u0161krtnut\u00e9 popelnice a ozna\u010den\u00ed zne\u010di\u0161\u0165uj\u00edc\u00edch l\u00e1tek.<\/span><\/li>\n<\/ul>\n<p><span style=\"font-weight: 400;\">D\u011bkujeme, \u017ee spr\u00e1vnou likvidac\u00ed bateri\u00ed aktivn\u011b p\u0159isp\u00edv\u00e1te k ochran\u011b \u017eivotn\u00edho prost\u0159ed\u00ed!<\/span><\/p>\n<h3><br \/><br \/><br \/><br \/><br \/><br \/><\/h3>\n\n\t\t<\/div>\n\t\t\t\t\t<\/div>\n\n\t\n\n<\/div>","protected":false},"excerpt":{"rendered":"","protected":false},"author":1,"featured_media":0,"parent":0,"menu_order":0,"comment_status":"closed","ping_status":"closed","template":"","meta":{"_acf_changed":false,"content-type":"","_monsterinsights_skip_tracking":false,"_monsterinsights_sitenote_active":false,"_monsterinsights_sitenote_note":"","_monsterinsights_sitenote_category":0,"footnotes":""},"class_list":["post-641","page","type-page","status-publish","hentry"],"acf":[],"aioseo_notices":[],"jetpack_sharing_enabled":true,"_links":{"self":[{"href":"https:\/\/antcube.shop\/cs\/wp-json\/wp\/v2\/pages\/641","targetHints":{"allow":["GET"]}}],"collection":[{"href":"https:\/\/antcube.shop\/cs\/wp-json\/wp\/v2\/pages"}],"about":[{"href":"https:\/\/antcube.shop\/cs\/wp-json\/wp\/v2\/types\/page"}],"author":[{"embeddable":true,"href":"https:\/\/antcube.shop\/cs\/wp-json\/wp\/v2\/users\/1"}],"replies":[{"embeddable":true,"href":"https:\/\/antcube.shop\/cs\/wp-json\/wp\/v2\/comments?post=641"}],"version-history":[{"count":3,"href":"https:\/\/antcube.shop\/cs\/wp-json\/wp\/v2\/pages\/641\/revisions"}],"predecessor-version":[{"id":10643,"href":"https:\/\/antcube.shop\/cs\/wp-json\/wp\/v2\/pages\/641\/revisions\/10643"}],"wp:attachment":[{"href":"https:\/\/antcube.shop\/cs\/wp-json\/wp\/v2\/media?parent=641"}],"curies":[{"name":"wp","href":"https:\/\/api.w.org\/{rel}","templated":true}]}}