{"id":639,"date":"2021-07-30T13:35:18","date_gmt":"2021-07-30T11:35:18","guid":{"rendered":"https:\/\/antcube.shop\/?page_id=639"},"modified":"2025-10-16T12:04:23","modified_gmt":"2025-10-16T10:04:23","slug":"platebni-metody","status":"publish","type":"page","link":"https:\/\/antcube.shop\/cs\/platebni-metody\/","title":{"rendered":"Platebn\u00ed metody"},"content":{"rendered":"<div id=\"gap-2099527056\" class=\"gap-element clearfix\" style=\"display:block; height:auto;\">\n\t\t\n<style>\n#gap-2099527056 {\n  padding-top: 202px;\n}\n@media (min-width:850px) {\n  #gap-2099527056 {\n    padding-top: 172px;\n  }\n}\n<\/style>\n\t<\/div>\n\t\n\n<div class=\"row\"  id=\"row-1491608814\">\n\n\n\t<div id=\"col-2017017469\" class=\"col small-12 large-12\"  >\n\t\t\t\t<div class=\"col-inner\"  >\n\t\t\t\n\t\t\t\n\n<h1>Typy plateb<\/h1>\n<h3><strong>1. Typy plateb<\/strong><\/h3>\n<h3><strong>- Platba p\u0159edem<\/strong><\/h3>\n<p><img data-recalc-dims=\"1\" loading=\"lazy\" decoding=\"async\" class=\"\" src=\"https:\/\/i0.wp.com\/www.antstore.net\/shop\/images\/icons\/vorkasse.jpg?resize=301%2C97&#038;ssl=1\" alt=\"\" width=\"301\" height=\"97\" \/><\/p>\n<h3><strong>- Sofort\u00fcberweisung \/ Klarna<\/strong><\/h3>\n<p><img data-recalc-dims=\"1\" loading=\"lazy\" decoding=\"async\" class=\"\" src=\"https:\/\/i0.wp.com\/www.antstore.net\/shop\/images\/icons\/sofort.jpg?resize=309%2C99&#038;ssl=1\" alt=\"\" width=\"309\" height=\"99\" \/><\/p>\n<h3><strong>- PayPal<\/strong><\/h3>\n<p><img data-recalc-dims=\"1\" loading=\"lazy\" decoding=\"async\" class=\"\" src=\"https:\/\/i0.wp.com\/www.antstore.net\/shop\/images\/icons\/paypal.jpg?resize=294%2C95&#038;ssl=1\" alt=\"\" width=\"294\" height=\"95\" \/><\/p>\n<p><strong>&#8211;\u00a0<\/strong>- Voliteln\u011b kreditn\u00ed karta (Visa nebo Mastercard) a p\u0159\u00edm\u00e9 inkaso (slu\u017eba PayPal).<\/p>\n<p><img data-recalc-dims=\"1\" loading=\"lazy\" decoding=\"async\" class=\"\" src=\"https:\/\/i0.wp.com\/www.antstore.net\/shop\/images\/icons\/visa-master.JPG?resize=270%2C87&#038;ssl=1\" alt=\"\" width=\"270\" height=\"87\" \/><\/p>\n<p>- Kreditn\u00ed karta (Visa, MasterCard) a inkaso (slu\u017eba PayPal).<\/p>\n<h3><strong>2. Poplatky za p\u0159\u00edslu\u0161n\u00fd zp\u016fsob platby:<\/strong><\/h3>\n<p>Za nab\u00edzen\u00e9 platebn\u00ed metody se v r\u00e1mci EU neplat\u00ed \u017e\u00e1dn\u00e9 poplatky.<\/p>\n<h3><strong>3. M\u011bna<\/strong><\/h3>\n<p>Objedn\u00e1vky lze zad\u00e1vat a platby prov\u00e1d\u011bt pouze v eurech (standardn\u00ed m\u011bna). V\u0161echny ostatn\u00ed p\u0159\u00edpadn\u011b zobrazen\u00e9 m\u011bny slou\u017e\u00ed pouze pro hrub\u00fd p\u0159ehled.<br \/>Za aktu\u00e1lnost \u00fadaj\u016f o sm\u011bnn\u00fdch kurzech neru\u010d\u00edme!<\/p>\n<h3><strong>4. Ceny a dan\u011b<\/strong><\/h3>\n<p>N\u011bmecko: V\u0161echny ceny jsou uvedeny v\u010detn\u011b aktu\u00e1ln\u00ed DPH.<br \/>Evropsk\u00e1 unie (nikoli N\u011bmecko). V\u0161echny ceny jsou uvedeny v\u010detn\u011b aktu\u00e1ln\u00ed DPH pro komer\u010dn\u00ed z\u00e1kazn\u00edky s DI\u010c. budou \u00fa\u010dtov\u00e1ny ceny netto (bez DPH).<\/p>\n\n\t\t<\/div>\n\t\t\t\t\t<\/div>\n\n\t\n\n<\/div>","protected":false},"excerpt":{"rendered":"","protected":false},"author":1,"featured_media":0,"parent":0,"menu_order":0,"comment_status":"closed","ping_status":"closed","template":"","meta":{"_acf_changed":false,"content-type":"","_monsterinsights_skip_tracking":false,"_monsterinsights_sitenote_active":false,"_monsterinsights_sitenote_note":"","_monsterinsights_sitenote_category":0,"footnotes":""},"class_list":["post-639","page","type-page","status-publish","hentry"],"acf":[],"aioseo_notices":[],"jetpack_sharing_enabled":true,"_links":{"self":[{"href":"https:\/\/antcube.shop\/cs\/wp-json\/wp\/v2\/pages\/639","targetHints":{"allow":["GET"]}}],"collection":[{"href":"https:\/\/antcube.shop\/cs\/wp-json\/wp\/v2\/pages"}],"about":[{"href":"https:\/\/antcube.shop\/cs\/wp-json\/wp\/v2\/types\/page"}],"author":[{"embeddable":true,"href":"https:\/\/antcube.shop\/cs\/wp-json\/wp\/v2\/users\/1"}],"replies":[{"embeddable":true,"href":"https:\/\/antcube.shop\/cs\/wp-json\/wp\/v2\/comments?post=639"}],"version-history":[{"count":9,"href":"https:\/\/antcube.shop\/cs\/wp-json\/wp\/v2\/pages\/639\/revisions"}],"predecessor-version":[{"id":6880,"href":"https:\/\/antcube.shop\/cs\/wp-json\/wp\/v2\/pages\/639\/revisions\/6880"}],"wp:attachment":[{"href":"https:\/\/antcube.shop\/cs\/wp-json\/wp\/v2\/media?parent=639"}],"curies":[{"name":"wp","href":"https:\/\/api.w.org\/{rel}","templated":true}]}}