{"id":632,"date":"2021-07-30T13:32:44","date_gmt":"2021-07-30T11:32:44","guid":{"rendered":"https:\/\/antcube.shop\/?page_id=632"},"modified":"2024-11-29T15:27:28","modified_gmt":"2024-11-29T14:27:28","slug":"politika-vraceni-penez","status":"publish","type":"page","link":"https:\/\/antcube.shop\/cs\/politika-vraceni-penez\/","title":{"rendered":"St\u00ed\u017enosti a pr\u00e1vo na odstoupen\u00ed od smlouvy"},"content":{"rendered":"<div id=\"gap-1429330463\" class=\"gap-element clearfix\" style=\"display:block; height:auto;\">\n\t\t\n<style>\n#gap-1429330463 {\n  padding-top: 200px;\n}\n@media (min-width:550px) {\n  #gap-1429330463 {\n    padding-top: 197px;\n  }\n}\n@media (min-width:850px) {\n  #gap-1429330463 {\n    padding-top: 190px;\n  }\n}\n<\/style>\n\t<\/div>\n\t\n\n<div class=\"row\"  id=\"row-395095624\">\n\n\n\t<div id=\"col-1751983832\" class=\"col small-12 large-12\"  >\n\t\t\t\t<div class=\"col-inner\"  >\n\t\t\t\n\t\t\t\n\n<h3><b>Vy\u0159izov\u00e1n\u00ed st\u00ed\u017enost\u00ed a pr\u00e1vo na odstoupen\u00ed od smlouvy<\/b><\/h3>\n<h4><b>1. vy\u0159izov\u00e1n\u00ed st\u00ed\u017enost\u00ed<\/b><\/h4>\n<p><b>Obecn\u00e9 informace:<\/b><\/p>\n<ul>\n<li style=\"font-weight: 400;\" aria-level=\"1\"><span style=\"font-weight: 400;\">Pokud nejste spokojeni s dodan\u00fdm zbo\u017e\u00edm nebo \u017eiv\u00fdmi zv\u00ed\u0159aty, neprodlen\u011b n\u00e1s informujte.<\/span><\/li>\n<li style=\"font-weight: 400;\" aria-level=\"1\"><span style=\"font-weight: 400;\">Va\u0161e z\u00e1konn\u00e9 <\/span><b>z\u00e1ru\u010dn\u00ed pr\u00e1va <\/b><span style=\"font-weight: 400;\">podle \u00a7\u00a7 434 a n\u00e1sl. BGB (n\u011bmeck\u00fd ob\u010dansk\u00fd z\u00e1kon\u00edk) z\u016fst\u00e1vaj\u00ed nedot\u010deny.<\/span><\/li>\n<\/ul>\n<p><b>Nahl\u00e1sit st\u00ed\u017enost:<\/b><\/p>\n<ul>\n<li style=\"font-weight: 400;\" aria-level=\"1\"><span style=\"font-weight: 400;\">Nahl\u00e1\u0161en\u00ed st\u00ed\u017enost\u00ed prost\u0159ednictv\u00edm z\u00e1kaznick\u00e9ho \u00fa\u010dtu: <\/span><span style=\"font-weight: 400;\"><br \/><\/span><b>V\u00e1\u0161 \u00fa\u010det \u2192 Va\u0161e objedn\u00e1vky \u2192 Ozn\u00e1men\u00ed. <\/b><b><br \/><\/b><span style=\"font-weight: 400;\">Pro rychl\u00e9 vyjasn\u011bn\u00ed probl\u00e9m\u016f je zde k dispozici p\u0159ipraven\u00fd formul\u00e1\u0159.<\/span><\/li>\n<\/ul>\n<p><b>D\u016fle\u017eit\u00e9 kroky p\u0159i pod\u00e1v\u00e1n\u00ed st\u00ed\u017enost\u00ed:<\/b><\/p>\n<ol>\n<li style=\"font-weight: 400;\" aria-level=\"1\"><b>P\u0159ed vr\u00e1cen\u00edm zbo\u017e\u00ed n\u00e1s kontaktujte:<\/b>\n<ul>\n<li style=\"font-weight: 400;\" aria-level=\"2\"><span style=\"font-weight: 400;\">Zbo\u017e\u00ed pros\u00edm nevracejte bez p\u0159edchoz\u00ed dohody. Po\u0161kozen\u00ed lze \u010dasto dolo\u017eit fotografiemi a objasnit e-mailem.<\/span><\/li>\n<li style=\"font-weight: 400;\" aria-level=\"2\"><span style=\"font-weight: 400;\">Vr\u00e1cen\u00ed se prov\u00e1d\u00ed pouze na z\u00e1klad\u011b na\u0161ich pokyn\u016f.<\/span><\/li>\n<\/ul>\n<\/li>\n<li style=\"font-weight: 400;\" aria-level=\"1\"><b>\u017div\u00e1 zv\u00ed\u0159ata:<\/b>\n<ul>\n<li style=\"font-weight: 400;\" aria-level=\"2\"><span style=\"font-weight: 400;\">P\u0159i p\u0159\u00edjmu zkontrolujte, zda je v\u010delstvo kompletn\u00ed (matka, plod, d\u011blnice) a v dobr\u00e9m stavu (nap\u0159. zran\u011bn\u00ed, napaden\u00ed rozto\u010di).<\/span><\/li>\n<li style=\"font-weight: 400;\" aria-level=\"2\"><span style=\"font-weight: 400;\">Jak\u00e9koli nesrovnalosti nebo z\u00e1vady neprodlen\u011b nahlaste e-mailem na adresu verkauf@antstore.de, v\u010detn\u011b fotodokumentace.<\/span><\/li>\n<\/ul>\n<\/li>\n<li style=\"font-weight: 400;\" aria-level=\"1\"><b>Po\u0161kozen\u00ed p\u0159i p\u0159eprav\u011b:<\/b>\n<ul>\n<li style=\"font-weight: 400;\" aria-level=\"2\"><span style=\"font-weight: 400;\">nechte si zaznamenat vn\u011bj\u0161\u00ed po\u0161kozen\u00ed obalu p\u0159\u00edmo od doru\u010dovatele. Po\u0161kozen\u00ed fotograficky zdokumentujte a informujte n\u00e1s e-mailem na adrese verkauf@antstore.de.<\/span><\/li>\n<\/ul>\n<\/li>\n<li style=\"font-weight: 400;\" aria-level=\"1\"><b>Technick\u00e9 z\u00e1vady:<\/b>\n<ul>\n<li style=\"font-weight: 400;\" aria-level=\"2\"><span style=\"font-weight: 400;\">Technick\u00e9 probl\u00e9my nahlaste bu\u010f n\u00e1m, nebo p\u0159\u00edmo v\u00fdrobci. Kontaktujte v\u00fdrobce prost\u0159ednictv\u00edm uveden\u00e9 hork\u00e9 linky nebo e-mailem.<\/span><\/li>\n<li style=\"font-weight: 400;\" aria-level=\"2\"><span style=\"font-weight: 400;\">V p\u0159\u00edpad\u011b z\u00e1vad m\u00e1te n\u00e1rok na. <\/span><b>n\u00e1prava<\/b><span style=\"font-weight: 400;\">, <\/span><b>n\u00e1hradn\u00ed dod\u00e1vka <\/b><span style=\"font-weight: 400;\">nebo, pokud je n\u00e1prava ne\u00fasp\u011b\u0161n\u00e1, odstoupen\u00ed od smlouvy nebo sn\u00ed\u017een\u00ed kupn\u00ed ceny v souladu s \u00a7 439 BGB.<\/span><\/li>\n<\/ul>\n<\/li>\n<li style=\"font-weight: 400;\" aria-level=\"1\"><b>Nespr\u00e1vn\u00e9 nebo chyb\u011bj\u00edc\u00ed \u010dl\u00e1nky:<\/b>\n<ul>\n<li style=\"font-weight: 400;\" aria-level=\"2\"><span style=\"font-weight: 400;\">Ihned zkontrolujte spr\u00e1vnost a \u00faplnost dod\u00e1vky.<\/span><\/li>\n<li style=\"font-weight: 400;\" aria-level=\"2\"><span style=\"font-weight: 400;\">Pokud polo\u017eky chyb\u00ed nebo byly zam\u011bn\u011bny, dejte n\u00e1m pros\u00edm v\u011bd\u011bt, abychom mohli chybu okam\u017eit\u011b napravit.<\/span><\/li>\n<\/ul>\n<\/li>\n<\/ol>\n<p><b>V\u00fdm\u011bna\/zru\u0161en\u00ed:<\/b><\/p>\n<ul>\n<li style=\"font-weight: 400;\" aria-level=\"1\"><span style=\"font-weight: 400;\">Pokud v\u00e1m polo\u017eka nevyhovuje, m\u016f\u017eete ji vr\u00e1tit pod podm\u00ednkou. <\/span><b>z\u00e1konn\u00e9 pr\u00e1vo na zru\u0161en\u00ed <\/b><span style=\"font-weight: 400;\">(viz n\u00ed\u017ee). P\u0159edpokladem je dodr\u017een\u00ed lh\u016ft a podm\u00ednek.<\/span><\/li>\n<\/ul>\n<h4><b>2. pr\u00e1vo na zru\u0161en\u00ed<\/b><\/h4>\n<ol>\n<li><b> Storno podm\u00ednky pro spot\u0159ebitele (podle \u00a7 355 BGB):<\/b><\/li>\n<li><b> obecn\u00e9 pr\u00e1vo na odstoupen\u00ed od smlouvy uzav\u0159en\u00e9 na d\u00e1lku:<\/b><\/li>\n<\/ol>\n<ul>\n<li style=\"font-weight: 400;\" aria-level=\"1\"><span style=\"font-weight: 400;\">Spot\u0159ebitel\u00e9 (\u00a7 13 BGB), tj. ka\u017ed\u00e1 fyzick\u00e1 osoba, kter\u00e1 uzav\u00edr\u00e1 pr\u00e1vn\u00ed \u00fakon za \u00fa\u010delem, kter\u00fd nelze p\u0159ev\u00e1\u017en\u011b p\u0159i\u010d\u00edtat jej\u00ed podnikatelsk\u00e9 ani nez\u00e1visl\u00e9 profesn\u00ed \u010dinnosti, maj\u00ed pr\u00e1vo odstoupit od smlouvy o koupi zbo\u017e\u00ed do 14 dn\u016f bez ud\u00e1n\u00ed d\u016fvodu.<\/span><\/li>\n<\/ul>\n<ol start=\"2\">\n<li><b> podrobnosti o lh\u016ft\u011b pro odstoupen\u00ed od smlouvy:<\/b><\/li>\n<\/ol>\n<ul>\n<li style=\"font-weight: 400;\" aria-level=\"1\"><b>Za\u010d\u00e1tek lh\u016fty pro odstoupen\u00ed od smlouvy:<\/b>\n<ul>\n<li style=\"font-weight: 400;\" aria-level=\"2\"><span style=\"font-weight: 400;\">U zbo\u017e\u00ed, kter\u00e9 lze zaslat po\u0161tovn\u00edm bal\u00edkem: Od data, kdy spot\u0159ebitel nebo j\u00edm ur\u010den\u00e1 t\u0159et\u00ed osoba obdr\u017e\u00ed posledn\u00ed zbo\u017e\u00ed z dod\u00e1vky.<\/span><\/li>\n<li style=\"font-weight: 400;\" aria-level=\"2\"><span style=\"font-weight: 400;\">Pro zas\u00edl\u00e1n\u00ed zbo\u017e\u00ed: Od data p\u0159ed\u00e1n\u00ed posledn\u00edho zbo\u017e\u00ed spedit\u00e9rem.<\/span><\/li>\n<\/ul>\n<\/li>\n<\/ul>\n<ol start=\"3\">\n<li><b> prohl\u00e1\u0161en\u00ed o zru\u0161en\u00ed: <\/b><b><br \/><\/b><span style=\"font-weight: 400;\">Zru\u0161en\u00ed se prov\u00e1d\u00ed jasn\u00fdm p\u00edsemn\u00fdm prohl\u00e1\u0161en\u00edm (dopisem, e-mailem) na adresu:<\/span><\/li>\n<\/ol>\n<p><b>Kontakt: <\/b><b><br \/><\/b><span style=\"font-weight: 400;\">ANTSTORE, Martin \u0160ebesta<\/span><span style=\"font-weight: 400;\"><br \/><\/span><span style=\"font-weight: 400;\">Selerweg 41, <\/span><span style=\"font-weight: 400;\">D-12169 Berl\u00edn<\/span><span style=\"font-weight: 400;\"><br \/><\/span><span style=\"font-weight: 400;\">Telefon: +49 30 439703870<\/span><span style=\"font-weight: 400;\"><br \/><\/span><span style=\"font-weight: 400;\">E-mail: verkauf (at) antstore.de<\/span><\/p>\n<p><span style=\"font-weight: 400;\">N\u00e1sleduj\u00edc\u00ed <\/span><b>vzorov\u00fd storno formul\u00e1\u0159<\/b><span style=\"font-weight: 400;\">lze pou\u017e\u00edt (nen\u00ed povinn\u00e9).<\/span><span style=\"font-weight: 400;\"><br \/><\/span><span style=\"font-weight: 400;\"> Pro dodr\u017een\u00ed lh\u016fty sta\u010d\u00ed zaslat ozn\u00e1men\u00ed o zru\u0161en\u00ed p\u0159ed jej\u00edm uplynut\u00edm.<\/span><\/p>\n<ol start=\"4\">\n<li><b> d\u016fsledky zru\u0161en\u00ed:<\/b><\/li>\n<\/ol>\n<ul>\n<li style=\"font-weight: 400;\" aria-level=\"1\"><span style=\"font-weight: 400;\">Vr\u00e1cen\u00ed v\u0161ech proveden\u00fdch plateb, v\u010detn\u011b standardn\u00edch n\u00e1klad\u016f na dopravu (nikoli v\u0161ak za dra\u017e\u0161\u00ed po\u017eadovan\u00e9 dod\u00e1vky), bude provedeno nejpozd\u011bji do 14 dn\u016f od obdr\u017een\u00ed odstoupen\u00ed od smlouvy.<\/span><\/li>\n<li style=\"font-weight: 400;\" aria-level=\"1\"><span style=\"font-weight: 400;\">Pro vr\u00e1cen\u00ed pen\u011bz se pou\u017eije p\u016fvodn\u00ed pou\u017eit\u00fd platebn\u00ed prost\u0159edek, pokud nen\u00ed dohodnuto jinak. Za vr\u00e1cen\u00ed pen\u011bz se neplat\u00ed \u017e\u00e1dn\u00e9 poplatky.<\/span><\/li>\n<li style=\"font-weight: 400;\" aria-level=\"1\"><span style=\"font-weight: 400;\">Vr\u00e1cen\u00ed pen\u011bz m\u016f\u017ee b\u00fdt odm\u00edtnuto, dokud zbo\u017e\u00ed nebude vr\u00e1ceno nebo dokud nebude p\u0159edlo\u017een doklad o vr\u00e1cen\u00ed.<\/span><\/li>\n<\/ul>\n<p><b>Vr\u00e1cen\u00ed zbo\u017e\u00ed:<\/b><\/p>\n<ul>\n<li style=\"font-weight: 400;\" aria-level=\"1\"><span style=\"font-weight: 400;\">N\u00e1klady na vr\u00e1cen\u00ed zbo\u017e\u00ed nese spot\u0159ebitel.<\/span><\/li>\n<li style=\"font-weight: 400;\" aria-level=\"1\"><span style=\"font-weight: 400;\">Zbo\u017e\u00ed mus\u00ed b\u00fdt vr\u00e1ceno nejpozd\u011bji do 14 dn\u016f od prohl\u00e1\u0161en\u00ed o odstoupen\u00ed od smlouvy.<\/span><\/li>\n<li style=\"font-weight: 400;\" aria-level=\"1\"><span style=\"font-weight: 400;\">Spot\u0159ebitel odpov\u00edd\u00e1 za ztr\u00e1tu hodnoty pouze v p\u0159\u00edpad\u011b, \u017ee k n\u00ed do\u0161lo v d\u016fsledku nespr\u00e1vn\u00e9ho zach\u00e1zen\u00ed, kter\u00e9 p\u0159esahuje r\u00e1mec nezbytn\u00e9 kontroly stavu a funkce.<\/span><\/li>\n<\/ul>\n<p><b>Pozn\u00e1mka:<\/b><\/p>\n<p><span style=\"font-weight: 400;\">P\u0159i vracen\u00ed citliv\u00e9ho zbo\u017e\u00ed, jako je nap\u0159\u00edklad sklo, d\u016frazn\u011b doporu\u010dujeme pou\u017e\u00edt p\u016fvodn\u00ed obal. T\u00edmto zp\u016fsobem nejsn\u00e1ze zajist\u00edte, \u017ee obal je vhodn\u00fd pro ochranu t\u011bchto materi\u00e1l\u016f. Origin\u00e1ln\u00ed obaly jsou \u010dasto speci\u00e1ln\u011b navr\u017eeny pro p\u0159epravu citliv\u00e9ho zbo\u017e\u00ed.<\/span><\/p>\n<p><span style=\"font-weight: 400;\">Pokud ji\u017e nem\u00e1te p\u016fvodn\u00ed obal, je d\u016fle\u017eit\u00e9, aby byl v\u00fdrobek dob\u0159e zabalen a vycp\u00e1n. Krom\u011b toho by m\u011bl b\u00fdt v\u00fdrobek v krabici um\u00edst\u011bn vzp\u0159\u00edmen\u011b a vyst\u0159ed\u011bn\u011b a pr\u00e1zdn\u00e1 m\u00edsta by m\u011bla b\u00fdt vypln\u011bna v\u00fdpl\u0148ov\u00fdm materi\u00e1lem, aby se zabr\u00e1nilo pohybu v\u00fdrobku a jeho po\u0161kozen\u00ed b\u011bhem p\u0159epravy.<\/span><\/p>\n<p><span style=\"font-weight: 400;\">V p\u0159\u00edpad\u011b jak\u00fdchkoli dotaz\u016f se obra\u0165te na n\u00e1\u0161 z\u00e1kaznick\u00fd servis, kter\u00fd v\u00e1m r\u00e1d pom\u016f\u017ee naj\u00edt spr\u00e1vn\u00fd obal pro bezpe\u010dn\u00e9 vr\u00e1cen\u00ed zbo\u017e\u00ed.<\/span><\/p>\n<ol>\n<li><b> Vylou\u010den\u00ed a omezen\u00ed pr\u00e1va na odstoupen\u00ed od smlouvy (\u00a7 312g BGB): <\/b><b><br \/><\/b><span style=\"font-weight: 400;\">Pr\u00e1vo na zru\u0161en\u00ed se nevztahuje na:<\/span><\/li>\n<\/ol>\n<ul>\n<li style=\"font-weight: 400;\" aria-level=\"1\"><span style=\"font-weight: 400;\">Zbo\u017e\u00ed, kter\u00e9 je vyrobeno podle specifikac\u00ed z\u00e1kazn\u00edka nebo je z\u0159eteln\u011b personalizovan\u00e9.<\/span><\/li>\n<li style=\"font-weight: 400;\" aria-level=\"1\"><span style=\"font-weight: 400;\">Zbo\u017e\u00ed podl\u00e9haj\u00edc\u00ed rychl\u00e9 zk\u00e1ze nebo zbo\u017e\u00ed s kr\u00e1tkou dobou pou\u017eitelnosti.<\/span><\/li>\n<li style=\"font-weight: 400;\" aria-level=\"1\"><span style=\"font-weight: 400;\">Zape\u010det\u011bn\u00e9 zbo\u017e\u00ed, kter\u00e9 nelze z hygienick\u00fdch nebo zdravotn\u00edch d\u016fvod\u016f vr\u00e1tit po odstran\u011bn\u00ed pe\u010deti.<\/span><\/li>\n<li style=\"font-weight: 400;\" aria-level=\"1\"><span style=\"font-weight: 400;\">Zbo\u017e\u00ed, kter\u00e9 je vzhledem ke sv\u00e9 povaze neodd\u011bliteln\u011b sm\u00ed\u0161eno s jin\u00fdm zbo\u017e\u00edm.<\/span><\/li>\n<li style=\"font-weight: 400;\" aria-level=\"1\"><span style=\"font-weight: 400;\">Noviny, \u010dasopisy nebo periodika (krom\u011b p\u0159edplatn\u00e9ho).<\/span><\/li>\n<\/ul>\n<ol>\n<li><b> P\u0159ed\u010dasn\u00e9 uplynut\u00ed pr\u00e1va na odstoupen\u00ed od smlouvy (\u00a7 356 BGB): <\/b><b><br \/><\/b><span style=\"font-weight: 400;\">Pr\u00e1vo na odstoupen\u00ed od smlouvy p\u0159ed\u010dasn\u011b zanik\u00e1, pokud:<\/span><\/li>\n<\/ol>\n<ul>\n<li style=\"font-weight: 400;\" aria-level=\"1\"><span style=\"font-weight: 400;\">Dod\u00e1n\u00ed zape\u010det\u011bn\u00fdch audio\/video nahr\u00e1vek nebo softwaru, pokud byla pe\u010de\u0165 odstran\u011bna.<\/span><\/li>\n<li style=\"font-weight: 400;\" aria-level=\"1\"><span style=\"font-weight: 400;\">slu\u017eby, kter\u00e9 byly poskytnuty v pln\u00e9m rozsahu, pokud s t\u00edm spot\u0159ebitel p\u0159edem v\u00fdslovn\u011b souhlasil.<\/span><\/li>\n<\/ul>\n<h4><b>Vzorov\u00fd formul\u00e1\u0159 pro zru\u0161en\u00ed<\/b><\/h4>\n<p><span style=\"font-weight: 400;\">Pokud si p\u0159ejete smlouvu zru\u0161it, pou\u017eijte pros\u00edm n\u00e1sleduj\u00edc\u00ed formul\u00e1\u0159:<\/span><\/p>\n<p><b>Vzorov\u00fd storno formul\u00e1\u0159:<\/b><\/p>\n<p><b>Pro:<\/b><span style=\"font-weight: 400;\"><br \/><\/span><span style=\"font-weight: 400;\">ANTSTORE, Martin \u0160ebesta<\/span><span style=\"font-weight: 400;\"><br \/><\/span><span style=\"font-weight: 400;\">Selerweg 41, D-12169 Berl\u00edn<\/span><span style=\"font-weight: 400;\"><br \/><\/span><span style=\"font-weight: 400;\">Email:verkauf@antstore.de\u00a0<\/span><\/p>\n<p><b>P\u0159edm\u011bt: Zpracov\u00e1n\u00ed informac\u00ed o projektu, kter\u00fd se uskute\u010dnil v roce 2012, a o jeho v\u00fdsledc\u00edch:<\/b><\/p>\n<p><span style=\"font-weight: 400;\">Zru\u0161en\u00ed objedn\u00e1vky [\u010d\u00edslo objedn\u00e1vky]<\/span><\/p>\n<p>\u00a0<\/p>\n<p><b>Obsah:<\/b><\/p>\n<p><span style=\"font-weight: 400;\">T\u00edmto ru\u0161\u00edm smlouvu o koupi n\u00e1sleduj\u00edc\u00edho zbo\u017e\u00ed:<\/span><span style=\"font-weight: 400;\"><br \/><\/span><span style=\"font-weight: 400;\"> [vlo\u017ete popis zbo\u017e\u00ed]<\/span><\/p>\n<p><b>Objedn\u00e1no dne:<\/b><span style=\"font-weight: 400;\"> [datum]<\/span><\/p>\n<p><b>P\u0159ijato dne: <\/b><span style=\"font-weight: 400;\">[datum]<\/span><\/p>\n<p><b>Jm\u00e9no spot\u0159ebitele: <\/b><span style=\"font-weight: 400;\">[Jm\u00e9no]<\/span><\/p>\n<p><b>Adresa spot\u0159ebitele: <\/b><span style=\"font-weight: 400;\">[adresa]<\/span><\/p>\n<p><span style=\"font-weight: 400;\">Datum a podpis (pouze v p\u0159\u00edpad\u011b p\u00edsemn\u00e9ho zru\u0161en\u00ed po\u0161tou)<\/span><\/p>\n<p>\u00a0<\/p>\n<p><strong><span style=\"font-family: Verdana; font-size: small;\">St\u00e1hn\u011bte si storno formul\u00e1\u0159:<\/span><\/strong><br \/><a href=\"https:\/\/www.antstore.net\/shop\/images\/documents\/Information-Reklamation-de.pdf\" target=\"_blank\" rel=\"noopener\"><span style=\"font-family: verdana,arial,helvetica,sans-serif;\"><img data-recalc-dims=\"1\" decoding=\"async\" src=\"https:\/\/i0.wp.com\/www.antstore.net\/shop\/images\/pdf_logo.gif?w=1020&#038;ssl=1\" alt=\"\" border=\"0\" \/>Informace a n\u00e1vratnost<\/span><\/a> (n\u011bmecky), (PDF 0,4 MB)<br \/><span style=\"color: #666666; font-family: arial,helvetica,sans-serif; font-size: xx-small;\">(Obsahuje: Informace \/ Formul\u00e1\u0159)<\/span>\u00a0<\/p>\n<h2>Vr\u00e1cen\u00ed\/odvol\u00e1n\u00ed zbo\u017e\u00ed Produkty<\/h2>\n<p>Dod\u00e1vky a v\u00fdrobu produkt\u016f v kategorii Zbo\u017e\u00ed zaji\u0161\u0165uje n\u00e1\u0161 partner PRINTFUL. Objedn\u00e1n\u00edm n\u011bkter\u00e9ho z t\u011bchto v\u00fdrobk\u016f p\u0159ij\u00edm\u00e1te obchodn\u00ed podm\u00ednky, z\u00e1sady ochrany osobn\u00edch \u00fadaj\u016f a z\u00e1sady vracen\u00ed zbo\u017e\u00ed spole\u010dnosti PRINTFUL.\u00a0<\/p>\n<p><a href=\"https:\/\/www.printful.com\/policies\/terms-of-service\">Zde naleznete smluvn\u00ed podm\u00ednky spole\u010dnosti PRINTFUL.<\/a><\/p>\n<p><a href=\"https:\/\/www.printful.com\/policies\/returns\">Z\u00e1sady vr\u00e1cen\u00ed zbo\u017e\u00ed spole\u010dnosti PRINTFUL naleznete zde.<\/a><\/p>\n<p><a href=\"https:\/\/www.printful.com\/policies\/privacy\">Z\u00e1sady ochrany osobn\u00edch \u00fadaj\u016f spole\u010dnosti PRINTFUL najdete zde.<\/a><\/p>\n\n\t\t<\/div>\n\t\t\t\t\t<\/div>\n\n\t\n\n<\/div>","protected":false},"excerpt":{"rendered":"","protected":false},"author":1,"featured_media":0,"parent":0,"menu_order":0,"comment_status":"closed","ping_status":"closed","template":"","meta":{"_acf_changed":false,"content-type":"","_monsterinsights_skip_tracking":false,"_monsterinsights_sitenote_active":false,"_monsterinsights_sitenote_note":"","_monsterinsights_sitenote_category":0,"footnotes":""},"class_list":["post-632","page","type-page","status-publish","hentry"],"acf":[],"aioseo_notices":[],"jetpack_sharing_enabled":true,"_links":{"self":[{"href":"https:\/\/antcube.shop\/cs\/wp-json\/wp\/v2\/pages\/632","targetHints":{"allow":["GET"]}}],"collection":[{"href":"https:\/\/antcube.shop\/cs\/wp-json\/wp\/v2\/pages"}],"about":[{"href":"https:\/\/antcube.shop\/cs\/wp-json\/wp\/v2\/types\/page"}],"author":[{"embeddable":true,"href":"https:\/\/antcube.shop\/cs\/wp-json\/wp\/v2\/users\/1"}],"replies":[{"embeddable":true,"href":"https:\/\/antcube.shop\/cs\/wp-json\/wp\/v2\/comments?post=632"}],"version-history":[{"count":10,"href":"https:\/\/antcube.shop\/cs\/wp-json\/wp\/v2\/pages\/632\/revisions"}],"predecessor-version":[{"id":10639,"href":"https:\/\/antcube.shop\/cs\/wp-json\/wp\/v2\/pages\/632\/revisions\/10639"}],"wp:attachment":[{"href":"https:\/\/antcube.shop\/cs\/wp-json\/wp\/v2\/media?parent=632"}],"curies":[{"name":"wp","href":"https:\/\/api.w.org\/{rel}","templated":true}]}}