{"id":628,"date":"2021-07-30T13:29:33","date_gmt":"2021-07-30T11:29:33","guid":{"rendered":"https:\/\/antcube.shop\/?page_id=628"},"modified":"2025-11-17T11:20:38","modified_gmt":"2025-11-17T10:20:38","slug":"prodejce","status":"publish","type":"page","link":"https:\/\/antcube.shop\/cs\/prodejce\/","title":{"rendered":"Sta\u0148te se prodejcem"},"content":{"rendered":"<div id=\"gap-497594549\" class=\"gap-element clearfix\" style=\"display:block; height:auto;\">\n\t\t\n<style>\n#gap-497594549 {\n  padding-top: 181px;\n}\n@media (min-width:550px) {\n  #gap-497594549 {\n    padding-top: 185px;\n  }\n}\n@media (min-width:850px) {\n  #gap-497594549 {\n    padding-top: 137px;\n  }\n}\n<\/style>\n\t<\/div>\n\t\n\n\n  <div class=\"banner has-hover\" id=\"banner-229559981\">\n          <div class=\"banner-inner fill\">\n        <div class=\"banner-bg fill\" >\n            <img loading=\"lazy\" decoding=\"async\" width=\"900\" height=\"600\" src=\"https:\/\/i0.wp.com\/antcube.shop\/wp-content\/uploads\/2021\/09\/pexels-thirdman-5684382-scaled.jpg?fit=900%2C600&amp;ssl=1\" class=\"bg attachment-large size-large\" alt=\"\" \/>                        <div class=\"overlay\"><\/div>            \n                    <\/div>\n\t\t\n        <div class=\"banner-layers container\">\n            <div class=\"fill banner-link\"><\/div>            \n\n   <div id=\"text-box-1337704170\" class=\"text-box banner-layer x0 md-x50 lg-x50 y50 md-y85 lg-y35 res-text\">\n                                <div class=\"text-box-content text dark text-shadow-3\">\n              \n              <div class=\"text-inner text-center\">\n                  \n\n\t<div id=\"text-2681369751\" class=\"text\">\n\t\t\n\n<h1><strong>Hled\u00e1me prodejce!<\/strong><\/h1>\n<p>Hled\u00e1me prodejce a partnery pro prodej na\u0161ich produkt\u016f ANTCUBE chovatel\u016fm mravenc\u016f po cel\u00e9m sv\u011bt\u011b. Pokud se k n\u00e1m chcete p\u0159ipojit a pod\u00edlet se na vytv\u00e1\u0159en\u00ed celosv\u011btov\u00e9 komunity milovn\u00edk\u016f mravenc\u016f a p\u0159\u00edrody<\/p>\n\t\t\n<style>\n#text-2681369751 {\n  font-size: 0.75rem;\n  line-height: 1;\n  text-align: center;\n}\n@media (min-width:550px) {\n  #text-2681369751 {\n    font-size: 0.95rem;\n  }\n}\n@media (min-width:850px) {\n  #text-2681369751 {\n    font-size: 1.25rem;\n  }\n}\n<\/style>\n\t<\/div>\n\t\n\t<div id=\"text-2733448042\" class=\"text\">\n\t\t\n\n<p>Kontaktujte n\u00e1s na adrese\u00a0<\/p>\n\t\t\n<style>\n#text-2733448042 {\n  font-size: 1.05rem;\n  line-height: 0.75;\n}\n@media (min-width:550px) {\n  #text-2733448042 {\n    font-size: 2.25rem;\n  }\n}\n<\/style>\n\t<\/div>\n\t\n\t<div id=\"text-3023603470\" class=\"text\">\n\t\t\n\n<p>sales@antcube.de<\/p>\n\t\t\n<style>\n#text-3023603470 {\n  font-size: 0.75rem;\n  line-height: 0.75;\n}\n@media (min-width:550px) {\n  #text-3023603470 {\n    font-size: 2.25rem;\n  }\n}\n<\/style>\n\t<\/div>\n\t\n\n              <\/div>\n           <\/div>\n                            \n<style>\n#text-box-1337704170 {\n  width: 100%;\n}\n#text-box-1337704170 .text-box-content {\n  font-size: 100%;\n}\n@media (min-width:550px) {\n  #text-box-1337704170 {\n    width: 87%;\n  }\n}\n<\/style>\n    <\/div>\n \n\n        <\/div>\n      <\/div>\n\n              <div class=\"height-fix is-invisible\"><img loading=\"lazy\" decoding=\"async\" width=\"900\" height=\"600\" src=\"https:\/\/i0.wp.com\/antcube.shop\/wp-content\/uploads\/2021\/09\/pexels-thirdman-5684382-scaled.jpg?fit=900%2C600&amp;ssl=1\" class=\"attachment-large size-large\" alt=\"\" srcset=\"https:\/\/i0.wp.com\/antcube.shop\/wp-content\/uploads\/2021\/09\/pexels-thirdman-5684382-scaled.jpg?w=2560&amp;ssl=1 2560w, https:\/\/i0.wp.com\/antcube.shop\/wp-content\/uploads\/2021\/09\/pexels-thirdman-5684382-scaled.jpg?resize=510%2C340&amp;ssl=1 510w, https:\/\/i0.wp.com\/antcube.shop\/wp-content\/uploads\/2021\/09\/pexels-thirdman-5684382-scaled.jpg?resize=600%2C400&amp;ssl=1 600w, https:\/\/i0.wp.com\/antcube.shop\/wp-content\/uploads\/2021\/09\/pexels-thirdman-5684382-scaled.jpg?resize=1200%2C800&amp;ssl=1 1200w, https:\/\/i0.wp.com\/antcube.shop\/wp-content\/uploads\/2021\/09\/pexels-thirdman-5684382-scaled.jpg?resize=768%2C512&amp;ssl=1 768w, https:\/\/i0.wp.com\/antcube.shop\/wp-content\/uploads\/2021\/09\/pexels-thirdman-5684382-scaled.jpg?resize=1536%2C1024&amp;ssl=1 1536w, https:\/\/i0.wp.com\/antcube.shop\/wp-content\/uploads\/2021\/09\/pexels-thirdman-5684382-scaled.jpg?resize=2048%2C1365&amp;ssl=1 2048w\" sizes=\"auto, (max-width: 900px) 100vw, 900px\" \/><\/div>\n            \n<style>\n#banner-229559981 .overlay {\n  background-color: rgba(0, 0, 0, 0.174);\n}\n#banner-229559981 .banner-bg img {\n  object-position: 50% 45%;\n}\n<\/style>\n  <\/div>\n\n\n\t<div id=\"gap-2133020661\" class=\"gap-element clearfix\" style=\"display:block; height:auto;\">\n\t\t\n<style>\n#gap-2133020661 {\n  padding-top: 30px;\n}\n<\/style>\n\t<\/div>\n\t\n\n<div class=\"row\"  id=\"row-113963195\">\n\n\n\t<div id=\"col-182177652\" class=\"col small-12 large-12\"  >\n\t\t\t\t<div class=\"col-inner\"  >\n\t\t\t\n\t\t\t\n\n<div class=\"wp-block-cover alignfull has-nv-site-bg-background-color has-background-dim\">\n<div class=\"wp-block-cover__inner-container\">\n<h2 class=\"has-text-align-center has-neve-text-color-color has-text-color\">M\u00e1te z\u00e1jem o prodej na\u0161ich produkt\u016f?<\/h2>\n<\/div>\n<\/div>\n<h2 class=\"has-text-align-center has-medium-font-size\">N\u00e1\u0161 c\u00edl<\/h2>\n<p class=\"has-text-align-center\">Hled\u00e1me prodejce a partnery pro prodej na\u0161ich produkt\u016f ANTCUBE chovatel\u016fm mravenc\u016f po cel\u00e9m sv\u011bt\u011b. Chceme vytvo\u0159it mezin\u00e1rodn\u00ed komunitu majitel\u016f obchod\u016f a hobbyist\u016f, aby se chov mravenc\u016f stal popul\u00e1rn\u011bj\u0161\u00edm a profesion\u00e1ln\u011bj\u0161\u00edm. Pokud ji\u017e vlastn\u00edte obchod nebo hled\u00e1te novou obchodn\u00ed p\u0159\u00edle\u017eitost, nev\u00e1hejte n\u00e1s kontaktovat.<\/p>\n<h2 class=\"has-text-align-center has-medium-font-size\">Chov mravenc\u016f je rostouc\u00edm odv\u011btv\u00edm<\/h2>\n<p class=\"has-text-align-center\">Chov mravenc\u016f se v posledn\u00edch letech stal velmi popul\u00e1rn\u00edm. Jsme sv\u011bdky rostouc\u00ed komunity v\u00e1\u0161niv\u00fdch milovn\u00edk\u016f mravenc\u016f z cel\u00e9ho sv\u011bta. Nav\u00edc dost\u00e1v\u00e1me st\u00e1le v\u00edce \u017e\u00e1dost\u00ed od firem, zoologick\u00fdch zahrad, muze\u00ed, univerzit, v\u011bdeck\u00fdch instituc\u00ed atd.<\/p>\n<h2 class=\"has-text-align-center has-medium-font-size\" style=\"font-size: 23.04px;\">\u00a0<\/h2>\n<p><img data-recalc-dims=\"1\" loading=\"lazy\" decoding=\"async\" class=\"size-medium wp-image-3944 aligncenter\" src=\"https:\/\/i0.wp.com\/antcube.shop\/wp-content\/uploads\/2021\/11\/Palette-Beispiel-mit-Export-600x400.jpg?resize=600%2C400&#038;ssl=1\" alt=\"\" width=\"600\" height=\"400\" srcset=\"https:\/\/i0.wp.com\/antcube.shop\/wp-content\/uploads\/2021\/11\/Palette-Beispiel-mit-Export-scaled.jpg?resize=600%2C400&amp;ssl=1 600w, https:\/\/i0.wp.com\/antcube.shop\/wp-content\/uploads\/2021\/11\/Palette-Beispiel-mit-Export-scaled.jpg?resize=1200%2C800&amp;ssl=1 1200w, https:\/\/i0.wp.com\/antcube.shop\/wp-content\/uploads\/2021\/11\/Palette-Beispiel-mit-Export-scaled.jpg?resize=768%2C512&amp;ssl=1 768w, https:\/\/i0.wp.com\/antcube.shop\/wp-content\/uploads\/2021\/11\/Palette-Beispiel-mit-Export-scaled.jpg?resize=1536%2C1024&amp;ssl=1 1536w, https:\/\/i0.wp.com\/antcube.shop\/wp-content\/uploads\/2021\/11\/Palette-Beispiel-mit-Export-scaled.jpg?resize=2048%2C1365&amp;ssl=1 2048w, https:\/\/i0.wp.com\/antcube.shop\/wp-content\/uploads\/2021\/11\/Palette-Beispiel-mit-Export-scaled.jpg?resize=18%2C12&amp;ssl=1 18w, https:\/\/i0.wp.com\/antcube.shop\/wp-content\/uploads\/2021\/11\/Palette-Beispiel-mit-Export-scaled.jpg?resize=510%2C340&amp;ssl=1 510w\" sizes=\"auto, (max-width: 600px) 100vw, 600px\" \/><\/p>\n<h2 class=\"has-text-align-center has-medium-font-size\">Pro\u010d ANTCUBE?<\/h2>\n<p class=\"has-text-align-center\">Jsme jedn\u00edm z nejv\u011bt\u0161\u00edch a nejd\u00e9le existuj\u00edc\u00edch mraveni\u0161\u0165 na sv\u011bt\u011b. V\u00edce ne\u017e 20 let zku\u0161enost\u00ed s chovem mravenc\u016f a budov\u00e1n\u00edm formik\u00e1ri\u00ed z n\u00e1s ud\u011blalo to, \u010d\u00edm jsme dnes. Jsme p\u0159esv\u011bd\u010deni, \u017ee kvalita, trvanlivost a udr\u017eitelnost jsou st\u00e1le d\u016fle\u017eit\u011bj\u0161\u00ed. Proto se zam\u011b\u0159ujeme na sklo jako materi\u00e1l pro na\u0161e formik\u00e1ria. Na rozd\u00edl od akrylu a plastu zanech\u00e1v\u00e1 sklo mnohem men\u0161\u00ed ekologickou stopu. Krom\u011b toho pracujeme na zcela recyklovateln\u00fdch obalech.<\/p>\n<p class=\"has-text-align-center\">V\u00fdhodou skla je tak\u00e9 to, \u017ee se nezni\u010d\u00ed p\u0159i \u017e\u00e1dn\u00e9 teplot\u011b ani vlhkosti vhodn\u00e9 pro chov mravenc\u016f. Sklen\u011bn\u00e9 tabule se tak rychle nepo\u0161kr\u00e1bou, nedeformuj\u00ed se a nem\u011bn\u00ed barvu. \u010ci\u0161t\u011bn\u00ed a obsluha jsou snadn\u00e9, vzhled je velmi p\u0159irozen\u00fd a elegantn\u00ed. Na\u0161e \u00fanikov\u00e1 ochrana je velmi \u00fa\u010dinn\u00e1, a to i u obzvl\u00e1\u0161t\u011b mal\u00fdch druh\u016f mravenc\u016f, a existuj\u00ed nekone\u010dn\u00e9 mo\u017enosti p\u0159izp\u016fsoben\u00ed a roz\u0161\u00ed\u0159en\u00ed.<\/p>\n<h2 class=\"has-text-align-center has-medium-font-size\">Pro\u010d chovat mravence?<\/h2>\n<p class=\"has-text-align-center\">Chov mravenc\u016f je v z\u00e1vislosti na druhu velmi snadn\u00fd. Nepot\u0159ebuj\u00ed mnoho prostoru a m\u016f\u017eete je krmit prakticky \u010d\u00edmkoli. Mravenci nezp\u016fsobuj\u00ed t\u00e9m\u011b\u0159 \u017e\u00e1dn\u00e9 pachy, jsou to velmi \u010distotn\u00e1 zv\u00ed\u0159ata, ned\u011blaj\u00ed \u017e\u00e1dn\u00fd hluk a po po\u0159\u00edzen\u00ed kolonie a formik\u00e1ria neprodukuj\u00ed t\u00e9m\u011b\u0159 \u017e\u00e1dn\u00e9 n\u00e1klady. Krom\u011b toho nikdy nemus\u00ed chodit k veterin\u00e1\u0159i.<\/p>\n<p class=\"has-text-align-center\">Mravenci jsou neuv\u011b\u0159iteln\u011b fascinuj\u00edc\u00ed. Pozorovat jedinou kr\u00e1lovnu, jak v pr\u016fb\u011bhu let vychov\u00e1v\u00e1 sv\u00e9 prvn\u00ed d\u011blnice, a pak sledovat, jak se jej\u00ed kolonie v pr\u016fb\u011bhu let rozr\u016fst\u00e1 na tis\u00edce \u010dlen\u016f d\u00edky dokonal\u00e9 spolupr\u00e1ci a vyu\u017e\u00edv\u00e1n\u00ed zdroj\u016f, je jedine\u010dn\u00fd z\u00e1\u017eitek. Jsou to nesm\u00edrn\u011b spole\u010densk\u00e1 zv\u00ed\u0159ata a n\u011bkter\u00e9 druhy vytv\u00e1\u0159ej\u00ed r\u016fzn\u00e9 kasty, jako jsou d\u011blnice, voj\u00e1ci, zem\u011bd\u011blci nebo dokonce o\u0161et\u0159ovatel\u00e9, a h\u00e1dejte co, v\u0161echny jsou to samice. Mravenci jsou tak\u00e9 nesm\u00edrn\u011b d\u016fle\u017eit\u00ed pro na\u0161e \u017eivotn\u00ed prost\u0159ed\u00ed. Nejen\u017ee se vyskytuj\u00ed v ka\u017ed\u00e9m obyvateln\u00e9m ekosyst\u00e9mu na sv\u011bt\u011b, ale jsou specializovan\u011bj\u0161\u00ed a v\u0161estrann\u011bj\u0161\u00ed ne\u017e kter\u00fdkoli jin\u00fd druh. Mravenci jsou n\u00e1m podobn\u00ed i zp\u016fsobem \u017eivota. D\u011blba pr\u00e1ce, spole\u010dn\u00fd \u017eivot ve velk\u00fdch koloni\u00edch v omezen\u00e9m prostoru a vyu\u017e\u00edv\u00e1n\u00ed r\u016fzn\u00fdch \u00farovn\u00ed potravn\u00edho \u0159et\u011bzce ve v\u0161ech ekosyst\u00e9mech je \u010din\u00ed tak \u00fasp\u011b\u0161n\u00fdmi, stejn\u011b jako n\u00e1s lidi. Jedin\u00fd rozd\u00edl je v tom, \u017ee my nejsme zdaleka tak efektivn\u00ed a mravenci jsou na sv\u011bt\u011b v\u00edce ne\u017e 130 milion\u016f let, zat\u00edmco lid\u00e9 jen asi 300 000 let.<\/p>\n\n\t\t<\/div>\n\t\t\t\t\t<\/div>\n\n\t\n\n<\/div>\n<div class=\"row\"  id=\"row-1192145052\">\n\n\n\t<div id=\"col-1716719832\" class=\"col medium-6 large-6\"  >\n\t\t\t\t<div class=\"col-inner\" style=\"background-color:#61ca9f;\" >\n\t\t\t\n\t\t\t\n\n<div class=\"container section-title-container\" ><h3 class=\"section-title section-title-normal\"><b aria-hidden=\"true\"><\/b><span class=\"section-title-main\" ><i class=\"icon-envelop\" aria-hidden=\"true\"><\/i>Kontaktujte n\u00e1s<\/span><b aria-hidden=\"true\"><\/b><\/h3><\/div>\n\n\t<div id=\"text-3908675788\" class=\"text\">\n\t\t\n\n<\/p>\n<ul>\n<li><strong>E-mail<\/strong>: sales@antcube.de<\/li>\n<li><strong>Telefon<\/strong>: +49 30 439703870<\/li>\n<\/ul>\n<p><strong>Pracovn\u00ed doba <\/strong>(UTC\/GMT +1):<\/p>\n<ul>\n<li>\u00dater\u00fd a\u017e p\u00e1tek od 10:00 do 18:00 hodin<\/li>\n<\/ul>\n\n\t\t\n<style>\n#text-3908675788 {\n  font-size: 0.75rem;\n}\n@media (min-width:550px) {\n  #text-3908675788 {\n    font-size: 1.5rem;\n  }\n}\n<\/style>\n\t<\/div>\n\t\n\t<div id=\"gap-660474373\" class=\"gap-element clearfix\" style=\"display:block; height:auto;\">\n\t\t\n<style>\n#gap-660474373 {\n  padding-top: 60px;\n}\n<\/style>\n\t<\/div>\n\t\n\n\t<div class=\"img has-hover x md-x lg-x y md-y lg-y\" id=\"image_419087318\">\n\t\t\t\t\t\t\t\t<div class=\"img-inner dark\" >\n\t\t\t<img data-recalc-dims=\"1\" loading=\"lazy\" decoding=\"async\" width=\"900\" height=\"900\" src=\"https:\/\/i0.wp.com\/antcube.shop\/wp-content\/uploads\/2021\/09\/Firmeneingang.jpg?resize=900%2C900&#038;ssl=1\" class=\"attachment-original size-original\" alt=\"Vstup do ANTSTORE\" srcset=\"https:\/\/i0.wp.com\/antcube.shop\/wp-content\/uploads\/2021\/09\/Firmeneingang.jpg?w=900&amp;ssl=1 900w, https:\/\/i0.wp.com\/antcube.shop\/wp-content\/uploads\/2021\/09\/Firmeneingang.jpg?resize=247%2C247&amp;ssl=1 247w, https:\/\/i0.wp.com\/antcube.shop\/wp-content\/uploads\/2021\/09\/Firmeneingang.jpg?resize=100%2C100&amp;ssl=1 100w, https:\/\/i0.wp.com\/antcube.shop\/wp-content\/uploads\/2021\/09\/Firmeneingang.jpg?resize=510%2C510&amp;ssl=1 510w, https:\/\/i0.wp.com\/antcube.shop\/wp-content\/uploads\/2021\/09\/Firmeneingang.jpg?resize=400%2C400&amp;ssl=1 400w, https:\/\/i0.wp.com\/antcube.shop\/wp-content\/uploads\/2021\/09\/Firmeneingang.jpg?resize=800%2C800&amp;ssl=1 800w, https:\/\/i0.wp.com\/antcube.shop\/wp-content\/uploads\/2021\/09\/Firmeneingang.jpg?resize=280%2C280&amp;ssl=1 280w, https:\/\/i0.wp.com\/antcube.shop\/wp-content\/uploads\/2021\/09\/Firmeneingang.jpg?resize=768%2C768&amp;ssl=1 768w\" sizes=\"auto, (max-width: 900px) 100vw, 900px\" \/>\t\t\t\t\t\t\n\t\t\t\t\t<\/div>\n\t\t\t\t\t\t\t\t\n<style>\n#image_419087318 {\n  width: 100%;\n}\n<\/style>\n\t<\/div>\n\t\n\n\n\t\t<\/div>\n\t\t\t\t\t<\/div>\n\n\t\n\n\t<div id=\"col-2074264367\" class=\"col medium-6 large-6\"  >\n\t\t\t\t<div class=\"col-inner\"  >\n\t\t\t\n\t\t\t\n\n<div class=\"container section-title-container\" ><h3 class=\"section-title section-title-normal\"><b aria-hidden=\"true\"><\/b><span class=\"section-title-main\" >Nav\u0161tivte n\u00e1\u0161 obchod<\/span><b aria-hidden=\"true\"><\/b><\/h3><\/div>\n\n\t<div id=\"text-477824720\" class=\"text\">\n\t\t\n\n<p><strong>Adresa:<\/strong><\/p>\n<ul>\n<li>Ulice: Selerweg 41<\/li>\n<li>Po\u0161tovn\u00ed sm\u011brovac\u00ed \u010d\u00edslo: D - 12169<\/li>\n<li>M\u011bsto: Berlin<\/li>\n<li>Zem\u011b: N\u011bmecko<\/li>\n<li>Okres: Steglitz-Zehlendorf<\/li>\n<\/ul>\n<p><strong>Otev\u00edrac\u00ed doba<\/strong> (UTC\/GMT +1)<\/p>\n<ul>\n<li>\u00dater\u00fd a\u017e p\u00e1tek 13:00 - 18:00 hod.<\/li>\n<\/ul>\n<p><strong>COVID-19 POZN\u00c1MKA:<\/strong> N\u00e1\u0161 maloobchodn\u00ed obchod je <strong>uzav\u0159eno od b\u0159ezna 2020<\/strong> nebo je\u0161t\u011b nejsou n\u00e1v\u0161t\u011bvn\u00edk\u016fm p\u0159\u00edstupn\u00e9. Na\u0161e v\u00fdrobky si v\u0161ak m\u016f\u017eete objednat a zaplatit online a pot\u00e9 si v\u0161e vyzvednout u n\u00e1s p\u0159ed domem nebo v\u00e1m v\u00fdrobky za\u0161leme bal\u00edkovou slu\u017ebou a\u017e dom\u016f. N\u00e1\u0161 t\u00fdm podpory je st\u00e1le k dispozici pro va\u0161e po\u017eadavky e-mailem nebo telefonicky! Budeme v\u00e1s informovat o aktu\u00e1ln\u00edch informac\u00edch.<\/p>\n<p><iframe loading=\"lazy\" style=\"border: 0;\" src=\"https:\/\/www.google.com\/maps\/embed?pb=!1m18!1m12!1m3!1d2431.3708399886823!2d13.335121715997175!3d52.454311048847416!2m3!1f0!2f0!3f0!3m2!1i1024!2i768!4f13.1!3m3!1m2!1s0x47a85a9242e5bc07%3A0xc44ee1d5a0728440!2sANTSTORE!5e0!3m2!1sde!2sde!4v1632470583913!5m2!1sde!2sde\" width=\"600\" height=\"450\" allowfullscreen=\"allowfullscreen\"><\/iframe><\/p>\n\t\t\n<style>\n#text-477824720 {\n  font-size: 0.75rem;\n}\n<\/style>\n\t<\/div>\n\t\n\n\t\t<\/div>\n\t\t\t\t\t<\/div>\n\n\t\n\n<\/div>","protected":false},"excerpt":{"rendered":"","protected":false},"author":1,"featured_media":0,"parent":0,"menu_order":0,"comment_status":"closed","ping_status":"closed","template":"","meta":{"_acf_changed":false,"content-type":"","_monsterinsights_skip_tracking":false,"_monsterinsights_sitenote_active":false,"_monsterinsights_sitenote_note":"","_monsterinsights_sitenote_category":0,"footnotes":""},"class_list":["post-628","page","type-page","status-publish","hentry"],"acf":[],"aioseo_notices":[],"jetpack_sharing_enabled":true,"_links":{"self":[{"href":"https:\/\/antcube.shop\/cs\/wp-json\/wp\/v2\/pages\/628","targetHints":{"allow":["GET"]}}],"collection":[{"href":"https:\/\/antcube.shop\/cs\/wp-json\/wp\/v2\/pages"}],"about":[{"href":"https:\/\/antcube.shop\/cs\/wp-json\/wp\/v2\/types\/page"}],"author":[{"embeddable":true,"href":"https:\/\/antcube.shop\/cs\/wp-json\/wp\/v2\/users\/1"}],"replies":[{"embeddable":true,"href":"https:\/\/antcube.shop\/cs\/wp-json\/wp\/v2\/comments?post=628"}],"version-history":[{"count":10,"href":"https:\/\/antcube.shop\/cs\/wp-json\/wp\/v2\/pages\/628\/revisions"}],"predecessor-version":[{"id":12738,"href":"https:\/\/antcube.shop\/cs\/wp-json\/wp\/v2\/pages\/628\/revisions\/12738"}],"wp:attachment":[{"href":"https:\/\/antcube.shop\/cs\/wp-json\/wp\/v2\/media?parent=628"}],"curies":[{"name":"wp","href":"https:\/\/api.w.org\/{rel}","templated":true}]}}