{"id":500,"date":"2021-07-21T10:22:03","date_gmt":"2021-07-21T08:22:03","guid":{"rendered":"https:\/\/antcube.shop\/?page_id=500"},"modified":"2024-12-03T12:41:56","modified_gmt":"2024-12-03T11:41:56","slug":"podminky","status":"publish","type":"page","link":"https:\/\/antcube.shop\/cs\/podminky\/","title":{"rendered":"Podm\u00ednky a pravidla"},"content":{"rendered":"<div id=\"gap-82495259\" class=\"gap-element clearfix\" style=\"display:block; height:auto;\">\n\t\t\n<style>\n#gap-82495259 {\n  padding-top: 196px;\n}\n@media (min-width:850px) {\n  #gap-82495259 {\n    padding-top: 190px;\n  }\n}\n<\/style>\n\t<\/div>\n\t\n\n<div class=\"row\"  id=\"row-1996255585\">\n\n\n\t<div id=\"col-380126012\" class=\"col small-12 large-12\"  >\n\t\t\t\t<div class=\"col-inner\"  >\n\t\t\t\n\t\t\t\n\n<h1><b>V\u0161eobecn\u00e9 podm\u00ednky <\/b><\/h1>\n<p><b>pro <\/b><a href=\"http:\/\/www.antcube.shop\"><b>www.antcube.shop<\/b><\/a><span style=\"font-weight: 400;\"> ANTSTORE, Martin Sebesta, Selerweg 41, 12169 Berlin, d\u00e1le jen \"prod\u00e1vaj\u00edc\u00ed\".<\/span><\/p>\n<h2><b>\u00a7 1 Oblast p\u016fsobnosti, obecn\u00e9 informace, definice<\/b><\/h2>\n<p><span style=\"font-weight: 400;\">(1) Tyto v\u0161eobecn\u00e9 obchodn\u00ed podm\u00ednky (VOP) se vztahuj\u00ed na v\u0161echny objedn\u00e1vky zbo\u017e\u00ed a slu\u017eeb prost\u0159ednictv\u00edm internetov\u00e9ho obchodu na webov\u00fdch str\u00e1nk\u00e1ch. <\/span><b>antcube.shop<\/b><span style=\"font-weight: 400;\">, kterou provozuje ANTSTORE, Martin Sebesta, Selerweg 41, 12169 Berl\u00edn. E-mail: <\/span><a href=\"mailto:verkauf@antstore.de\"><span style=\"font-weight: 400;\">verkauf@antstore.de<\/span><\/a><span style=\"font-weight: 400;\"> \/ law@ants.de\u00a0<\/span><\/p>\n<p><span style=\"font-weight: 400;\">(2) Prod\u00e1vaj\u00edc\u00ed nab\u00edz\u00ed v\u00fdrobky pro chov mravenc\u016f a p\u0159\u00edslu\u0161enstv\u00ed zejm\u00e9na prost\u0159ednictv\u00edm sv\u00e9ho internetov\u00e9ho obchodu. Na obchodn\u00ed vztah mezi prod\u00e1vaj\u00edc\u00edm a z\u00e1kazn\u00edkem se vztahuj\u00ed VOP ve zn\u011bn\u00ed platn\u00e9m v dob\u011b objedn\u00e1vky.<\/span><\/p>\n<p><span style=\"font-weight: 400;\">(3) Spot\u0159ebitelem ve smyslu t\u011bchto VOP je ka\u017ed\u00e1 fyzick\u00e1 osoba, kter\u00e1 uzav\u00edr\u00e1 pr\u00e1vn\u00ed \u00fakon za \u00fa\u010delem, kter\u00fd se p\u0159ev\u00e1\u017en\u011b vymyk\u00e1 jej\u00ed obchodn\u00ed, podnikatelsk\u00e9 nebo profesn\u00ed \u010dinnosti. Podnikatel\u00e9 jsou fyzick\u00e9 nebo pr\u00e1vnick\u00e9 osoby nebo osobn\u00ed spole\u010dnosti, kter\u00e9 p\u0159i uzav\u00edr\u00e1n\u00ed pr\u00e1vn\u00edho \u00fakonu jednaj\u00ed v r\u00e1mci sv\u00e9 obchodn\u00ed nebo samostatn\u00e9 v\u00fdd\u011ble\u010dn\u00e9 \u010dinnosti.<\/span><\/p>\n<p><span style=\"font-weight: 400;\">(4) Jednotliv\u00e1 smluvn\u00ed ujedn\u00e1n\u00ed maj\u00ed p\u0159ednost p\u0159ed t\u011bmito VOP. Odchyln\u00e9 podm\u00ednky z\u00e1kazn\u00edka se uzn\u00e1vaj\u00ed pouze tehdy, pokud s nimi prod\u00e1vaj\u00edc\u00ed v\u00fdslovn\u011b souhlasil.<\/span><\/p>\n<h2><b>\u00a7 2 Uzav\u0159en\u00ed smlouvy<\/b><\/h2>\n<p><span style=\"font-weight: 400;\">(1) Pokud nen\u00ed na str\u00e1nce p\u0159\u00edslu\u0161n\u00e9ho produktu uvedeno jinak, zahrnuje oblast dod\u00e1n\u00ed Evropskou unii.<\/span><\/p>\n<p><span style=\"font-weight: 400;\">(2) Prezentace zbo\u017e\u00ed na internetov\u00fdch str\u00e1nk\u00e1ch prod\u00e1vaj\u00edc\u00edho p\u0159edstavuje z\u00e1vaznou nab\u00eddku. Objednan\u00e9 zbo\u017e\u00ed se m\u016f\u017ee v p\u0159im\u011b\u0159en\u00fdch mez\u00edch m\u00edrn\u011b li\u0161it od zbo\u017e\u00ed zobrazen\u00e9ho na internetu, a to z d\u016fvodu technick\u00fdch mo\u017enost\u00ed prezentace, zejm\u00e9na m\u016f\u017ee doj\u00edt k barevn\u00fdm odchylk\u00e1m, pokud je to p\u0159im\u011b\u0159en\u00e9.<\/span><\/p>\n<p><span style=\"font-weight: 400;\">(3) Za\u0161krtnut\u00edm modr\u00e9ho pol\u00ed\u010dka \"<\/span><span style=\"font-weight: 400;\">Svou objedn\u00e1vkou prohla\u0161ujete, \u017ee jste si p\u0159e\u010detli na\u0161i nab\u00eddku a \u017ee jste j\u00ed porozum\u011bli.<\/span><b>&#8221; <\/b><span style=\"font-weight: 400;\">a pak <\/span><span style=\"font-weight: 400;\">kliknut\u00edm na tla\u010d\u00edtko \"Koupit nyn\u00ed\" nebo p\u0159esm\u011brov\u00e1n\u00edm na PayPal prost\u0159ednictv\u00edm tla\u010d\u00edtka \"Platit p\u0159es PayPal\" a dokon\u010den\u00edm platebn\u00edho procesu v tomto syst\u00e9mu z\u00e1kazn\u00edk pod\u00e1v\u00e1 z\u00e1vaznou nab\u00eddku na n\u00e1kup zbo\u017e\u00ed v n\u00e1kupn\u00edm ko\u0161\u00edku a p\u0159ij\u00edm\u00e1 platnost t\u011bchto VOP.<\/span><\/p>\n<p><span style=\"font-weight: 400;\">(4) Prod\u00e1vaj\u00edc\u00ed potvrd\u00ed p\u0159ijet\u00ed objedn\u00e1vky e-mailem (potvrzen\u00ed objedn\u00e1vky). Toto potvrzen\u00ed objedn\u00e1vky v\u0161ak nep\u0159edstavuje p\u0159ijet\u00ed nab\u00eddky. Smlouva je uzav\u0159ena a\u017e v okam\u017eiku, kdy je zasl\u00e1no potvrzen\u00ed objedn\u00e1vky nebo potvrzen\u00ed o odesl\u00e1n\u00ed.<\/span><\/p>\n<p><span style=\"font-weight: 400;\">(5) Prod\u00e1vaj\u00edc\u00ed si vyhrazuje pr\u00e1vo p\u0159ijmout nebo odm\u00edtnout objedn\u00e1vku do p\u011bti pracovn\u00edch dn\u016f. V p\u0159\u00edpad\u011b nep\u0159ijet\u00ed objedn\u00e1vky bude z\u00e1kazn\u00edk informov\u00e1n e-mailem.<\/span><\/p>\n<p><span style=\"font-weight: 400;\">(6) V p\u0159\u00edpad\u011b nep\u0159edv\u00eddateln\u00fdch probl\u00e9m\u016f s dod\u00e1vkou nebo nedostupnosti zbo\u017e\u00ed, za kter\u00e9 prod\u00e1vaj\u00edc\u00ed neodpov\u00edd\u00e1, mohou prod\u00e1vaj\u00edc\u00ed i z\u00e1kazn\u00edk od smlouvy odstoupit. Z\u00e1kazn\u00edk bude neprodlen\u011b informov\u00e1n a proveden\u00e9 platby mu budou neprodlen\u011b vr\u00e1ceny.<\/span><\/p>\n<p><span style=\"font-weight: 400;\">(7) Pokud si z\u00e1kazn\u00edk objedn\u00e1 zbo\u017e\u00ed elektronicky, text smlouvy prod\u00e1vaj\u00edc\u00ed ulo\u017e\u00ed a za\u0161le jej z\u00e1kazn\u00edkovi spolu s pr\u00e1vn\u011b \u00fa\u010dinn\u00fdmi VOP e-mailem po uzav\u0159en\u00ed smlouvy.<\/span><\/p>\n<h2><b>\u00a7 3 \u00da\u010det z\u00e1kazn\u00edka<\/b><\/h2>\n<p><span style=\"font-weight: 400;\">(1) N\u00e1kup prost\u0159ednictv\u00edm na\u0161ich webov\u00fdch str\u00e1nek je zpravidla mo\u017en\u00fd pouze po registraci. Pro p\u0159\u00edstup k n\u011bkter\u00fdm funkc\u00edm v\u0161ak m\u016f\u017ee b\u00fdt nutn\u00e9 vytvo\u0159it si z\u00e1kaznick\u00fd \u00fa\u010det.<\/span><\/p>\n<p><span style=\"font-weight: 400;\">(2) Na z\u00e1kaznick\u00fd \u00fa\u010det nen\u00ed n\u00e1rok. Registrovat se mohou pouze plnolet\u00e9 fyzick\u00e9 osoby, kter\u00e9 \u00fa\u010det pou\u017e\u00edvaj\u00ed pro soukrom\u00e9 \u00fa\u010dely, nebo podnikatel\u00e9 a pr\u00e1vnick\u00e9 osoby \u010di spole\u010dnosti s pr\u00e1vn\u00ed subjektivitou, kter\u00e9 p\u0159i uzav\u00edr\u00e1n\u00ed pr\u00e1vn\u00edho \u00fakonu jednaj\u00ed v r\u00e1mci sv\u00e9 podnikatelsk\u00e9 nebo samostatn\u00e9 profesn\u00ed \u010dinnosti. S p\u0159\u00edstupov\u00fdmi \u00fadaji mus\u00ed b\u00fdt zach\u00e1zeno d\u016fv\u011brn\u011b a nesm\u00ed b\u00fdt p\u0159ed\u00e1v\u00e1ny t\u0159et\u00edm stran\u00e1m.<\/span><\/p>\n<p><span style=\"font-weight: 400;\">(3) V\u00edcen\u00e1sobn\u00e9 registrace nejsou povoleny. Z\u00e1kazn\u00edci mohou sv\u016fj \u00fa\u010det kdykoli smazat prost\u0159ednictv\u00edm spr\u00e1vy \u00fa\u010dtu.<\/span><\/p>\n<h2><b>\u00a7 4 V\u00fdhrada vlastnictv\u00ed<\/b><\/h2>\n<p><span style=\"font-weight: 400;\">(1) V p\u0159\u00edpad\u011b spot\u0159ebitel\u016f si prod\u00e1vaj\u00edc\u00ed ponech\u00e1v\u00e1 vlastnick\u00e9 pr\u00e1vo ke zbo\u017e\u00ed a\u017e do \u00fapln\u00e9ho zaplacen\u00ed kupn\u00ed ceny. V p\u0159\u00edpad\u011b podnikatel\u016f to plat\u00ed do doby, ne\u017e jsou vypo\u0159\u00e1d\u00e1ny v\u0161echny n\u00e1roky vypl\u00fdvaj\u00edc\u00ed z aktu\u00e1ln\u00edho obchodn\u00edho vztahu.<\/span><\/p>\n<p><span style=\"font-weight: 400;\">(2) V p\u0159\u00edpad\u011b poru\u0161en\u00ed smlouvy ze strany z\u00e1kazn\u00edka, zejm\u00e9na v p\u0159\u00edpad\u011b prodlen\u00ed s platbou, nepravdiv\u00fdch \u00fadaj\u016f poskytnut\u00fdch z\u00e1kazn\u00edkem o jeho \u00fav\u011bruschopnosti nebo v p\u0159\u00edpad\u011b pod\u00e1n\u00ed n\u00e1vrhu na zah\u00e1jen\u00ed insolven\u010dn\u00edho \u0159\u00edzen\u00ed, je prod\u00e1vaj\u00edc\u00ed opr\u00e1vn\u011bn - v p\u0159\u00edpad\u011b pot\u0159eby po stanoven\u00ed lh\u016fty - odstoupit od smlouvy a po\u017eadovat vr\u00e1cen\u00ed zbo\u017e\u00ed, pokud z\u00e1kazn\u00edk dosud nezaplatil \u00faplatu nebo ji nezaplatil v pln\u00e9 v\u00fd\u0161i.<\/span><\/p>\n<p><span style=\"font-weight: 400;\">(3) Podnikatel je opr\u00e1vn\u011bn zbo\u017e\u00ed d\u00e1le prod\u00e1vat v r\u00e1mci b\u011b\u017en\u00e9ho obchodn\u00edho styku. T\u00edmto postupuje prod\u00e1vaj\u00edc\u00edmu ve\u0161ker\u00e9 pohled\u00e1vky ve v\u00fd\u0161i fakturovan\u00e9 \u010d\u00e1stky, kter\u00e9 mu vzniknou v\u016f\u010di t\u0159et\u00ed osob\u011b v d\u016fsledku dal\u0161\u00edho prodeje. Prod\u00e1vaj\u00edc\u00ed toto postoupen\u00ed p\u0159ij\u00edm\u00e1. Po postoupen\u00ed je podnikatel opr\u00e1vn\u011bn pohled\u00e1vku vym\u00e1hat. Prod\u00e1vaj\u00edc\u00ed si vyhrazuje pr\u00e1vo vym\u00e1hat pohled\u00e1vku s\u00e1m, jakmile podnikatel nepln\u00ed \u0159\u00e1dn\u011b sv\u00e9 platebn\u00ed povinnosti a je v prodlen\u00ed s platbou.<\/span><\/p>\n<p><span style=\"font-weight: 400;\">(4) Prod\u00e1vaj\u00edc\u00ed se zavazuje na \u017e\u00e1dost z\u00e1kazn\u00edka uvolnit cenn\u00e9 pap\u00edry, na kter\u00e9 m\u00e1 n\u00e1rok, v rozsahu, v jak\u00e9m realizovateln\u00e1 hodnota cenn\u00fdch pap\u00edr\u016f p\u0159evy\u0161uje pohled\u00e1vku, kter\u00e1 m\u00e1 b\u00fdt zaji\u0161t\u011bna, o v\u00edce ne\u017e 10%. V\u00fdb\u011br jistot, kter\u00e9 maj\u00ed b\u00fdt uvoln\u011bny, p\u0159\u00edslu\u0161\u00ed Prod\u00e1vaj\u00edc\u00edmu.<\/span><\/p>\n<h2><b>\u00a7 5 Ceny a platebn\u00ed podm\u00ednky<\/b><\/h2>\n<p><span style=\"font-weight: 400;\">(1) Uveden\u00e9 ceny jsou hrub\u00e9 ceny, jsou z\u00e1vazn\u00e9 a zahrnuj\u00ed z\u00e1konnou DPH a jsou bez jak\u00fdchkoli poplatk\u016f. <a href=\"https:\/\/antcube.shop\/en\/shipping-costs-delivery-restrictions\/\">n\u00e1klady na dopravu<\/a> v\u010detn\u011b DPH. Plat\u00ed \u010d\u00e1stka uveden\u00e1 v dob\u011b objedn\u00e1vky. Cena v\u010detn\u011b DPH a n\u00e1klad\u016f na dopravu bude rovn\u011b\u017e zobrazena v objedn\u00e1vkov\u00e9m formul\u00e1\u0159i p\u0159ed odesl\u00e1n\u00edm objedn\u00e1vky z\u00e1kazn\u00edkem. N\u00e1klady na dopravu naleznete tak\u00e9 v na\u0161\u00ed <\/span><a href=\"https:\/\/antcube.shop\/en\/shipping-costs-delivery-restrictions\/\"><b>p\u0159ehled p\u0159epravn\u00edch n\u00e1klad\u016f.<\/b><\/a><\/p>\n<p><span style=\"font-weight: 400;\">(2) Z\u00e1kazn\u00edk se zavazuje uhradit celkovou cenu do 14 dn\u016f od obdr\u017een\u00ed potvrzen\u00ed objedn\u00e1vky e-mailem nebo faktury. Po uplynut\u00ed t\u00e9to lh\u016fty je z\u00e1kazn\u00edk v prodlen\u00ed s \u00fahradou. Po dobu prodlen\u00ed je spot\u0159ebitel povinen zaplatit \u00farok z prodlen\u00ed ve v\u00fd\u0161i 5 procentn\u00edch bod\u016f nad z\u00e1kladn\u00ed \u00farokovou sazbu. Po dobu prodlen\u00ed plat\u00ed podnikatel \u00farok z dluhu ve v\u00fd\u0161i 9 procentn\u00edch bod\u016f nad z\u00e1kladn\u00ed \u00farokovou sazbou. V p\u0159\u00edpad\u011b prodlen\u00ed s \u00fahradou pohled\u00e1vky je podnikatel rovn\u011b\u017e povinen uhradit pau\u0161\u00e1ln\u00ed \u010d\u00e1stku ve v\u00fd\u0161i 40 eur. To plat\u00ed i v p\u0159\u00edpad\u011b, \u017ee je podnikatel v prodlen\u00ed s platbou na \u00fa\u010det nebo jinou spl\u00e1tkou. Prod\u00e1vaj\u00edc\u00ed si vyhrazuje pr\u00e1vo po\u017eadovat po podnikateli vy\u0161\u0161\u00ed n\u00e1hradu \u0161kody za prodlen\u00ed. Pau\u0161\u00e1ln\u00ed \u010d\u00e1stka podle v\u011bty 5 se zapo\u010d\u00edt\u00e1v\u00e1 proti pohled\u00e1vce na n\u00e1hradu dlu\u017en\u00e9 \u0161kody, pokud \u0161koda vych\u00e1z\u00ed z n\u00e1klad\u016f na soudn\u00ed \u0159\u00edzen\u00ed.<\/span><\/p>\n<p><span style=\"font-weight: 400;\">(3) Z\u00e1kazn\u00edk m\u00e1 pr\u00e1vo na zapo\u010dten\u00ed pouze v p\u0159\u00edpad\u011b, \u017ee jeho protipohled\u00e1vky byly pr\u00e1voplatn\u011b zji\u0161t\u011bny, uzn\u00e1ny nebo nebyly prod\u00e1vaj\u00edc\u00edm zpochybn\u011bny. T\u00edm nen\u00ed dot\u010deno pr\u00e1vo z\u00e1kazn\u00edka na zapo\u010dten\u00ed proti smluvn\u00edm a jin\u00fdm pohled\u00e1vk\u00e1m vznikl\u00fdm p\u0159i zah\u00e1jen\u00ed nebo realizaci tohoto smluvn\u00edho vztahu. Z\u00e1kazn\u00edk m\u016f\u017ee uplatnit pr\u00e1vo na z\u00e1dr\u017en\u00e9 pouze tehdy, pokud se jeho protipohled\u00e1vka zakl\u00e1d\u00e1 na stejn\u00e9m smluvn\u00edm vztahu.<\/span><\/p>\n<p><span style=\"font-weight: 400;\">(4) Zm\u011bny, roz\u0161\u00ed\u0159en\u00ed a omezen\u00ed objedn\u00e1vky po uzav\u0159en\u00ed smlouvy budou prod\u00e1vaj\u00edc\u00edm v r\u00e1mci mo\u017enost\u00ed zohledn\u011bny. Prod\u00e1vaj\u00edc\u00ed si za n\u011b \u00fa\u010dtuje poplatek za zpracov\u00e1n\u00ed ve v\u00fd\u0161i 10,00 EUR s DPH, pokud se nejedn\u00e1 o p\u0159\u00edpady zru\u0161en\u00ed nebo reklamace. Za objedn\u00e1vky, kter\u00e9 maj\u00ed b\u00fdt vy\u0159\u00edzeny ru\u010dn\u011b a kter\u00e9 nejsou vy\u0159\u00edzeny prost\u0159ednictv\u00edm internetov\u00e9ho obchodu, \u00fa\u010dtujeme poplatek za vy\u0159\u00edzen\u00ed ve v\u00fd\u0161i 20,00 \u20ac. Z tohoto poplatku jsou vylou\u010deny objedn\u00e1vky se zbo\u017e\u00edm, kter\u00e9 nelze objednat prost\u0159ednictv\u00edm internetov\u00e9ho obchodu, nap\u0159. v\u00fdrobky na m\u00edru.<\/span><\/p>\n<p><span style=\"font-weight: 400;\">(5) Za objednan\u00e1 zv\u00ed\u0159ata, kter\u00e1 maj\u00ed b\u00fdt na \u017e\u00e1dost z\u00e1kazn\u00edka odesl\u00e1na pozd\u011bji, ne\u017e bylo smluvn\u011b dohodnuto, se \u00fa\u010dtuje poplatek 2,00 \u20ac s DPH za den &amp; gyne (\u00fasil\u00ed o p\u00e9\u010di) ode dne objedn\u00e1vky do dne odesl\u00e1n\u00ed. Lh\u016fta je maxim\u00e1ln\u011b 30 dn\u00ed.<\/span><\/p>\n<h2><b>\u00a7 6 <a href=\"https:\/\/antcube.shop\/en\/payment-methods-and-conditions\/\">Platebn\u00ed metody<\/a><\/b><\/h2>\n<p><span style=\"font-weight: 400;\">(1) Kupn\u00ed cenu lze uhradit p\u0159edem bankovn\u00edm p\u0159evodem, kreditn\u00ed kartou nebo prost\u0159ednictv\u00edm slu\u017eby PayPal. P\u0159i platb\u011b p\u0159es PayPal plat\u00ed jejich podm\u00ednky pou\u017e\u00edv\u00e1n\u00ed. Dal\u0161\u00ed informace naleznete v na\u0161ich z\u00e1sad\u00e1ch ochrany osobn\u00edch \u00fadaj\u016f. <a href=\"https:\/\/antcube.shop\/en\/privacy-policy\/\">z\u00e1sady ochrany osobn\u00edch \u00fadaj\u016f<\/a>.<\/span><\/p>\n<h2><b>\u00a7 7 P\u0159epravn\u00ed a dodac\u00ed podm\u00ednky<\/b><\/h2>\n<p><span style=\"font-weight: 400;\">(1) Z\u00e1silky zas\u00edl\u00e1me pouze do \u010dlensk\u00fdch st\u00e1t\u016f Evropsk\u00e9 unie s v\u00fdjimkou evropsk\u00fdch z\u00e1mo\u0159sk\u00fdch \u00fazem\u00ed nebo exkl\u00e1v a region\u016f s da\u0148ovou autonomi\u00ed (Evropskou uni\u00ed ozna\u010dovan\u00fdch jako \"nejvzd\u00e1len\u011bj\u0161\u00ed regiony\"). P\u0159edpokl\u00e1dan\u00e1 doba dod\u00e1n\u00ed pro N\u011bmecko a dal\u0161\u00ed zem\u011b je uvedena v na\u0161em <\/span><a href=\"https:\/\/antcube.shop\/en\/shipping-costs-delivery-restrictions\/\"><b>p\u0159ehled p\u0159epravn\u00edch n\u00e1klad\u016f.<\/b><\/a><\/p>\n<p><span style=\"font-weight: 400;\">(2) Dodac\u00ed lh\u016fta za\u010d\u00edn\u00e1 b\u011b\u017eet jeden den po autorizaci platby v p\u0159\u00edpad\u011b platby p\u0159edem\/bankovn\u00edm p\u0159evodem nebo prost\u0159ednictv\u00edm slu\u017eby PayPal. V p\u0159\u00edpad\u011b ostatn\u00edch zp\u016fsob\u016f platby za\u010d\u00edn\u00e1 lh\u016fta b\u011b\u017eet jeden den po odesl\u00e1n\u00ed objedn\u00e1vky.<\/span><\/p>\n<p><span style=\"font-weight: 400;\">(3) P\u0159ipadne-li za\u010d\u00e1tek nebo konec lh\u016fty na sobotu, ned\u011bli nebo sv\u00e1tek, p\u0159esouv\u00e1 se za\u010d\u00e1tek nebo konec lh\u016fty na n\u00e1sleduj\u00edc\u00ed pracovn\u00ed den.<\/span><\/p>\n<p><span style=\"font-weight: 400;\">(4) Prod\u00e1vaj\u00edc\u00ed je opr\u00e1vn\u011bn prov\u00e1d\u011bt \u010d\u00e1ste\u010dn\u00e9 dod\u00e1vky, pokud je to pro z\u00e1kazn\u00edka p\u0159im\u011b\u0159en\u00e9. Z\u00e1kazn\u00edkovi t\u00edm nevzniknou \u017e\u00e1dn\u00e9 dodate\u010dn\u00e9 n\u00e1klady.<\/span><\/p>\n<p><span style=\"font-weight: 400;\">(5) Pokud se z\u00e1kazn\u00edk rozhodne vyzvednout si svou objedn\u00e1vku v na\u0161em obchod\u011b, bude informov\u00e1n e-mailem, \u017ee je objedn\u00e1vka p\u0159ipravena k vyzvednut\u00ed.<\/span><\/p>\n<h2><b>\u00a7 8 P\u0159evod rizika<\/b><\/h2>\n<p><span style=\"font-weight: 400;\">(1) V p\u0159\u00edpad\u011b spot\u0159ebitele p\u0159ech\u00e1z\u00ed nebezpe\u010d\u00ed n\u00e1hodn\u00e9 ztr\u00e1ty a znehodnocen\u00ed zbo\u017e\u00ed na z\u00e1kazn\u00edka okam\u017eikem p\u0159ed\u00e1n\u00ed.<\/span><\/p>\n<p><span style=\"font-weight: 400;\">(2) V p\u0159\u00edpad\u011b podnikatel\u016f p\u0159ech\u00e1z\u00ed riziko na z\u00e1kazn\u00edka okam\u017eikem p\u0159ed\u00e1n\u00ed p\u0159epravn\u00ed spole\u010dnosti.<\/span><\/p>\n<p><span style=\"font-weight: 400;\">(3) Pokud je z\u00e1kazn\u00edk v prodlen\u00ed s p\u0159evzet\u00edm, pova\u017euje se to za rovnocenn\u00e9 p\u0159ed\u00e1n\u00ed.<\/span><\/p>\n<h2><b>\u00a7 9 Z\u00e1ruka<\/b><\/h2>\n<p><span style=\"font-weight: 400;\">(1) Z\u00e1ruka se \u0159\u00edd\u00ed z\u00e1konn\u00fdmi ustanoven\u00edmi. Z\u00e1ru\u010dn\u00ed doba pro spot\u0159ebitele je 2 roky od dod\u00e1n\u00ed zbo\u017e\u00ed. Odchyln\u011b od toho \u010din\u00ed z\u00e1ru\u010dn\u00ed doba pro podnikatele 1 rok od dod\u00e1n\u00ed zbo\u017e\u00ed. Z\u00e1ru\u010dn\u00ed doba pro pou\u017eit\u00e9 zbo\u017e\u00ed je rovn\u011b\u017e 1 rok od dod\u00e1n\u00ed zbo\u017e\u00ed. Jednoro\u010dn\u00ed z\u00e1ru\u010dn\u00ed doba neplat\u00ed, pokud lze prod\u00e1vaj\u00edc\u00edmu vytknout hrubou nedbalost, ani v p\u0159\u00edpad\u011b t\u011blesn\u00e9ho po\u0161kozen\u00ed a po\u0161kozen\u00ed zdrav\u00ed zavin\u011bn\u00e9ho prod\u00e1vaj\u00edc\u00edm a v p\u0159\u00edpad\u011b ztr\u00e1ty \u017eivota z\u00e1kazn\u00edka, v p\u0159\u00edpad\u011b z\u00e1ruky a v p\u0159\u00edpad\u011b regresu p\u0159i dod\u00e1n\u00ed podle \u00a7\u00a7 478, 479 BGB. Odpov\u011bdnost prod\u00e1vaj\u00edc\u00edho podle z\u00e1kona o odpov\u011bdnosti za \u0161kodu zp\u016fsobenou vadou v\u00fdrobku z\u016fst\u00e1v\u00e1 t\u00edmto nedot\u010dena.<\/span><\/p>\n<p><span style=\"font-weight: 400;\">(2) Bez ohledu na odst. 1 se b\u011b\u017en\u00e1 proml\u010dec\u00ed lh\u016fta pou\u017eije, pokud prod\u00e1vaj\u00edc\u00ed podvodn\u011b zatajil vadu.<\/span><\/p>\n<p><span style=\"font-weight: 400;\">(3) Objednan\u00e9 zbo\u017e\u00ed se m\u016f\u017ee v p\u0159im\u011b\u0159en\u00fdch mez\u00edch m\u00edrn\u011b li\u0161it od zbo\u017e\u00ed uveden\u00e9ho na internetu. Odkazuje se na \u00a7 2 odst. 2 t\u011bchto VOP.<\/span><\/p>\n<p><span style=\"font-weight: 400;\">(4) Spot\u0159ebitel\u00e9 si mohou vybrat mezi opravou a v\u00fdm\u011bnou. Prod\u00e1vaj\u00edc\u00ed m\u016f\u017ee zvolen\u00fd typ n\u00e1sledn\u00e9ho pln\u011bn\u00ed odm\u00edtnout, pokud je to mo\u017en\u00e9 pouze s nep\u0159im\u011b\u0159en\u00fdmi n\u00e1klady.<\/span><\/p>\n<p><span style=\"font-weight: 400;\">(5) Zjevn\u00e9 vady mus\u00ed podnikatel\u00e9 ozn\u00e1mit do dvou t\u00fddn\u016f od p\u0159evzet\u00ed zbo\u017e\u00ed. V opa\u010dn\u00e9m p\u0159\u00edpad\u011b je uplatn\u011bn\u00ed z\u00e1ru\u010dn\u00edho n\u00e1roku vylou\u010deno. Pro dodr\u017een\u00ed lh\u016fty posta\u010d\u00ed v\u010dasn\u00e9 odesl\u00e1n\u00ed nebo ozn\u00e1men\u00ed. Pro obchodn\u00edky plat\u00ed \u00a7 377 obchodn\u00edho z\u00e1kon\u00edku.<\/span><\/p>\n<p><span style=\"font-weight: 400;\">(6) Z\u00e1ruka se nevztahuje na \u0161kody zp\u016fsoben\u00e9 nespr\u00e1vn\u00fdm zach\u00e1zen\u00edm. Z\u00e1ruky v\u00fdrobce z\u016fst\u00e1vaj\u00ed nedot\u010deny.<\/span><\/p>\n<h2><b>\u00a7 10 Omezen\u00ed odpov\u011bdnosti<\/b><\/h2>\n<p><span style=\"font-weight: 400;\">(1) V p\u0159\u00edpad\u011b lehk\u00e9 nedbalosti odpov\u00edd\u00e1 prod\u00e1vaj\u00edc\u00ed pouze za p\u0159edv\u00eddateln\u00e9 \u0161kody typick\u00e9 pro smlouvu. Toto omezen\u00ed se vztahuje i na zprost\u0159edkovatele prod\u00e1vaj\u00edc\u00edho.<\/span><\/p>\n<p><span style=\"font-weight: 400;\">(2) Omezen\u00ed odpov\u011bdnosti neplat\u00ed v p\u0159\u00edpad\u011b podvodn\u00e9ho \u00famyslu, poru\u0161en\u00ed podstatn\u00fdch smluvn\u00edch povinnost\u00ed nebo \u0161kody na \u017eivot\u011b, zdrav\u00ed nebo zdrav\u00ed.<\/span><\/p>\n<p><span style=\"font-weight: 400;\">(3) Z\u00e1kazn\u00edk je povinen p\u0159ijmout vhodn\u00e1 opat\u0159en\u00ed k p\u0159edch\u00e1zen\u00ed a minimalizaci \u0161kod.<\/span><\/p>\n<p><span style=\"font-weight: 400;\">(4) Prodejce odpov\u00edd\u00e1 pouze za sv\u016fj vlastn\u00ed obsah na webov\u00fdch str\u00e1nk\u00e1ch sv\u00e9ho internetov\u00e9ho obchodu. Pokud odkazy umo\u017e\u0148uj\u00ed p\u0159\u00edstup na jin\u00e9 webov\u00e9 str\u00e1nky, prod\u00e1vaj\u00edc\u00ed neodpov\u00edd\u00e1 za obsah t\u0159et\u00edch stran na nich obsa\u017een\u00fd. Nep\u0159ij\u00edm\u00e1 obsah t\u0159et\u00edch stran za sv\u016fj vlastn\u00ed. Pokud se prod\u00e1vaj\u00edc\u00ed dozv\u00ed o nez\u00e1konn\u00e9m obsahu na extern\u00edch webov\u00fdch str\u00e1nk\u00e1ch, okam\u017eit\u011b zablokuje p\u0159\u00edstup na tyto str\u00e1nky.<\/span><\/p>\n<h2><b>\u00a7 11 Ochrana \u00fadaj\u016f<\/b><\/h2>\n<p><span style=\"font-weight: 400;\">\u00dadaje shrom\u00e1\u017ed\u011bn\u00e9 b\u011bhem procesu objedn\u00e1v\u00e1n\u00ed jsou zpracov\u00e1v\u00e1ny za \u00fa\u010delem spln\u011bn\u00ed smlouvy. Dal\u0161\u00ed informace, zejm\u00e9na o p\u0159ed\u00e1v\u00e1n\u00ed \u00fadaj\u016f t\u0159et\u00edm stran\u00e1m, naleznete v dokumentu <a href=\"https:\/\/antcube.shop\/en\/privacy-policy\/\">z\u00e1sady ochrany osobn\u00edch \u00fadaj\u016f<\/a> na na\u0161ich webov\u00fdch str\u00e1nk\u00e1ch.<\/span><\/p>\n<h2><b>\u00a7 12 Z\u00e1v\u011bre\u010dn\u00e1 ustanoven\u00ed a \u0159e\u0161en\u00ed spor\u016f<\/b><\/h2>\n<p><span style=\"font-weight: 400;\">(1) Pou\u017eije se pr\u00e1vo Spolkov\u00e9 republiky N\u011bmecko. Pro spot\u0159ebitele plat\u00ed pouze v p\u0159\u00edpad\u011b, \u017ee poskytnut\u00e1 ochrana nen\u00ed omezena z\u00e1vazn\u00fdmi p\u0159edpisy zem\u011b, v n\u00ed\u017e m\u00e1 spot\u0159ebitel obvykl\u00e9 bydli\u0161t\u011b. Ustanoven\u00ed \u00damluvy OSN o smlouv\u00e1ch o mezin\u00e1rodn\u00ed koupi zbo\u017e\u00ed se nepou\u017eij\u00ed. \u00a7 16 odst. 14 v\u011bta 2 \u010d. 6 TDSG z\u016fst\u00e1v\u00e1 nedot\u010deno.<\/span><\/p>\n<p><span style=\"font-weight: 400;\">(2) Evropsk\u00e1 komise poskytuje platformu pro online \u0159e\u0161en\u00ed spor\u016f (OS), kter\u00e1 je p\u0159\u00edstupn\u00e1 na adrese https:\/\/ec.europa.eu\/consumers\/odr. Na\u0161e e-mailov\u00e1 adresa je: law@ants.de\u00a0<\/span><\/p>\n<p><a href=\"https:\/\/antcube.shop\/en\/shipping-costs-delivery-restrictions\/\"><b>P\u0159epravn\u00ed n\u00e1klady\/podm\u00ednky p\u0159epravy<\/b><\/a><\/p>\n<p><a href=\"https:\/\/antcube.shop\/en\/privacy-policy\/\"><b>Z\u00e1sady ochrany osobn\u00edch \u00fadaj\u016f<\/b><\/a><\/p>\n<p><a href=\"https:\/\/antcube.shop\/en\/payment-methods-and-conditions\/\"><b>Mo\u017enosti platby<\/b><\/a><\/p>\n<p><a href=\"https:\/\/antcube.shop\/en\/refund-policy\/\"><b>Pr\u00e1vo na zru\u0161en\u00ed<\/b><\/a><\/p>\n\n\t\t<\/div>\n\t\t\t\t\t<\/div>\n\n\t\n\n<\/div>","protected":false},"excerpt":{"rendered":"","protected":false},"author":1,"featured_media":0,"parent":0,"menu_order":0,"comment_status":"closed","ping_status":"closed","template":"","meta":{"_acf_changed":false,"content-type":"","_monsterinsights_skip_tracking":false,"_monsterinsights_sitenote_active":false,"_monsterinsights_sitenote_note":"","_monsterinsights_sitenote_category":0,"footnotes":""},"class_list":["post-500","page","type-page","status-publish","hentry"],"acf":[],"aioseo_notices":[],"jetpack_sharing_enabled":true,"_links":{"self":[{"href":"https:\/\/antcube.shop\/cs\/wp-json\/wp\/v2\/pages\/500","targetHints":{"allow":["GET"]}}],"collection":[{"href":"https:\/\/antcube.shop\/cs\/wp-json\/wp\/v2\/pages"}],"about":[{"href":"https:\/\/antcube.shop\/cs\/wp-json\/wp\/v2\/types\/page"}],"author":[{"embeddable":true,"href":"https:\/\/antcube.shop\/cs\/wp-json\/wp\/v2\/users\/1"}],"replies":[{"embeddable":true,"href":"https:\/\/antcube.shop\/cs\/wp-json\/wp\/v2\/comments?post=500"}],"version-history":[{"count":10,"href":"https:\/\/antcube.shop\/cs\/wp-json\/wp\/v2\/pages\/500\/revisions"}],"predecessor-version":[{"id":10710,"href":"https:\/\/antcube.shop\/cs\/wp-json\/wp\/v2\/pages\/500\/revisions\/10710"}],"wp:attachment":[{"href":"https:\/\/antcube.shop\/cs\/wp-json\/wp\/v2\/media?parent=500"}],"curies":[{"name":"wp","href":"https:\/\/api.w.org\/{rel}","templated":true}]}}