{"id":4440,"date":"2022-07-21T17:15:31","date_gmt":"2022-07-21T15:15:31","guid":{"rendered":"https:\/\/antcube.shop\/?page_id=4440"},"modified":"2022-07-22T17:18:02","modified_gmt":"2022-07-22T15:18:02","slug":"hleda-se-influencer","status":"publish","type":"page","link":"https:\/\/antcube.shop\/cs\/hleda-se-influencer\/","title":{"rendered":"Hled\u00e1 se influencer"},"content":{"rendered":"<div class=\"banner has-hover\" id=\"banner-862332869\">\n          <div class=\"banner-inner fill\">\n        <div class=\"banner-bg fill\" >\n            <img loading=\"lazy\" decoding=\"async\" width=\"900\" height=\"600\" src=\"https:\/\/i0.wp.com\/antcube.shop\/wp-content\/uploads\/2022\/07\/kenny-eliason-nZJBt4gQlKI-unsplash-scaled.jpg?fit=900%2C600&amp;ssl=1\" class=\"bg attachment-large size-large\" alt=\"\" \/>                        <div class=\"overlay\"><\/div>            \n                    <\/div>\n\t\t\n        <div class=\"banner-layers container\">\n            <div class=\"fill banner-link\"><\/div>            \n\n   <div id=\"text-box-329091670\" class=\"text-box banner-layer x50 md-x50 lg-x50 y20 md-y20 lg-y20 res-text\">\n                                <div class=\"text-box-content text\">\n              \n              <div class=\"text-inner text-left\">\n                  \n\n\t<div id=\"text-977096308\" class=\"text\">\n\t\t\n\n<h2 class=\"uppercase\"><strong>Hledaj\u00ed se mezin\u00e1rodn\u00ed influence\u0159i a propag\u00e1to\u0159i zna\u010dky<\/strong><\/h2>\n<p>\u00a0<\/p>\n<p>\u00a0<\/p>\n\t\t\n<style>\n#text-977096308 {\n  text-align: center;\n}\n<\/style>\n\t<\/div>\n\t\n\n              <\/div>\n           <\/div>\n                            \n<style>\n#text-box-329091670 {\n  width: 60%;\n}\n#text-box-329091670 .text-box-content {\n  font-size: 100%;\n}\n@media (min-width:550px) {\n  #text-box-329091670 {\n    width: 100%;\n  }\n}\n<\/style>\n    <\/div>\n \n   <div id=\"text-box-954603410\" class=\"text-box banner-layer x50 md-x50 lg-x50 y100 md-y100 lg-y100 res-text\">\n                                <div class=\"text-box-content text dark text-shadow-1\">\n              \n              <div class=\"text-inner text-center\">\n                  \n\n\t<div id=\"text-2108071038\" class=\"text\">\n\t\t\n\n<p>Nez\u00e1le\u017e\u00ed na tom, jestli se ji\u017e v\u011bnujete mravenc\u016fm, nebo se sna\u017e\u00edte naj\u00edt nov\u00fd projekt, kter\u00fd by podpo\u0159il v\u00e1\u0161 \u00fa\u010det na Instagramu, YouTube nebo TikToku - CHCEME V\u00c1S!<\/p>\n<p>Hled\u00e1me nad\u0161en\u00e9 a profesion\u00e1ln\u00ed influencery, kte\u0159\u00ed by s n\u00e1mi cht\u011bli spolupracovat na jednor\u00e1zov\u00fdch projektech nebo pravideln\u011b propagovat na\u0161e produkty. Nez\u00e1le\u017e\u00ed na tom, ze kter\u00e9 zem\u011b poch\u00e1z\u00edte nebo jak\u00fdm jazykem mluv\u00edte! Pokud m\u00e1te z\u00e1jem, kontaktujte n\u00e1s prost\u0159ednictv\u00edm e-mailu na adrese <a href=\"mailto:sales@antcube.de\">sales@antcube.de\u00a0<\/a><\/p>\n\t\t\n<style>\n#text-2108071038 {\n  font-size: 1.3rem;\n  color: rgb(0,0,0);\n}\n#text-2108071038 > * {\n  color: rgb(0,0,0);\n}\n<\/style>\n\t<\/div>\n\t\n\n              <\/div>\n           <\/div>\n                            \n<style>\n#text-box-954603410 {\n  width: 94%;\n}\n#text-box-954603410 .text-box-content {\n  font-size: 100%;\n}\n<\/style>\n    <\/div>\n \n\n        <\/div>\n      <\/div>\n\n            \n<style>\n#banner-862332869 {\n  padding-top: 1000px;\n  background-color: rgb(255, 255, 255);\n}\n#banner-862332869 .overlay {\n  background-color: rgba(190, 190, 190, 0.2);\n}\n#banner-862332869 .banner-bg img {\n  object-position: 56% 97%;\n}\n<\/style>\n  <\/div>","protected":false},"excerpt":{"rendered":"","protected":false},"author":1,"featured_media":0,"parent":0,"menu_order":0,"comment_status":"closed","ping_status":"closed","template":"","meta":{"_acf_changed":false,"content-type":"","_monsterinsights_skip_tracking":false,"_monsterinsights_sitenote_active":false,"_monsterinsights_sitenote_note":"","_monsterinsights_sitenote_category":0,"footnotes":""},"class_list":["post-4440","page","type-page","status-publish","hentry"],"acf":[],"aioseo_notices":[],"jetpack_sharing_enabled":true,"_links":{"self":[{"href":"https:\/\/antcube.shop\/cs\/wp-json\/wp\/v2\/pages\/4440","targetHints":{"allow":["GET"]}}],"collection":[{"href":"https:\/\/antcube.shop\/cs\/wp-json\/wp\/v2\/pages"}],"about":[{"href":"https:\/\/antcube.shop\/cs\/wp-json\/wp\/v2\/types\/page"}],"author":[{"embeddable":true,"href":"https:\/\/antcube.shop\/cs\/wp-json\/wp\/v2\/users\/1"}],"replies":[{"embeddable":true,"href":"https:\/\/antcube.shop\/cs\/wp-json\/wp\/v2\/comments?post=4440"}],"version-history":[{"count":9,"href":"https:\/\/antcube.shop\/cs\/wp-json\/wp\/v2\/pages\/4440\/revisions"}],"predecessor-version":[{"id":4454,"href":"https:\/\/antcube.shop\/cs\/wp-json\/wp\/v2\/pages\/4440\/revisions\/4454"}],"wp:attachment":[{"href":"https:\/\/antcube.shop\/cs\/wp-json\/wp\/v2\/media?parent=4440"}],"curies":[{"name":"wp","href":"https:\/\/api.w.org\/{rel}","templated":true}]}}