{"id":2479,"date":"2021-09-30T10:43:05","date_gmt":"2021-09-30T08:43:05","guid":{"rendered":"https:\/\/antcube.shop\/?page_id=2479"},"modified":"2023-12-14T13:31:40","modified_gmt":"2023-12-14T12:31:40","slug":"krok-4","status":"publish","type":"page","link":"https:\/\/antcube.shop\/cs\/vyhledavac-mravencu\/meziprodukt\/krok-4\/","title":{"rendered":"Krok 4"},"content":{"rendered":"<div id=\"gap-345945166\" class=\"gap-element clearfix\" style=\"display:block; height:auto;\">\n\t\t\n<style>\n#gap-345945166 {\n  padding-top: 200px;\n}\n@media (min-width:850px) {\n  #gap-345945166 {\n    padding-top: 175px;\n  }\n}\n<\/style>\n\t<\/div>\n\t\n\n<div class=\"row\"  id=\"row-1064134545\">\n\n\n\t<div id=\"col-1226701706\" class=\"col small-12 large-12\"  >\n\t\t\t\t<div class=\"col-inner\"  >\n\t\t\t\n\t\t\t\n\n\t<div id=\"text-4034543455\" class=\"text\">\n\t\t\n\n<h3>Mravenci pro zku\u0161en\u00e9 chovatele mravenc\u016f<\/h3>\n<p>Proto\u017ee mravenci \u017eij\u00ed ve velmi odli\u0161n\u00fdch prost\u0159ed\u00edch s velmi rozd\u00edln\u00fdmi klimatick\u00fdmi podm\u00ednkami, mus\u00edte se ujistit, \u017ee jim m\u016f\u017eete zajistit spr\u00e1vnou teplotu a vlhkost.<\/p>\n<p>Pro udr\u017een\u00ed spr\u00e1vn\u00e9 vlhkosti sta\u010d\u00ed mraveni\u0161t\u011b zvlh\u010dit nap\u0159\u00edklad rozpra\u0161ova\u010dem. Pokud jde o udr\u017eov\u00e1n\u00ed spr\u00e1vn\u00e9 teploty, je to trochu slo\u017eit\u011bj\u0161\u00ed. Pot\u0159ebujete bu\u010f tepelnou lampu, topnou roho\u017e nebo kabel, nebo vyt\u00e1p\u011bt m\u00edstnost, ve kter\u00e9 mravence chov\u00e1te, na spr\u00e1vnou teplotu.<\/p>\n<p>Nicm\u00e9n\u011b existuje mnoho druh\u016f, kter\u00e9 m\u016f\u017eete uchov\u00e1vat p\u0159i pokojov\u00e9 teplot\u011b. I kdy\u017e je teplota o 1-3 \u00b0C ni\u017e\u0161\u00ed ne\u017e doporu\u010den\u00e1, obvykle to nevad\u00ed.\u00a0<\/p>\n\t\t\n<style>\n#text-4034543455 {\n  text-align: center;\n}\n<\/style>\n\t<\/div>\n\t\n\n\t\t<\/div>\n\t\t\t\t\t<\/div>\n\n\t\n\n<\/div>\n\t<div id=\"text-3081321112\" class=\"text\">\n\t\t\n\n<p><strong>Ot\u00e1zka: Hled\u00e1te druh mravence, kter\u00e9ho m\u016f\u017eete chovat p\u0159i pokojov\u00e9 teplot\u011b?<\/strong><\/p>\n\t\t\n<style>\n#text-3081321112 {\n  font-size: 1.8rem;\n  text-align: center;\n}\n<\/style>\n\t<\/div>\n\t\n<div class=\"row\"  id=\"row-724310690\">\n\n\n\t<div id=\"col-386835209\" class=\"col medium-6 small-12 large-6\"  >\n\t\t\t\t<div class=\"col-inner\"  >\n\t\t\t\n\t\t\t\n\n<a href=\"https:\/\/antcube.shop\/ant-finder\/intermediate\/step-4\/step-7\/\" class=\"button secondary expand\" >\n\t\t<span>Ano, chci je uchov\u00e1vat p\u0159i pokojov\u00e9 teplot\u011b.<\/span>\n\t<\/a>\n\n\n\n\t\t<\/div>\n\t\t\t\t\t<\/div>\n\n\t\n\n\t<div id=\"col-1869353939\" class=\"col medium-6 small-12 large-6\"  >\n\t\t\t\t<div class=\"col-inner\"  >\n\t\t\t\n\t\t\t\n\n<a href=\"https:\/\/antcube.shop\/ant-finder\/intermediate\/step-4\/step-8\/\" class=\"button secondary expand\" >\n\t\t<span>Ne, poskytnu pot\u0159ebnou teplotu<\/span>\n\t<\/a>\n\n\n\n\t\t<\/div>\n\t\t\t\t\t<\/div>\n\n\t\n\n<\/div>","protected":false},"excerpt":{"rendered":"","protected":false},"author":1,"featured_media":0,"parent":2468,"menu_order":0,"comment_status":"closed","ping_status":"closed","template":"","meta":{"_acf_changed":false,"content-type":"","_monsterinsights_skip_tracking":false,"_monsterinsights_sitenote_active":false,"_monsterinsights_sitenote_note":"","_monsterinsights_sitenote_category":0,"footnotes":""},"class_list":["post-2479","page","type-page","status-publish","hentry"],"acf":[],"aioseo_notices":[],"jetpack_sharing_enabled":true,"_links":{"self":[{"href":"https:\/\/antcube.shop\/cs\/wp-json\/wp\/v2\/pages\/2479","targetHints":{"allow":["GET"]}}],"collection":[{"href":"https:\/\/antcube.shop\/cs\/wp-json\/wp\/v2\/pages"}],"about":[{"href":"https:\/\/antcube.shop\/cs\/wp-json\/wp\/v2\/types\/page"}],"author":[{"embeddable":true,"href":"https:\/\/antcube.shop\/cs\/wp-json\/wp\/v2\/users\/1"}],"replies":[{"embeddable":true,"href":"https:\/\/antcube.shop\/cs\/wp-json\/wp\/v2\/comments?post=2479"}],"version-history":[{"count":10,"href":"https:\/\/antcube.shop\/cs\/wp-json\/wp\/v2\/pages\/2479\/revisions"}],"predecessor-version":[{"id":6793,"href":"https:\/\/antcube.shop\/cs\/wp-json\/wp\/v2\/pages\/2479\/revisions\/6793"}],"up":[{"embeddable":true,"href":"https:\/\/antcube.shop\/cs\/wp-json\/wp\/v2\/pages\/2468"}],"wp:attachment":[{"href":"https:\/\/antcube.shop\/cs\/wp-json\/wp\/v2\/media?parent=2479"}],"curies":[{"name":"wp","href":"https:\/\/api.w.org\/{rel}","templated":true}]}}