{"id":2468,"date":"2021-09-30T10:04:30","date_gmt":"2021-09-30T08:04:30","guid":{"rendered":"https:\/\/antcube.shop\/?page_id=2468"},"modified":"2023-12-15T12:50:52","modified_gmt":"2023-12-15T11:50:52","slug":"meziprodukt","status":"publish","type":"page","link":"https:\/\/antcube.shop\/cs\/vyhledavac-mravencu\/meziprodukt\/","title":{"rendered":"meziprodukt"},"content":{"rendered":"<div id=\"gap-622626837\" class=\"gap-element clearfix\" style=\"display:block; height:auto;\">\n\t\t\n<style>\n#gap-622626837 {\n  padding-top: 200px;\n}\n@media (min-width:850px) {\n  #gap-622626837 {\n    padding-top: 175px;\n  }\n}\n<\/style>\n\t<\/div>\n\t\n\n<div class=\"row\"  id=\"row-1338762694\">\n\n\n\t<div id=\"col-106859349\" class=\"col small-12 large-12\"  >\n\t\t\t\t<div class=\"col-inner\"  >\n\t\t\t\n\t\t\t\n\n\t<div id=\"text-1238085334\" class=\"text\">\n\t\t\n\n<h3>Mravenci pro zku\u0161en\u00e9 chovatele mravenc\u016f<\/h3>\n<p>Mnoho druh\u016f mravenc\u016f z chladn\u011bj\u0161\u00edch oblast\u00ed pot\u0159ebuje zimn\u00ed sp\u00e1nek. To se li\u0161\u00ed v z\u00e1vislosti na p\u016fvodu druhu. Mravenci, kte\u0159\u00ed p\u0159ezimuj\u00ed ve voln\u00e9 p\u0159\u00edrod\u011b, by m\u011bli p\u0159ezimovat i u v\u00e1s doma. Pokud jim nedop\u0159ejete p\u0159irozenou p\u0159est\u00e1vku, m\u016f\u017ee doj\u00edt ke zpomalen\u00ed r\u016fstu kolonie nebo k velmi brzk\u00e9mu \u00fahynu kr\u00e1lovny.\u00a0<\/p>\n<p>N\u011bkte\u0159\u00ed mravenci p\u0159ezimuj\u00ed pouze t\u0159i m\u011bs\u00edce, zat\u00edmco jin\u00ed pot\u0159ebuj\u00ed obdob\u00ed \u010dty\u0159 a\u017e p\u011bti m\u011bs\u00edc\u016f (obvykle mezi listopadem a b\u0159eznem). Tak\u00e9 teplota, kterou n\u011bkter\u00e9 druhy pot\u0159ebuj\u00ed k hibernaci, se li\u0161\u00ed. Nap\u0159\u00edklad severoevropsk\u00e9 druhy pot\u0159ebuj\u00ed teploty mezi 5 \u00b0C a 8 \u00b0C, zat\u00edmco jihoevropsk\u00e9 druhy pot\u0159ebuj\u00ed teploty kolem 15 \u00b0C. Severoevropsk\u00e9 druhy b\u011bhem hibernace zcela zastavuj\u00ed svou aktivitu, jihoevropsk\u00e9 druhy jsou st\u00e1le m\u00edrn\u011b aktivn\u00ed.<\/p>\n\t\t\n<style>\n#text-1238085334 {\n  text-align: center;\n}\n<\/style>\n\t<\/div>\n\t\n\n\t\t<\/div>\n\t\t\t\t\t<\/div>\n\n\t\n\n<\/div>\n\t<div id=\"text-2360569260\" class=\"text\">\n\t\t\n\n<p><strong>Ot\u00e1zka: Hled\u00e1te druh mravence s hibernac\u00ed nebo bez n\u00ed?<\/strong><\/p>\n\t\t\n<style>\n#text-2360569260 {\n  font-size: 1.8rem;\n  text-align: center;\n}\n<\/style>\n\t<\/div>\n\t\n<div class=\"row\" style=\"max-width:650px\" id=\"row-1587278365\">\n\n\n\t<div id=\"col-657978001\" class=\"col medium-6 small-12 large-6\"  >\n\t\t\t\t<div class=\"col-inner\"  >\n\t\t\t\n\t\t\t\n\n<a href=\"https:\/\/antcube.shop\/ant-finder\/intermediate\/step-3\/\" class=\"button secondary expand\" >\n\t\t<span>Mravenci, kte\u0159\u00ed pot\u0159ebuj\u00ed hibernaci<\/span>\n\t<\/a>\n\n\n\n\t\t<\/div>\n\t\t\t\t\t<\/div>\n\n\t\n\n\t<div id=\"col-1924260987\" class=\"col medium-6 small-12 large-6\"  >\n\t\t\t\t<div class=\"col-inner\"  >\n\t\t\t\n\t\t\t\n\n<a href=\"https:\/\/antcube.shop\/ant-finder\/intermediate\/step-4\/\" class=\"button secondary expand\" >\n\t\t<span>\u017e\u00e1dn\u00e1 hibernace<\/span>\n\t<\/a>\n\n\n\n\t\t<\/div>\n\t\t\t\t\t<\/div>\n\n\t\n\n<\/div>","protected":false},"excerpt":{"rendered":"","protected":false},"author":1,"featured_media":0,"parent":721,"menu_order":0,"comment_status":"closed","ping_status":"closed","template":"","meta":{"_acf_changed":false,"content-type":"","_monsterinsights_skip_tracking":false,"_monsterinsights_sitenote_active":false,"_monsterinsights_sitenote_note":"","_monsterinsights_sitenote_category":0,"footnotes":""},"class_list":["post-2468","page","type-page","status-publish","hentry"],"acf":[],"aioseo_notices":[],"jetpack_sharing_enabled":true,"_links":{"self":[{"href":"https:\/\/antcube.shop\/cs\/wp-json\/wp\/v2\/pages\/2468","targetHints":{"allow":["GET"]}}],"collection":[{"href":"https:\/\/antcube.shop\/cs\/wp-json\/wp\/v2\/pages"}],"about":[{"href":"https:\/\/antcube.shop\/cs\/wp-json\/wp\/v2\/types\/page"}],"author":[{"embeddable":true,"href":"https:\/\/antcube.shop\/cs\/wp-json\/wp\/v2\/users\/1"}],"replies":[{"embeddable":true,"href":"https:\/\/antcube.shop\/cs\/wp-json\/wp\/v2\/comments?post=2468"}],"version-history":[{"count":10,"href":"https:\/\/antcube.shop\/cs\/wp-json\/wp\/v2\/pages\/2468\/revisions"}],"predecessor-version":[{"id":6870,"href":"https:\/\/antcube.shop\/cs\/wp-json\/wp\/v2\/pages\/2468\/revisions\/6870"}],"up":[{"embeddable":true,"href":"https:\/\/antcube.shop\/cs\/wp-json\/wp\/v2\/pages\/721"}],"wp:attachment":[{"href":"https:\/\/antcube.shop\/cs\/wp-json\/wp\/v2\/media?parent=2468"}],"curies":[{"name":"wp","href":"https:\/\/api.w.org\/{rel}","templated":true}]}}