{"id":1264,"date":"2021-09-09T14:24:10","date_gmt":"2021-09-09T12:24:10","guid":{"rendered":"https:\/\/antcube.shop\/?page_id=1264"},"modified":"2023-12-15T10:55:28","modified_gmt":"2023-12-15T09:55:28","slug":"hnizda-typu","status":"publish","type":"page","link":"https:\/\/antcube.shop\/cs\/formicarium-finder\/hnizda-typu\/","title":{"rendered":"Formik\u00e1rium pro mravence"},"content":{"rendered":"<div id=\"gap-1338380920\" class=\"gap-element clearfix\" style=\"display:block; height:auto;\">\n\t\t\n<style>\n#gap-1338380920 {\n  padding-top: 200px;\n}\n@media (min-width:550px) {\n  #gap-1338380920 {\n    padding-top: 201px;\n  }\n}\n@media (min-width:850px) {\n  #gap-1338380920 {\n    padding-top: 171px;\n  }\n}\n<\/style>\n\t<\/div>\n\t\n\n<div class=\"row\"  id=\"row-946760822\">\n\n\n\t<div id=\"col-1858062063\" class=\"col small-12 large-12\"  >\n\t\t\t\t<div class=\"col-inner\"  >\n\t\t\t\n\t\t\t\n\n\t<div id=\"text-3456147449\" class=\"text\">\n\t\t\n\n<p><strong>Ot\u00e1zka: Kde v p\u0159\u00edrod\u011b nejrad\u011bji hn\u00edzd\u00ed v\u00e1\u0161 po\u017eadovan\u00fd druh mravence?<\/strong><\/p>\n\t\t\n<style>\n#text-3456147449 {\n  font-size: 1.45rem;\n  text-align: center;\n}\n@media (min-width:550px) {\n  #text-3456147449 {\n    font-size: 1.95rem;\n  }\n}\n<\/style>\n\t<\/div>\n\t\n\t<div id=\"text-8351461\" class=\"text\">\n\t\t\n\n<p style=\"text-align: center;\"><strong>V tomto kroku na\u0161eho n\u00e1stroje \"Formicarium Finder\" se mus\u00edte rozhodnout, jakou hn\u00edzdn\u00ed oblast nebo typ hn\u00edzda v\u00e1\u0161 druh mravence ve sv\u00e9m p\u0159irozen\u00e9m prost\u0159ed\u00ed preferuje. <\/strong>Pokud si nejste jisti, sta\u010d\u00ed se pod\u00edvat na p\u0159\u00edslu\u0161n\u00fd popis produktu po\u017eadovan\u00e9ho druhu mravence. Tam najdete pot\u0159ebn\u00e9 informace.<\/p>\n<h3>\u00a0<\/h3>\n\t\t\n<style>\n#text-8351461 {\n  text-align: center;\n}\n<\/style>\n\t<\/div>\n\t\n\n\t\t<\/div>\n\t\t\t\t\t<\/div>\n\n\t\n\n<\/div>\n<div class=\"row align-center\"  id=\"row-1390319994\">\n\n\n\t<div id=\"col-1363914979\" class=\"col medium-3 small-6 large-3\"  >\n\t\t\t\t<div class=\"col-inner\"  >\n\t\t\t\n\t\t\t\n\n\n  <div class=\"banner has-hover\" id=\"banner-120407181\">\n          <div class=\"banner-inner fill\">\n        <div class=\"banner-bg fill\" >\n            <img data-recalc-dims=\"1\" loading=\"lazy\" decoding=\"async\" width=\"1020\" height=\"680\" src=\"https:\/\/i0.wp.com\/antcube.shop\/wp-content\/uploads\/2021\/08\/macro-3821280_1920.jpg?resize=1020%2C680&#038;ssl=1\" class=\"bg attachment-original size-original\" alt=\"\" \/>                        <div class=\"overlay\"><\/div>            \n                    <\/div>\n\t\t\n        <div class=\"banner-layers container\">\n            <a class=\"fill\" href=\"https:\/\/antcube.shop\/formicarium-finder\/nest-type\/soil-nest\/\"><div class=\"fill banner-link\"><\/div><\/a>            \n\n   <div id=\"text-box-1334109653\" class=\"text-box banner-layer x0 md-x0 lg-x50 y5 md-y5 lg-y5 res-text\">\n                                <div class=\"text-box-content text dark text-shadow-5\">\n              \n              <div class=\"text-inner text-center\">\n                  \n\n\t<div id=\"text-3188092044\" class=\"text\">\n\t\t\n\n<h5 class=\"uppercase\"><strong>Hn\u00edzd\u011bn\u00ed v p\u016fd\u011b<\/strong><\/h5>\n\t\t\n<style>\n#text-3188092044 {\n  font-size: 0.85rem;\n}\n@media (min-width:550px) {\n  #text-3188092044 {\n    font-size: 0.9rem;\n  }\n}\n@media (min-width:850px) {\n  #text-3188092044 {\n    font-size: 1.35rem;\n  }\n}\n<\/style>\n\t<\/div>\n\t\n\n              <\/div>\n           <\/div>\n                            \n<style>\n#text-box-1334109653 {\n  width: 100%;\n}\n#text-box-1334109653 .text-box-content {\n  font-size: 100%;\n}\n@media (min-width:550px) {\n  #text-box-1334109653 {\n    width: 100%;\n  }\n}\n@media (min-width:850px) {\n  #text-box-1334109653 {\n    width: 100%;\n  }\n}\n<\/style>\n    <\/div>\n \n\n        <\/div>\n      <\/div>\n\n            \n<style>\n#banner-120407181 {\n  padding-top: 99.99%;\n}\n#banner-120407181 .overlay {\n  background-color: rgba(0, 0, 0, 0);\n}\n#banner-120407181 .banner-bg img {\n  object-position: 46% 50%;\n}\n<\/style>\n  <\/div>\n\n\n\n\t\t<\/div>\n\t\t\t\t\t<\/div>\n\n\t\n\n\t<div id=\"col-82664961\" class=\"col medium-3 small-6 large-3\"  >\n\t\t\t\t<div class=\"col-inner\"  >\n\t\t\t\n\t\t\t\n\n\n  <div class=\"banner has-hover\" id=\"banner-1128058680\">\n          <div class=\"banner-inner fill\">\n        <div class=\"banner-bg fill\" >\n            <img data-recalc-dims=\"1\" loading=\"lazy\" decoding=\"async\" width=\"1020\" height=\"1530\" src=\"https:\/\/i0.wp.com\/antcube.shop\/wp-content\/uploads\/2021\/09\/frank-albrecht-DVWR_mGz0Ek-unsplash-1-scaled.jpg?resize=1020%2C1530&#038;ssl=1\" class=\"bg attachment-original size-original\" alt=\"\" \/>                                    \n                    <\/div>\n\t\t\n        <div class=\"banner-layers container\">\n            <a class=\"fill\" href=\"https:\/\/antcube.shop\/formicarium-finder\/nest-type\/wood-nest\/\"><div class=\"fill banner-link\"><\/div><\/a>            \n\n   <div id=\"text-box-1320606164\" class=\"text-box banner-layer x50 md-x50 lg-x0 y5 md-y5 lg-y5 res-text\">\n                                <div class=\"text-box-content text dark text-shadow-5\">\n              \n              <div class=\"text-inner text-center\">\n                  \n\n\t<div id=\"text-3433556167\" class=\"text\">\n\t\t\n\n<h5 class=\"uppercase\"><strong>Hn\u00edzd\u011bn\u00ed ve d\u0159ev\u011b nebo mrtv\u00e9m d\u0159ev\u011b<\/strong><\/h5>\n\t\t\n<style>\n#text-3433556167 {\n  font-size: 0.9rem;\n  text-align: center;\n}\n@media (min-width:550px) {\n  #text-3433556167 {\n    font-size: 0.9rem;\n  }\n}\n@media (min-width:850px) {\n  #text-3433556167 {\n    font-size: 1.35rem;\n  }\n}\n<\/style>\n\t<\/div>\n\t\n\n              <\/div>\n           <\/div>\n                            \n<style>\n#text-box-1320606164 {\n  width: 100%;\n}\n#text-box-1320606164 .text-box-content {\n  font-size: 100%;\n}\n@media (min-width:550px) {\n  #text-box-1320606164 {\n    width: 100%;\n  }\n}\n@media (min-width:850px) {\n  #text-box-1320606164 {\n    width: 100%;\n  }\n}\n<\/style>\n    <\/div>\n \n\n        <\/div>\n      <\/div>\n\n            \n<style>\n#banner-1128058680 {\n  padding-top: 99.99%;\n}\n#banner-1128058680 .banner-bg img {\n  object-position: 47% 92%;\n}\n<\/style>\n  <\/div>\n\n\n\n\t\t<\/div>\n\t\t\t\t\t<\/div>\n\n\t\n\n\t<div id=\"col-86449599\" class=\"col medium-3 small-6 large-3\"  >\n\t\t\t\t<div class=\"col-inner\"  >\n\t\t\t\n\t\t\t\n\n\n  <div class=\"banner has-hover\" id=\"banner-1164367958\">\n          <div class=\"banner-inner fill\">\n        <div class=\"banner-bg fill\" >\n            <img loading=\"lazy\" decoding=\"async\" width=\"900\" height=\"600\" src=\"https:\/\/i0.wp.com\/antcube.shop\/wp-content\/uploads\/2021\/09\/wolfgang-hasselmann-J7ArFYQrBXw-unsplash1-scaled.jpg?fit=900%2C600&amp;ssl=1\" class=\"bg attachment-large size-large\" alt=\"\" \/>                        <div class=\"overlay\"><\/div>            \n                    <\/div>\n\t\t\n        <div class=\"banner-layers container\">\n            <a class=\"fill\" href=\"https:\/\/antcube.shop\/formicarium-finder\/nest-type\/stone-nest\/\"><div class=\"fill banner-link\"><\/div><\/a>            \n\n   <div id=\"text-box-478893020\" class=\"text-box banner-layer x0 md-x0 lg-x50 y0 md-y5 lg-y5 res-text\">\n                                <div class=\"text-box-content text dark text-shadow-5\">\n              \n              <div class=\"text-inner text-center\">\n                  \n\n\t<div id=\"text-3165742293\" class=\"text\">\n\t\t\n\n<h5 class=\"uppercase\"><strong>Hn\u00edzd\u011bn\u00ed mezi kameny nebo pod nimi<\/strong><\/h5>\n\t\t\n<style>\n#text-3165742293 {\n  font-size: 0.85rem;\n  text-align: center;\n}\n@media (min-width:550px) {\n  #text-3165742293 {\n    font-size: 0.9rem;\n  }\n}\n@media (min-width:850px) {\n  #text-3165742293 {\n    font-size: 1.35rem;\n  }\n}\n<\/style>\n\t<\/div>\n\t\n\n              <\/div>\n           <\/div>\n                            \n<style>\n#text-box-478893020 {\n  width: 100%;\n}\n#text-box-478893020 .text-box-content {\n  font-size: 100%;\n}\n@media (min-width:550px) {\n  #text-box-478893020 {\n    width: 100%;\n  }\n}\n@media (min-width:850px) {\n  #text-box-478893020 {\n    width: 100%;\n  }\n}\n<\/style>\n    <\/div>\n \n\n        <\/div>\n      <\/div>\n\n            \n<style>\n#banner-1164367958 {\n  padding-top: 99.99%;\n}\n#banner-1164367958 .overlay {\n  background-color: rgba(0, 0, 0, 0);\n}\n#banner-1164367958 .banner-bg img {\n  object-position: 43% 45%;\n}\n<\/style>\n  <\/div>\n\n\n\n\t\t<\/div>\n\t\t\t\t\t<\/div>\n\n\t\n\n<\/div>","protected":false},"excerpt":{"rendered":"","protected":false},"author":1,"featured_media":0,"parent":727,"menu_order":0,"comment_status":"closed","ping_status":"closed","template":"","meta":{"_acf_changed":false,"content-type":"","_monsterinsights_skip_tracking":false,"_monsterinsights_sitenote_active":false,"_monsterinsights_sitenote_note":"","_monsterinsights_sitenote_category":0,"footnotes":""},"class_list":["post-1264","page","type-page","status-publish","hentry"],"acf":[],"aioseo_notices":[],"jetpack_sharing_enabled":true,"_links":{"self":[{"href":"https:\/\/antcube.shop\/cs\/wp-json\/wp\/v2\/pages\/1264","targetHints":{"allow":["GET"]}}],"collection":[{"href":"https:\/\/antcube.shop\/cs\/wp-json\/wp\/v2\/pages"}],"about":[{"href":"https:\/\/antcube.shop\/cs\/wp-json\/wp\/v2\/types\/page"}],"author":[{"embeddable":true,"href":"https:\/\/antcube.shop\/cs\/wp-json\/wp\/v2\/users\/1"}],"replies":[{"embeddable":true,"href":"https:\/\/antcube.shop\/cs\/wp-json\/wp\/v2\/comments?post=1264"}],"version-history":[{"count":10,"href":"https:\/\/antcube.shop\/cs\/wp-json\/wp\/v2\/pages\/1264\/revisions"}],"predecessor-version":[{"id":6828,"href":"https:\/\/antcube.shop\/cs\/wp-json\/wp\/v2\/pages\/1264\/revisions\/6828"}],"up":[{"embeddable":true,"href":"https:\/\/antcube.shop\/cs\/wp-json\/wp\/v2\/pages\/727"}],"wp:attachment":[{"href":"https:\/\/antcube.shop\/cs\/wp-json\/wp\/v2\/media?parent=1264"}],"curies":[{"name":"wp","href":"https:\/\/api.w.org\/{rel}","templated":true}]}}