{"id":1135,"date":"2021-09-08T09:48:21","date_gmt":"2021-09-08T07:48:21","guid":{"rendered":"https:\/\/antcube.shop\/?page_id=1135"},"modified":"2024-10-24T14:32:46","modified_gmt":"2024-10-24T12:32:46","slug":"udrzitelnost","status":"publish","type":"page","link":"https:\/\/antcube.shop\/cs\/o-nas\/udrzitelnost\/","title":{"rendered":"Udr\u017eitelnost"},"content":{"rendered":"<div id=\"gap-707873998\" class=\"gap-element clearfix\" style=\"display:block; height:auto;\">\n\t\t\n<style>\n#gap-707873998 {\n  padding-top: 181px;\n}\n@media (min-width:850px) {\n  #gap-707873998 {\n    padding-top: 75px;\n  }\n}\n<\/style>\n\t<\/div>\n\t\n\n\n  <div class=\"banner has-hover\" id=\"banner-1104999855\">\n          <div class=\"banner-inner fill\">\n        <div class=\"banner-bg fill\" >\n            <img data-recalc-dims=\"1\" loading=\"lazy\" decoding=\"async\" width=\"1020\" height=\"574\" src=\"https:\/\/i0.wp.com\/antcube.shop\/wp-content\/uploads\/2021\/08\/caspian-dahlstrom-xXbaTOP31M4-unsplash-scaled.jpg?resize=1020%2C574&#038;ssl=1\" class=\"bg attachment-original size-original\" alt=\"\" \/>                        <div class=\"overlay\"><\/div>            \n                    <\/div>\n\t\t\n        <div class=\"banner-layers container\">\n            <div class=\"fill banner-link\"><\/div>            \n\n   <div id=\"text-box-222119104\" class=\"text-box banner-layer x50 md-x50 lg-x50 y50 md-y50 lg-y50 res-text\">\n                                <div class=\"text-box-content text dark\">\n              \n              <div class=\"text-inner text-center\">\n                  \n\n<h3 class=\"uppercase\"><strong>Udr\u017eitelnost<\/strong><\/h3>\n<p>\u00a0<\/p>\n\n              <\/div>\n           <\/div>\n                            \n<style>\n#text-box-222119104 {\n  width: 60%;\n}\n#text-box-222119104 .text-box-content {\n  font-size: 100%;\n}\n<\/style>\n    <\/div>\n \n\n        <\/div>\n      <\/div>\n\n            \n<style>\n#banner-1104999855 {\n  padding-top: 60%;\n}\n#banner-1104999855 .overlay {\n  background-color: rgba(0, 0, 0, 0);\n}\n#banner-1104999855 .banner-bg img {\n  object-position: 51% 51%;\n}\n@media (min-width:550px) {\n  #banner-1104999855 {\n    padding-top: 500px;\n  }\n}\n<\/style>\n  <\/div>\n\n\n\t<div id=\"gap-790936199\" class=\"gap-element clearfix\" style=\"display:block; height:auto;\">\n\t\t\n<style>\n#gap-790936199 {\n  padding-top: 40px;\n}\n<\/style>\n\t<\/div>\n\t\n\n<div class=\"row\"  id=\"row-1328932864\">\n\n\n\t<div id=\"col-44922707\" class=\"col medium-7 small-12 large-6\"  >\n\t\t\t\t<div class=\"col-inner\"  >\n\t\t\t\n\t\t\t\n\n\t<div id=\"text-2517154318\" class=\"text\">\n\t\t\n\n<h2>Jak pracujeme na tom, abychom byli \u0161etrn\u011bj\u0161\u00ed k \u017eivotn\u00edmu prost\u0159ed\u00ed<\/h2>\n<p align=\"CENTER\"><strong><span style=\"color: #ff0000;\">V\u0161ichni jsme zodpov\u011bdn\u00ed za tuto planetu!<\/span><\/strong><\/p>\n<p>To m\u011bl na mysli u\u017e n\u00e1\u0161 zakladatel, kdy\u017e p\u0159ed 20 lety zakl\u00e1dal ANTSTORE. Zachovat p\u0159\u00edrodu pou\u017e\u00edv\u00e1n\u00edm skla pro mraveni\u0161t\u011b nam\u00edsto akrylov\u00fdch sestav.<\/p>\n<p>Ch\u00e1peme, \u017ee Zem\u011b n\u00e1s nepot\u0159ebuje, ale my pot\u0159ebujeme tuto n\u00e1dhernou planetu. Proto spolupracujme na ochran\u011b na\u0161\u00ed p\u0159\u00edrody a jsme vd\u011b\u010dn\u00ed za jakoukoli pomoc p\u0159i v\u00fdzkumu a v\u00fdvoji obal\u016f \u0161etrn\u00fdch k \u017eivotn\u00edmu prost\u0159ed\u00ed a recyklovateln\u00fdch obal\u016f, aby se ji\u017e nezvy\u0161ovalo procento polyethylenov\u00fdch \u010d\u00e1stic v na\u0161\u00ed vod\u011b.<\/p>\n<p>Proto nyn\u00ed podnik\u00e1me prvn\u00ed kroky, abychom po roce 2022 pou\u017e\u00edvali pouze ekologick\u00e9 obaly. V\u00edme, \u017ee zm\u011bna obal\u016f je jen mal\u00fdm krokem k tomu, aby se spole\u010dnost stala udr\u017eitelnou, a proto pracujeme tak\u00e9 na digitalizaci, optimalizaci p\u0159epravn\u00edch tras a vzd\u011bl\u00e1v\u00e1n\u00ed.<\/p>\n<p>Zakoupen\u00edm na\u0161ich produkt\u016f n\u00e1s m\u016f\u017eete podpo\u0159it. Pomozte n\u00e1m splnit na\u0161i povinnost zachovat tuto n\u00e1dhernou zelenou planetu se v\u0161emi jej\u00edmi rozmanit\u00fdmi formami \u017eivota. Sv\u00fdm n\u00e1kupem podpo\u0159\u00edte na\u0161e odd\u011blen\u00ed Resarch &amp; Developement, aby vyv\u00edjelo je\u0161t\u011b udr\u017eiteln\u011bj\u0161\u00ed \u0159e\u0161en\u00ed ve prosp\u011bch n\u00e1s v\u0161ech.<\/p>\n<p>D\u00e1le pl\u00e1nujeme spolupr\u00e1ci s \"nadac\u00ed pro s\u00e1zen\u00ed strom\u016f\", aby na\u0161e lesy mohly za\u010d\u00edt znovu r\u016fst. Jsou to jedny z nejd\u016fle\u017eit\u011bj\u0161\u00edch stanovi\u0161\u0165 i pro mravence! O novink\u00e1ch v\u00e1s budeme brzy informovat.<\/p>\n\t\t\n<style>\n#text-2517154318 {\n  text-align: center;\n}\n<\/style>\n\t<\/div>\n\t\n\n\t\t<\/div>\n\t\t\t\t\t<\/div>\n\n\t\n\n\t<div id=\"col-634381809\" class=\"col medium-5 small-12 large-6\"  >\n\t\t\t\t<div class=\"col-inner\"  >\n\t\t\t\n\t\t\t\n\n\t<div class=\"img has-hover x md-x lg-x y md-y lg-y\" id=\"image_1966808931\">\n\t\t\t\t\t\t\t\t<div class=\"img-inner dark\" >\n\t\t\t<img data-recalc-dims=\"1\" loading=\"lazy\" decoding=\"async\" width=\"1020\" height=\"681\" src=\"https:\/\/i0.wp.com\/antcube.shop\/wp-content\/uploads\/2021\/08\/mark-AddyORqTyCg-unsplash-scaled.jpg?resize=1020%2C681&#038;ssl=1\" class=\"attachment-original size-original\" alt=\"\" srcset=\"https:\/\/i0.wp.com\/antcube.shop\/wp-content\/uploads\/2021\/08\/mark-AddyORqTyCg-unsplash-scaled.jpg?w=2560&amp;ssl=1 2560w, https:\/\/i0.wp.com\/antcube.shop\/wp-content\/uploads\/2021\/08\/mark-AddyORqTyCg-unsplash-scaled.jpg?resize=510%2C341&amp;ssl=1 510w, https:\/\/i0.wp.com\/antcube.shop\/wp-content\/uploads\/2021\/08\/mark-AddyORqTyCg-unsplash-scaled.jpg?resize=599%2C400&amp;ssl=1 599w, https:\/\/i0.wp.com\/antcube.shop\/wp-content\/uploads\/2021\/08\/mark-AddyORqTyCg-unsplash-scaled.jpg?resize=1198%2C800&amp;ssl=1 1198w, https:\/\/i0.wp.com\/antcube.shop\/wp-content\/uploads\/2021\/08\/mark-AddyORqTyCg-unsplash-scaled.jpg?resize=768%2C513&amp;ssl=1 768w, https:\/\/i0.wp.com\/antcube.shop\/wp-content\/uploads\/2021\/08\/mark-AddyORqTyCg-unsplash-scaled.jpg?resize=1536%2C1026&amp;ssl=1 1536w, https:\/\/i0.wp.com\/antcube.shop\/wp-content\/uploads\/2021\/08\/mark-AddyORqTyCg-unsplash-scaled.jpg?resize=2048%2C1368&amp;ssl=1 2048w\" sizes=\"auto, (max-width: 1020px) 100vw, 1020px\" \/>\t\t\t\t\t\t\n\t\t\t\t\t<\/div>\n\t\t\t\t\t\t\t\t\n<style>\n#image_1966808931 {\n  width: 100%;\n}\n<\/style>\n\t<\/div>\n\t\n\n\n\t\t<\/div>\n\t\t\t\t\t<\/div>\n\n\t\n\n<\/div>","protected":false},"excerpt":{"rendered":"","protected":false},"author":1,"featured_media":0,"parent":104,"menu_order":0,"comment_status":"closed","ping_status":"closed","template":"","meta":{"_acf_changed":false,"content-type":"","_monsterinsights_skip_tracking":false,"_monsterinsights_sitenote_active":false,"_monsterinsights_sitenote_note":"","_monsterinsights_sitenote_category":0,"footnotes":""},"class_list":["post-1135","page","type-page","status-publish","hentry"],"acf":[],"aioseo_notices":[],"jetpack_sharing_enabled":true,"_links":{"self":[{"href":"https:\/\/antcube.shop\/cs\/wp-json\/wp\/v2\/pages\/1135","targetHints":{"allow":["GET"]}}],"collection":[{"href":"https:\/\/antcube.shop\/cs\/wp-json\/wp\/v2\/pages"}],"about":[{"href":"https:\/\/antcube.shop\/cs\/wp-json\/wp\/v2\/types\/page"}],"author":[{"embeddable":true,"href":"https:\/\/antcube.shop\/cs\/wp-json\/wp\/v2\/users\/1"}],"replies":[{"embeddable":true,"href":"https:\/\/antcube.shop\/cs\/wp-json\/wp\/v2\/comments?post=1135"}],"version-history":[{"count":10,"href":"https:\/\/antcube.shop\/cs\/wp-json\/wp\/v2\/pages\/1135\/revisions"}],"predecessor-version":[{"id":10349,"href":"https:\/\/antcube.shop\/cs\/wp-json\/wp\/v2\/pages\/1135\/revisions\/10349"}],"up":[{"embeddable":true,"href":"https:\/\/antcube.shop\/cs\/wp-json\/wp\/v2\/pages\/104"}],"wp:attachment":[{"href":"https:\/\/antcube.shop\/cs\/wp-json\/wp\/v2\/media?parent=1135"}],"curies":[{"name":"wp","href":"https:\/\/api.w.org\/{rel}","templated":true}]}}