{"id":10607,"date":"2024-11-29T12:11:26","date_gmt":"2024-11-29T11:11:26","guid":{"rendered":"https:\/\/antcube.shop\/?page_id=10607"},"modified":"2024-12-03T12:53:14","modified_gmt":"2024-12-03T11:53:14","slug":"pokyny-pro-chov-mravencu","status":"publish","type":"page","link":"https:\/\/antcube.shop\/cs\/pokyny-pro-chov-mravencu\/","title":{"rendered":"Pokyny pro chov mravenc\u016f"},"content":{"rendered":"<div id=\"gap-1367013351\" class=\"gap-element clearfix\" style=\"display:block; height:auto;\">\n\t\t\n<style>\n#gap-1367013351 {\n  padding-top: 190px;\n}\n<\/style>\n\t<\/div>\n\t\n\n<div class=\"row\"  id=\"row-1197677734\">\n\n\n\t<div id=\"col-1024542739\" class=\"col small-12 large-12\"  >\n\t\t\t\t<div class=\"col-inner\"  >\n\t\t\t\n\t\t\t\n\n<h1><b>Pokyny pro chov mravenc\u016f<\/b><\/h1>\n<h2><b>D\u016fle\u017eit\u00e1 pozn\u00e1mka k ochran\u011b druh\u016f a p\u0159\u00edrody<\/b><\/h2>\n<ul>\n<li style=\"font-weight: 400;\" aria-level=\"1\"><b>Riziko po\u0161kozen\u00ed a onemocn\u011bn\u00ed:<\/b><span style=\"font-weight: 400;\"> \u017div\u00e1 zv\u00ed\u0159ata mohou zp\u016fsobit \u0161kody nebo p\u0159en\u00e1\u0161et nemoci. Zejm\u00e9na alergici by m\u011bli b\u00fdt opatrn\u00ed.<\/span><\/li>\n<li style=\"font-weight: 400;\" aria-level=\"1\"><b>Uvoln\u011bn\u00ed zak\u00e1z\u00e1no:<\/b><span style=\"font-weight: 400;\"> V \u017e\u00e1dn\u00e9m p\u0159\u00edpad\u011b se mravenci nesm\u00ed vypou\u0161t\u011bt do voln\u00e9 p\u0159\u00edrody, aby se ochr\u00e1nila p\u016fvodn\u00ed i ciz\u00ed fl\u00f3ra a fauna. Vypou\u0161t\u011bn\u00ed mravenc\u016f bez \u00fa\u0159edn\u00edho povolen\u00ed je trestn\u00e9 podle pr\u00e1vn\u00edch p\u0159edpis\u016f o ochran\u011b p\u0159\u00edrody. Nab\u00edz\u00edme bezplatn\u00fd zp\u011btn\u00fd odb\u011br star\u00fdch koloni\u00ed.<\/span><\/li>\n<li style=\"font-weight: 400;\" aria-level=\"1\"><b>Identifikace druhu: <\/b><span style=\"font-weight: 400;\">Druhy mravenc\u016f jsou ur\u010deny podle na\u0161ich nejlep\u0161\u00edch znalost\u00ed. V p\u0159\u00edpad\u011b pozd\u011bj\u0161\u00edch zm\u011bn m\u00e1te pr\u00e1vo na vr\u00e1cen\u00ed kolonie.<\/span><\/li>\n<\/ul>\n<h2><b>Odes\u00edl\u00e1n\u00ed mravenc\u016f<\/b><\/h2>\n<ul>\n<li style=\"font-weight: 400;\" aria-level=\"1\"><b>Oblast dod\u00e1n\u00ed: <\/b><span style=\"font-weight: 400;\">\u017div\u00e1 zv\u00ed\u0159ata se p\u0159epravuj\u00ed pouze v r\u00e1mci EU. Region\u00e1ln\u00ed dovozn\u00ed p\u0159edpisy je t\u0159eba z\u00edskat na m\u00edstn\u00edm veterin\u00e1rn\u00edm \u00fa\u0159ad\u011b.<\/span><\/li>\n<li style=\"font-weight: 400;\" aria-level=\"1\"><b>Teploty b\u011bhem expedice:<\/b>\n<ul>\n<li style=\"font-weight: 400;\" aria-level=\"2\"><b>No\u010dn\u00ed teploty:<\/b>\n<ul>\n<li style=\"font-weight: 400;\" aria-level=\"3\"><span style=\"font-weight: 400;\">Severoevropsk\u00e9 a st\u0159edoevropsk\u00e9 druhy: <span data-text-color=\"alert\">&gt;0\u00b0C<\/span> (Expres: <span data-text-color=\"alert\">&gt;-5\u00b0C<\/span> s izolac\u00ed)<\/span><\/li>\n<li style=\"font-weight: 400;\" aria-level=\"3\"><span style=\"font-weight: 400;\">Jihoevropsk\u00e9 druhy: <span data-text-color=\"secondary\">&gt;+5\u00b0C<\/span> (Expres: <span data-text-color=\"secondary\">&gt;0\u00b0C<\/span> s izolac\u00ed)<\/span><\/li>\n<li style=\"font-weight: 400;\" aria-level=\"3\"><span style=\"font-weight: 400;\">Tropick\u00e9 druhy: <span data-text-color=\"secondary\">&gt;+10\u00b0C<\/span> (Expres: <span data-text-color=\"secondary\">&gt;+5\u00b0C<\/span> s tepeln\u00fdm z\u00e1balem)<\/span><\/li>\n<\/ul>\n<\/li>\n<li style=\"font-weight: 400;\" aria-level=\"2\"><b>Denn\u00ed teploty: <\/b><span style=\"font-weight: 400;\">Maximum <span data-text-color=\"alert\">+30\u00b0C<\/span> pro v\u0161echny druhy.<\/span><\/li>\n<\/ul>\n<\/li>\n<\/ul>\n<p><span style=\"font-weight: 400;\">Objednan\u00ed mravenci nebudou odesl\u00e1ni mimo uveden\u00e9 teplotn\u00ed rozsahy. Budou odesl\u00e1ni v nejbli\u017e\u0161\u00edm mo\u017en\u00e9m term\u00ednu.<\/span><\/p>\n<p><span style=\"font-weight: 400;\">Budete informov\u00e1ni zvl\u00e1\u0161\u0165 e-mailem.\u00a0<\/span><\/p>\n<h2><b>Chov mravenc\u016f<\/b><\/h2>\n<ul>\n<li style=\"font-weight: 400;\" aria-level=\"1\"><span style=\"font-weight: 400;\">Podrobn\u00e9 informace o chovu naleznete v popisech produkt\u016f p\u0159\u00edslu\u0161n\u00fdch druh\u016f.<\/span><\/li>\n<\/ul>\n<h3><b>Probl\u00e9my s chovem mravenc\u016f<\/b><\/h3>\n<ol>\n<li><b> \u00famrtnost mravenc\u016f - mo\u017en\u00e9 p\u0159\u00ed\u010diny<\/b><\/li>\n<\/ol>\n<ul>\n<li style=\"font-weight: 400;\" aria-level=\"1\"><b>Kvalita vody:<\/b>\n<ul>\n<li style=\"font-weight: 400;\" aria-level=\"2\"><span style=\"font-weight: 400;\">Voda z vodovodu m\u016f\u017ee b\u00fdt pro mravence toxick\u00e1 kv\u016fli chl\u00f3ru nebo m\u011bdi.<\/span><\/li>\n<li style=\"font-weight: 400;\" aria-level=\"2\"><b>Doporu\u010den\u00ed: <\/b><span style=\"font-weight: 400;\">Pou\u017e\u00edvejte filtrovanou nebo de\u0161\u0165ovou vodu, nikoli destilovanou.<\/span><\/li>\n<\/ul>\n<\/li>\n<li style=\"font-weight: 400;\" aria-level=\"1\"><b>Substr\u00e1t:<\/b>\n<ul>\n<li style=\"font-weight: 400;\" aria-level=\"2\"><span style=\"font-weight: 400;\">Pta\u010d\u00ed p\u00edsek obsahuje dezinfek\u010dn\u00ed l\u00e1tky, kter\u00e9 mohou mravenc\u016fm \u0161kodit.<\/span><\/li>\n<li style=\"font-weight: 400;\" aria-level=\"2\"><b>Doporu\u010den\u00ed: <\/b><span style=\"font-weight: 400;\">Pou\u017eijte n\u00e1\u0161 produkt p\u0159ipraven\u00fd k pou\u017eit\u00ed <\/span><b>podlahov\u00e9 podstavce <\/b><span style=\"font-weight: 400;\">nebo neo\u0161et\u0159en\u00fd k\u0159emenn\u00fd p\u00edsek a p\u0159edt\u00edm jej omyjte nebo vypeckujte.<\/span><\/li>\n<\/ul>\n<\/li>\n<li style=\"font-weight: 400;\" aria-level=\"1\"><b>Rostliny:<\/b>\n<ul>\n<li style=\"font-weight: 400;\" aria-level=\"2\"><span style=\"font-weight: 400;\">\u017div\u00e9 rostliny z obchod\u016f pro kutily nebo zahradnick\u00fdch center jsou \u010dasto o\u0161et\u0159eny pesticidy.<\/span><\/li>\n<li style=\"font-weight: 400;\" aria-level=\"2\"><b>Doporu\u010den\u00ed: <\/b><span style=\"font-weight: 400;\">Pou\u017e\u00edvejte organick\u00e9 rostliny nebo rostliny ze specializovan\u00fdch teraristick\u00fdch obchod\u016f.<\/span><\/li>\n<li style=\"font-weight: 400;\" aria-level=\"2\"><span style=\"font-weight: 400;\">M\u016f\u017eete tak\u00e9 pou\u017e\u00edt rostliny, kter\u00e9 jste doma p\u011bstovali alespo\u0148 rok bez pou\u017eit\u00ed pesticid\u016f nebo hnojiv.<\/span><\/li>\n<\/ul>\n<\/li>\n<li style=\"font-weight: 400;\" aria-level=\"1\"><b>\u010ci\u0161t\u011bn\u00ed:<\/b>\n<ul>\n<li style=\"font-weight: 400;\" aria-level=\"2\"><span style=\"font-weight: 400;\">\u010cisti\u010de skla a chemick\u00e9 prost\u0159edky jsou \u0161kodliv\u00e9.<\/span><\/li>\n<li style=\"font-weight: 400;\" aria-level=\"2\"><b>Doporu\u010den\u00ed: <\/b><span style=\"font-weight: 400;\">Pou\u017e\u00edvejte \u010distic\u00ed prost\u0159edek s \u010distou vodou nebo organick\u00fd \u010distic\u00ed prost\u0159edek.<\/span><\/li>\n<\/ul>\n<\/li>\n<li style=\"font-weight: 400;\" aria-level=\"1\"><b>Konstrukce formik\u00e1ria:<\/b>\n<ul>\n<li style=\"font-weight: 400;\" aria-level=\"2\"><span style=\"font-weight: 400;\">Materi\u00e1ly s rozpou\u0161t\u011bdly nebo antibakteri\u00e1ln\u00edm silikonem jsou nevhodn\u00e9.<\/span><\/li>\n<li style=\"font-weight: 400;\" aria-level=\"2\"><b>Doporu\u010den\u00ed: <\/b><span style=\"font-weight: 400;\">Pou\u017e\u00edvejte l\u00e1tky bez rozpou\u0161t\u011bdel nebo akvarijn\u00ed silikon.<\/span><\/li>\n<\/ul>\n<\/li>\n<li style=\"font-weight: 400;\" aria-level=\"1\"><b>Krmen\u00ed:<\/b>\n<ul>\n<li style=\"font-weight: 400;\" aria-level=\"2\"><span style=\"font-weight: 400;\">Konzerva\u010dn\u00ed l\u00e1tky a paraziti v potravin\u00e1ch pro zv\u00ed\u0159ata mohou b\u00fdt \u0161kodliv\u00ed. Krom\u011b toho jsou krmn\u00e1 zv\u00ed\u0159ata z velkochov\u016f \u010dasto zamo\u0159ena rozto\u010di, kte\u0159\u00ed by mohli mravenc\u016fm \u0161kodit.\u00a0<\/span><\/li>\n<li style=\"font-weight: 400;\" aria-level=\"2\"><b>Doporu\u010den\u00ed: <\/b><span style=\"font-weight: 400;\">Pou\u017e\u00edvejte biopotraviny nebo hmyz z p\u0159\u00edrody, nasb\u00edran\u00fd mimo cesty a pole, kter\u00e9 mohou b\u00fdt kontaminov\u00e1ny pesticidy.<\/span><\/li>\n<\/ul>\n<\/li>\n<li style=\"font-weight: 400;\" aria-level=\"1\"><b>Teplota:<\/b>\n<ul>\n<li style=\"font-weight: 400;\" aria-level=\"2\"><span style=\"font-weight: 400;\">Formicaria se mohou vlivem p\u0159\u00edm\u00e9ho slune\u010dn\u00edho z\u00e1\u0159en\u00ed zna\u010dn\u011b zah\u0159\u00e1t.<\/span><\/li>\n<li style=\"font-weight: 400;\" aria-level=\"2\"><b>Doporu\u010den\u00ed: <\/b><span style=\"font-weight: 400;\">Pou\u017eijte teplom\u011br s funkc\u00ed min\/max.<\/span><\/li>\n<\/ul>\n<\/li>\n<li style=\"font-weight: 400;\" aria-level=\"1\"><b>Hibernace:<\/b>\n<ul>\n<li style=\"font-weight: 400;\" aria-level=\"2\"><span style=\"font-weight: 400;\">B\u011bhem hibernace dbejte na to, aby bylo hn\u00edzdo vlhk\u00e9 a nevysychalo.<\/span><\/li>\n<\/ul>\n<\/li>\n<\/ul>\n<ol start=\"2\">\n<li><b> kr\u00e1lovna nenese vaj\u00ed\u010dka - mo\u017en\u00e9 p\u0159\u00ed\u010diny<\/b><\/li>\n<\/ol>\n<ul>\n<li style=\"font-weight: 400;\" aria-level=\"1\"><b>Sez\u00f3na: <\/b><span style=\"font-weight: 400;\">Evropsk\u00e9 druhy nekladou vaj\u00ed\u010dka na podzim\/zimu.<\/span><b>.<\/b><\/li>\n<li style=\"font-weight: 400;\" aria-level=\"1\"><b>Stres: <\/b><span style=\"font-weight: 400;\">P\u0159eprava nebo naru\u0161en\u00ed hn\u00edzda m\u016f\u017ee kr\u00e1lovnu vyv\u00e9st z rovnov\u00e1hy.<\/span><\/li>\n<li style=\"font-weight: 400;\" aria-level=\"1\"><b>Nedostatek b\u00edlkovin: <\/b><span style=\"font-weight: 400;\">V\u00fdvoj ml\u00e1\u010fat vy\u017eaduje potravu bohatou na b\u00edlkoviny.<\/span><\/li>\n<li style=\"font-weight: 400;\" aria-level=\"1\"><b>Skryt\u00e1 vejce: <\/b><span style=\"font-weight: 400;\">Vaj\u00ed\u010dka se mohou nach\u00e1zet v p\u0159epravn\u00ed n\u00e1dob\u011b nebo ve vat\u011b.<\/span><\/li>\n<li style=\"font-weight: 400;\" aria-level=\"1\"><b>Podneb\u00ed: <\/b><span style=\"font-weight: 400;\">Z\u00e1sadn\u00ed jsou optim\u00e1ln\u00ed podm\u00ednky (substr\u00e1t, tma, teplota, vlhkost).<\/span><\/li>\n<li style=\"font-weight: 400;\" aria-level=\"1\"><b>Doporu\u010den\u00ed: <\/b><span style=\"font-weight: 400;\">Za\u010d\u00e1te\u010dn\u00edci by si m\u011bli vyb\u00edrat druhy, pro kter\u00e9 je k dispozici mnoho zpr\u00e1v o zku\u0161enostech.<\/span><\/li>\n<\/ul>\n<p><span style=\"font-weight: 400;\">Tyto pokyny poskytuj\u00ed z\u00e1kladn\u00ed informace o tom, jak \u00fasp\u011b\u0161n\u011b chovat mravence. V p\u0159\u00edpad\u011b jak\u00fdchkoli dotaz\u016f nebo probl\u00e9m\u016f doporu\u010dujeme obr\u00e1tit se na zku\u0161en\u00e9 chovatele nebo specializovan\u00e9 prodejny.<\/span><\/p>\n\n\t\t<\/div>\n\t\t\t\t\t<\/div>\n\n\t\n\n<\/div>","protected":false},"excerpt":{"rendered":"","protected":false},"author":1,"featured_media":0,"parent":0,"menu_order":0,"comment_status":"closed","ping_status":"closed","template":"","meta":{"_acf_changed":false,"content-type":"","_monsterinsights_skip_tracking":false,"_monsterinsights_sitenote_active":false,"_monsterinsights_sitenote_note":"","_monsterinsights_sitenote_category":0,"footnotes":""},"class_list":["post-10607","page","type-page","status-publish","hentry"],"acf":[],"aioseo_notices":[],"jetpack_sharing_enabled":true,"_links":{"self":[{"href":"https:\/\/antcube.shop\/cs\/wp-json\/wp\/v2\/pages\/10607","targetHints":{"allow":["GET"]}}],"collection":[{"href":"https:\/\/antcube.shop\/cs\/wp-json\/wp\/v2\/pages"}],"about":[{"href":"https:\/\/antcube.shop\/cs\/wp-json\/wp\/v2\/types\/page"}],"author":[{"embeddable":true,"href":"https:\/\/antcube.shop\/cs\/wp-json\/wp\/v2\/users\/1"}],"replies":[{"embeddable":true,"href":"https:\/\/antcube.shop\/cs\/wp-json\/wp\/v2\/comments?post=10607"}],"version-history":[{"count":5,"href":"https:\/\/antcube.shop\/cs\/wp-json\/wp\/v2\/pages\/10607\/revisions"}],"predecessor-version":[{"id":10717,"href":"https:\/\/antcube.shop\/cs\/wp-json\/wp\/v2\/pages\/10607\/revisions\/10717"}],"wp:attachment":[{"href":"https:\/\/antcube.shop\/cs\/wp-json\/wp\/v2\/media?parent=10607"}],"curies":[{"name":"wp","href":"https:\/\/api.w.org\/{rel}","templated":true}]}}