{"id":102,"date":"2013-08-11T19:22:53","date_gmt":"2013-08-11T19:22:53","guid":{"rendered":"http:\/\/localhost:8888\/test\/?page_id=532"},"modified":"2026-04-17T10:49:38","modified_gmt":"2026-04-17T08:49:38","slug":"kontakt","status":"publish","type":"page","link":"https:\/\/antcube.shop\/cs\/kontakt\/","title":{"rendered":"Kontakt"},"content":{"rendered":"<div id=\"gap-1197186219\" class=\"gap-element clearfix\" style=\"display:block; height:auto;\">\n\t\t\n<style>\n#gap-1197186219 {\n  padding-top: 30px;\n}\n<\/style>\n\t<\/div>\n\t\n\n<div class=\"row\"  id=\"row-2134767195\">\n\n\n\t<div id=\"col-969622666\" class=\"col medium-6 large-6\"  >\n\t\t\t\t<div class=\"col-inner\"  >\n\t\t\t\n\t\t\t\n\n<div class=\"container section-title-container\" ><h3 class=\"section-title section-title-normal\"><b aria-hidden=\"true\"><\/b><span class=\"section-title-main\" >\u010casto kladen\u00e9 ot\u00e1zky<\/span><b aria-hidden=\"true\"><\/b><\/h3><\/div>\n\n<p class=\"lead\">P\u0159e\u010dt\u011bte si pros\u00edm na\u0161e <a href=\"https:\/\/antcube.shop\/faq-shop\/\">\u010cASTO KLADEN\u00c9 DOTAZY<\/a> ne\u017e n\u00e1m po\u0161lete zpr\u00e1vu.<\/p>\n<div class=\"accordion\">\n\n\t<div id=\"accordion-2058643501\" class=\"accordion-item\">\n\t\t<a id=\"accordion-2058643501-label\" class=\"accordion-title plain\" href=\"#accordion-item-you-do-not-know-what-ant-species-to-keep-or-which-formicarium-you-should-use?\" aria-expanded=\"false\" aria-controls=\"accordion-2058643501-content\">\n\t\t\t<button class=\"toggle\" aria-label=\"P\u0159epnout\"><i class=\"icon-angle-down\" aria-hidden=\"true\"><\/i><\/button>\n\t\t\t<span>Nev\u00edte, jak\u00e9 druhy mravenc\u016f chovat nebo jak\u00e9 formik\u00e1rium pou\u017e\u00edt?<\/span>\n\t\t<\/a>\n\t\t<div id=\"accordion-2058643501-content\" class=\"accordion-inner\" aria-labelledby=\"accordion-2058643501-label\">\n\t\t\t\n\n<p>Vyzkou\u0161ejte n\u00e1\u0161 \"Vyhled\u00e1va\u010d mravenc\u016f\" nebo \"Vyhled\u00e1va\u010d formik\u00e1ri\u00ed\" - N\u00e1\u0161 online z\u00e1kaznick\u00fd servis<\/p>\n<p><a href=\"https:\/\/antcube.shop\/ant-finder\/\">Najd\u011bte sv\u016fj druh mravence<\/a><\/p>\n<p><a href=\"https:\/\/antcube.shop\/formicarium-finder\/\">Najd\u011bte sv\u00e9 formik\u00e1rium<\/a><\/p>\n\n\t\t<\/div>\n\t<\/div>\n\t\n\t<div id=\"accordion-3838089196\" class=\"accordion-item\">\n\t\t<a id=\"accordion-3838089196-label\" class=\"accordion-title plain\" href=\"#accordion-item-what-are-the-delivery-times-and-charges-for-orders-from-the-online-shop?\" aria-expanded=\"false\" aria-controls=\"accordion-3838089196-content\">\n\t\t\t<button class=\"toggle\" aria-label=\"P\u0159epnout\"><i class=\"icon-angle-down\" aria-hidden=\"true\"><\/i><\/button>\n\t\t\t<span>Jak\u00e9 jsou dodac\u00ed lh\u016fty a poplatky za objedn\u00e1vky z internetov\u00e9ho obchodu?<\/span>\n\t\t<\/a>\n\t\t<div id=\"accordion-3838089196-content\" class=\"accordion-inner\" aria-labelledby=\"accordion-3838089196-label\">\n\t\t\t\n\n<p>Informace o p\u0159edpokl\u00e1dan\u00e9 dob\u011b dod\u00e1n\u00ed najdete zde:<\/p>\n<p><a href=\"https:\/\/antcube.shop\/delivery-times\/\">Dodac\u00ed lh\u016fty<\/a><\/p>\n<p>Chcete-li se dozv\u011bd\u011bt o odhadovan\u00fdch n\u00e1kladech na dopravu a omezen\u00edch doru\u010den\u00ed, pod\u00edvejte se sem:<\/p>\n<p><a href=\"https:\/\/antcube.shop\/shipping-costs-delivery-restrictions\/\">N\u00e1klady na dopravu\/omezen\u00ed dod\u00e1n\u00ed<\/a><\/p>\n\n\t\t<\/div>\n\t<\/div>\n\t\n\t<div id=\"accordion-2263749391\" class=\"accordion-item\">\n\t\t<a id=\"accordion-2263749391-label\" class=\"accordion-title plain\" href=\"#accordion-item-you-have-questions-about-returns-or-refunds?\" aria-expanded=\"false\" aria-controls=\"accordion-2263749391-content\">\n\t\t\t<button class=\"toggle\" aria-label=\"P\u0159epnout\"><i class=\"icon-angle-down\" aria-hidden=\"true\"><\/i><\/button>\n\t\t\t<span>M\u00e1te dotazy ohledn\u011b vr\u00e1cen\u00ed zbo\u017e\u00ed nebo vr\u00e1cen\u00ed pen\u011bz?<\/span>\n\t\t<\/a>\n\t\t<div id=\"accordion-2263749391-content\" class=\"accordion-inner\" aria-labelledby=\"accordion-2263749391-label\">\n\t\t\t\n\n<p><a href=\"https:\/\/antcube.shop\/refund-policy\/\">Z\u00e1sady vracen\u00ed pen\u011bz<\/a><\/p>\n<p><a href=\"https:\/\/antcube.shop\/terms-and-conditions\/\">Podm\u00ednky a pravidla<\/a><\/p>\n\n\t\t<\/div>\n\t<\/div>\n\t\n\t<div id=\"accordion-1525443250\" class=\"accordion-item\">\n\t\t<a id=\"accordion-1525443250-label\" class=\"accordion-title plain\" href=\"#accordion-item-which-payment-methods-are-accepted-in-the-online-shop?\" aria-expanded=\"false\" aria-controls=\"accordion-1525443250-content\">\n\t\t\t<button class=\"toggle\" aria-label=\"P\u0159epnout\"><i class=\"icon-angle-down\" aria-hidden=\"true\"><\/i><\/button>\n\t\t\t<span>Jak\u00e9 platebn\u00ed metody jsou v internetov\u00e9m obchod\u011b akceptov\u00e1ny?<\/span>\n\t\t<\/a>\n\t\t<div id=\"accordion-1525443250-content\" class=\"accordion-inner\" aria-labelledby=\"accordion-1525443250-label\">\n\t\t\t\n\n<p>P\u0159ehled na\u0161ich p\u0159ij\u00edman\u00fdch platebn\u00edch metod najdete zde:<\/p>\n<p><a href=\"https:\/\/antcube.shop\/payment-methods\/\">Platebn\u00ed metody<\/a><\/p>\n\n\t\t<\/div>\n\t<\/div>\n\t\n\t<div id=\"accordion-4217074491\" class=\"accordion-item\">\n\t\t<a id=\"accordion-4217074491-label\" class=\"accordion-title plain\" href=\"#accordion-item-you-are-looking-for-user-manuals-for-your-starter-set?\" aria-expanded=\"false\" aria-controls=\"accordion-4217074491-content\">\n\t\t\t<button class=\"toggle\" aria-label=\"P\u0159epnout\"><i class=\"icon-angle-down\" aria-hidden=\"true\"><\/i><\/button>\n\t\t\t<span>Hled\u00e1te u\u017eivatelsk\u00e9 p\u0159\u00edru\u010dky ke startovac\u00ed sad\u011b?<\/span>\n\t\t<\/a>\n\t\t<div id=\"accordion-4217074491-content\" class=\"accordion-inner\" aria-labelledby=\"accordion-4217074491-label\">\n\t\t\t\n\n<p>Zde najdete u\u017eivatelsk\u00e9 p\u0159\u00edru\u010dky PDF k tisku nebo ke sta\u017een\u00ed:<\/p>\n<p><a href=\"https:\/\/antcube.shop\/download\/\">St\u00e1hnout<\/a><\/p>\n\n\t\t<\/div>\n\t<\/div>\n\t\n\t<div id=\"accordion-310527327\" class=\"accordion-item\">\n\t\t<a id=\"accordion-310527327-label\" class=\"accordion-title plain\" href=\"#accordion-item-you-need-more-information-about-certain-ant-species-or-ant-keeping-in-general?\" aria-expanded=\"false\" aria-controls=\"accordion-310527327-content\">\n\t\t\t<button class=\"toggle\" aria-label=\"P\u0159epnout\"><i class=\"icon-angle-down\" aria-hidden=\"true\"><\/i><\/button>\n\t\t\t<span>Pot\u0159ebujete v\u00edce informac\u00ed o n\u011bkter\u00fdch druz\u00edch mravenc\u016f nebo o chovu mravenc\u016f obecn\u011b?<\/span>\n\t\t<\/a>\n\t\t<div id=\"accordion-310527327-content\" class=\"accordion-inner\" aria-labelledby=\"accordion-310527327-label\">\n\t\t\t\n\n<p>\u010casto kladen\u00e9 ot\u00e1zky o mravenc\u00edch a jejich chovu najdete zde:<\/p>\n<p><a href=\"https:\/\/antcube.shop\/faq-ants\/\">\u010casto kladen\u00e9 dotazy k mravenc\u016fm<\/a><\/p>\n<p><a href=\"https:\/\/antcube.shop\/catching-queen-ants\/\">Jak chytit mraven\u010d\u00ed kr\u00e1lovnu<\/a><\/p>\n<p><a href=\"https:\/\/antcube.shop\/ant-species\/\">Dal\u0161\u00ed informace o mravenc\u00edch<\/a><\/p>\n<p><a href=\"https:\/\/antcube.shop\/social-media\/\">Pod\u00edvejte se na na\u0161e kan\u00e1ly YouTube, kde najdete u\u017eite\u010dn\u00e9 tipy a informace.<\/a><\/p>\n\n\t\t<\/div>\n\t<\/div>\n\t\n\t<div id=\"accordion-1906409907\" class=\"accordion-item\">\n\t\t<a id=\"accordion-1906409907-label\" class=\"accordion-title plain\" href=\"#accordion-item-you-have-questions-about-our-products?\" aria-expanded=\"false\" aria-controls=\"accordion-1906409907-content\">\n\t\t\t<button class=\"toggle\" aria-label=\"P\u0159epnout\"><i class=\"icon-angle-down\" aria-hidden=\"true\"><\/i><\/button>\n\t\t\t<span>M\u00e1te dotazy k na\u0161im produkt\u016fm?<\/span>\n\t\t<\/a>\n\t\t<div id=\"accordion-1906409907-content\" class=\"accordion-inner\" aria-labelledby=\"accordion-1906409907-label\">\n\t\t\t\n\n<p>M\u00e1te-li dotazy k na\u0161im produkt\u016fm, pod\u00edvejte se nejprve do popisu p\u0159\u00edslu\u0161n\u00e9ho produktu v na\u0161em obchod\u011b.<\/p>\n<p>Jinak najdete dal\u0161\u00ed informace zde:<\/p>\n<p><a href=\"https:\/\/antcube.shop\/product-information\/\">Informace o v\u00fdrobku<\/a><\/p>\n\n\t\t<\/div>\n\t<\/div>\n\t\n\n<\/div>\n\t<div id=\"gap-541771122\" class=\"gap-element clearfix\" style=\"display:block; height:auto;\">\n\t\t\n<style>\n#gap-541771122 {\n  padding-top: 60px;\n}\n<\/style>\n\t<\/div>\n\t\n\n\t<div class=\"img has-hover x md-x lg-x y md-y lg-y\" id=\"image_1513566137\">\n\t\t\t\t\t\t\t\t<div class=\"img-inner dark\" >\n\t\t\t<img data-recalc-dims=\"1\" loading=\"lazy\" decoding=\"async\" width=\"900\" height=\"900\" src=\"https:\/\/i0.wp.com\/antcube.shop\/wp-content\/uploads\/2021\/09\/Firmeneingang.jpg?resize=900%2C900&#038;ssl=1\" class=\"attachment-original size-original\" alt=\"Vstup do ANTSTORE\" srcset=\"https:\/\/i0.wp.com\/antcube.shop\/wp-content\/uploads\/2021\/09\/Firmeneingang.jpg?w=900&amp;ssl=1 900w, https:\/\/i0.wp.com\/antcube.shop\/wp-content\/uploads\/2021\/09\/Firmeneingang.jpg?resize=247%2C247&amp;ssl=1 247w, https:\/\/i0.wp.com\/antcube.shop\/wp-content\/uploads\/2021\/09\/Firmeneingang.jpg?resize=100%2C100&amp;ssl=1 100w, https:\/\/i0.wp.com\/antcube.shop\/wp-content\/uploads\/2021\/09\/Firmeneingang.jpg?resize=510%2C510&amp;ssl=1 510w, https:\/\/i0.wp.com\/antcube.shop\/wp-content\/uploads\/2021\/09\/Firmeneingang.jpg?resize=400%2C400&amp;ssl=1 400w, https:\/\/i0.wp.com\/antcube.shop\/wp-content\/uploads\/2021\/09\/Firmeneingang.jpg?resize=800%2C800&amp;ssl=1 800w, https:\/\/i0.wp.com\/antcube.shop\/wp-content\/uploads\/2021\/09\/Firmeneingang.jpg?resize=280%2C280&amp;ssl=1 280w, https:\/\/i0.wp.com\/antcube.shop\/wp-content\/uploads\/2021\/09\/Firmeneingang.jpg?resize=768%2C768&amp;ssl=1 768w\" sizes=\"auto, (max-width: 900px) 100vw, 900px\" \/>\t\t\t\t\t\t\n\t\t\t\t\t<\/div>\n\t\t\t\t\t\t\t\t\n<style>\n#image_1513566137 {\n  width: 100%;\n}\n<\/style>\n\t<\/div>\n\t\n\n\n\t\t<\/div>\n\t\t\t\t\t<\/div>\n\n\t\n\n\t<div id=\"col-506656599\" class=\"col medium-6 large-6\"  >\n\t\t\t\t<div class=\"col-inner\"  >\n\t\t\t\n\t\t\t\n\n<div class=\"container section-title-container\" ><h3 class=\"section-title section-title-normal\"><b aria-hidden=\"true\"><\/b><span class=\"section-title-main\" >Kontaktujte n\u00e1s<\/span><b aria-hidden=\"true\"><\/b><\/h3><\/div>\n\n<ul>\n<li><strong>E-mail<\/strong>: support@ants.de<\/li>\n<li><strong>Telefon<\/strong>: <a href=\"tel:+49 30 439703870\">+49 30 439703870<\/a><\/li>\n<\/ul>\n<p><strong>Pracovn\u00ed doba <\/strong>(UTC\/GMT +1):<\/p>\n<ul>\n<li>\u00dater\u00fd a\u017e p\u00e1tek od 10:00 do 12:00 a od 13:00 do 18:00 hodin.<\/li>\n<\/ul>\n\n<div class=\"container section-title-container\" ><h3 class=\"section-title section-title-normal\"><b aria-hidden=\"true\"><\/b><span class=\"section-title-main\" >Nav\u0161tivte n\u00e1\u0161 obchod<\/span><b aria-hidden=\"true\"><\/b><\/h3><\/div>\n\n<p><strong>Adresa:<\/strong><\/p>\n<ul>\n<li>Ulice: Selerweg 41<\/li>\n<li>Po\u0161tovn\u00ed sm\u011brovac\u00ed \u010d\u00edslo: D - 12169<\/li>\n<li>M\u011bsto: Berlin<\/li>\n<li>Zem\u011b: N\u011bmecko<\/li>\n<li>Okres: Steglitz-Zehlendorf<\/li>\n<\/ul>\n<p><strong>Otev\u00edrac\u00ed doba<\/strong> (UTC\/GMT +1)<\/p>\n<ul>\n<li>\u00dater\u00fd a\u017e p\u00e1tek 13:00 - 18:00 hod.<\/li>\n<\/ul>\n<p><iframe loading=\"lazy\" style=\"border: 0;\" src=\"https:\/\/www.google.com\/maps\/embed?pb=!1m18!1m12!1m3!1d2431.3708399886823!2d13.335121715997175!3d52.454311048847416!2m3!1f0!2f0!3f0!3m2!1i1024!2i768!4f13.1!3m3!1m2!1s0x47a85a9242e5bc07%3A0xc44ee1d5a0728440!2sANTSTORE!5e0!3m2!1sde!2sde!4v1632470583913!5m2!1sde!2sde\" width=\"600\" height=\"450\" allowfullscreen=\"allowfullscreen\"><\/iframe><\/p>\n\n\t\t<\/div>\n\t\t\t\t\t<\/div>\n\n\t\n\n<\/div>","protected":false},"excerpt":{"rendered":"","protected":false},"author":1,"featured_media":27,"parent":0,"menu_order":0,"comment_status":"closed","ping_status":"closed","template":"page-blank.php","meta":{"_acf_changed":false,"content-type":"","_monsterinsights_skip_tracking":false,"_monsterinsights_sitenote_active":false,"_monsterinsights_sitenote_note":"","_monsterinsights_sitenote_category":0,"footnotes":""},"class_list":["post-102","page","type-page","status-publish","has-post-thumbnail","hentry"],"acf":[],"aioseo_notices":[],"jetpack_sharing_enabled":true,"_links":{"self":[{"href":"https:\/\/antcube.shop\/cs\/wp-json\/wp\/v2\/pages\/102","targetHints":{"allow":["GET"]}}],"collection":[{"href":"https:\/\/antcube.shop\/cs\/wp-json\/wp\/v2\/pages"}],"about":[{"href":"https:\/\/antcube.shop\/cs\/wp-json\/wp\/v2\/types\/page"}],"author":[{"embeddable":true,"href":"https:\/\/antcube.shop\/cs\/wp-json\/wp\/v2\/users\/1"}],"replies":[{"embeddable":true,"href":"https:\/\/antcube.shop\/cs\/wp-json\/wp\/v2\/comments?post=102"}],"version-history":[{"count":10,"href":"https:\/\/antcube.shop\/cs\/wp-json\/wp\/v2\/pages\/102\/revisions"}],"predecessor-version":[{"id":13417,"href":"https:\/\/antcube.shop\/cs\/wp-json\/wp\/v2\/pages\/102\/revisions\/13417"}],"wp:featuredmedia":[{"embeddable":true,"href":"https:\/\/antcube.shop\/cs\/wp-json\/wp\/v2\/media\/27"}],"wp:attachment":[{"href":"https:\/\/antcube.shop\/cs\/wp-json\/wp\/v2\/media?parent=102"}],"curies":[{"name":"wp","href":"https:\/\/api.w.org\/{rel}","templated":true}]}}